{"id":42373,"date":"2026-04-02T21:57:21","date_gmt":"2026-04-02T18:57:21","guid":{"rendered":"http:\/\/new.ceasuri.md\/shop\/uncategorized\/festina-titanium-f20471-2\/"},"modified":"2026-04-20T00:21:23","modified_gmt":"2026-04-19T21:21:23","slug":"festina-titanium-f20471-2","status":"publish","type":"product","link":"https:\/\/ceasuri.md\/ru\/shop\/branduri\/festina\/festina-titanium-f20471-2\/","title":{"rendered":"\u0427\u0430\u0441\u044b FESTINA TITANIUM F20471\/2"},"content":{"rendered":"<p>Ceasul Festina pentru b\u0103rba\u021bi este o adev\u0103rat\u0103 oper\u0103 de art\u0103. Cu carcasa sa din titan \u0219i cristalul mineral, acest ceas este o mostr\u0103 de cea mai \u00eenalt\u0103 calitate \u0219i sofisticare. \u00cen plus, este echipat cu o curea din piele care \u00eei confer\u0103 o not\u0103 de elegan\u021b\u0103 \u0219i distinc\u021bie.<\/p>\n<p>Ceasurile Festina sunt recunoscute pentru a fi combina\u021bia perfect\u0103 de elegan\u021b\u0103 \u0219i func\u021bionalitate. Fiecare dintre modelele lor este o dovad\u0103 a inova\u021biei tehnologice constante \u0219i a aten\u021biei meticuloase la detalii. \u00cen plus, Festina ofer\u0103 un raport excelent calitate-pre\u021b, ceea ce \u00eel face o alegere ideal\u0103 pentru cei care caut\u0103 un ceas de \u00eenalt\u0103 calitate la un pre\u021b accesibil.<\/p>\n<p>Pe scurt, ceasul Festina este o alegere perfect\u0103 pentru cei care caut\u0103 un ceas elegant, sofisticat \u0219i de \u00eenalt\u0103 calitate.<\/p>","protected":false},"excerpt":{"rendered":"<p>Ceasul Festina pentru b\u0103rba\u021bi este o adev\u0103rat\u0103 oper\u0103 de art\u0103. Cu carcasa sa din titan \u0219i cristalul mineral, acest ceas este o mostr\u0103 de cea mai \u00eenalt\u0103 calitate \u0219i sofisticare. \u00cen plus, este echipat cu o curea din piele care \u00eei confer\u0103 o not\u0103 de elegan\u021b\u0103 \u0219i distinc\u021bie. Ceasurile Festina sunt recunoscute pentru a fi [&hellip;]<\/p>\n","protected":false},"featured_media":42374,"comment_status":"closed","ping_status":"open","template":"","meta":{"_acf_changed":false},"product_brand":[],"product_cat":[20,587],"product_tag":[],"class_list":{"0":"post-42373","1":"product","2":"type-product","3":"status-publish","4":"has-post-thumbnail","6":"product_cat-ceasuri-barbati","7":"product_cat-festina","8":"pa_brand-festina","9":"pa_braslet-piele","10":"pa_corpus-41-mm","11":"pa_forma-rotund","12":"pa_funcii-data","13":"pa_garatia-24-luni","14":"pa_korpus-argintiu","15":"pa_kvarc-quartz","16":"pa_material-titan","17":"pa_mehanizm-quartz","18":"pa_remeshok-maro","19":"pa_steklo-cristal-mineral","20":"pa_strana-spania","21":"pa_voda-5-atm","23":"first","24":"instock","25":"purchasable","26":"product-type-simple"},"acf":[],"_links":{"self":[{"href":"https:\/\/ceasuri.md\/ru\/wp-json\/wp\/v2\/product\/42373","targetHints":{"allow":["GET"]}}],"collection":[{"href":"https:\/\/ceasuri.md\/ru\/wp-json\/wp\/v2\/product"}],"about":[{"href":"https:\/\/ceasuri.md\/ru\/wp-json\/wp\/v2\/types\/product"}],"replies":[{"embeddable":true,"href":"https:\/\/ceasuri.md\/ru\/wp-json\/wp\/v2\/comments?post=42373"}],"wp:featuredmedia":[{"embeddable":true,"href":"https:\/\/ceasuri.md\/ru\/wp-json\/wp\/v2\/media\/42374"}],"wp:attachment":[{"href":"https:\/\/ceasuri.md\/ru\/wp-json\/wp\/v2\/media?parent=42373"}],"wp:term":[{"taxonomy":"product_brand","embeddable":true,"href":"https:\/\/ceasuri.md\/ru\/wp-json\/wp\/v2\/product_brand?post=42373"},{"taxonomy":"product_cat","embeddable":true,"href":"https:\/\/ceasuri.md\/ru\/wp-json\/wp\/v2\/product_cat?post=42373"},{"taxonomy":"product_tag","embeddable":true,"href":"https:\/\/ceasuri.md\/ru\/wp-json\/wp\/v2\/product_tag?post=42373"}],"curies":[{"name":"wp","href":"https:\/\/api.w.org\/{rel}","templated":true}]}}