{"id":42369,"date":"2021-11-30T21:55:00","date_gmt":"2021-11-30T19:55:00","guid":{"rendered":"http:\/\/new.ceasuri.md\/shop\/uncategorized\/festina-chronograph-f20401-4\/"},"modified":"2026-05-01T16:36:28","modified_gmt":"2026-05-01T13:36:28","slug":"festina-chronograph-f20401-4","status":"publish","type":"product","link":"https:\/\/ceasuri.md\/ru\/shop\/branduri\/festina\/festina-chronograph-f20401-4\/","title":{"rendered":"\u0427\u0430\u0441\u044b FESTINA CHRONOGRAPH F20401\/4"},"content":{"rendered":"<p>Ceasul Festina pentru femei este o adev\u0103rat\u0103 bijuterie \u00een orologerie. Carcasa sa din o\u021bel, \u00eempodobit\u0103 cu cristale swarovski, \u0219i sticla sa mineral\u0103 de \u00eenalt\u0103 calitate \u00eel fac o pies\u0103 unic\u0103 \u0219i exclusivist\u0103. \u00cen plus, curea sa din o\u021bel adaug\u0103 o not\u0103 de sofisticare \u0219i elegan\u021b\u0103 care \u00eel face perfect pentru orice ocazie.<\/p>\n<p>Ceasurile Festina sunt recunoscute pentru excelen\u021ba lor \u00een design \u0219i func\u021bionalitate. Fiecare model este o oper\u0103 de art\u0103 care combin\u0103 cea mai \u00eenalt\u0103 tehnologie cu un stil distins \u0219i elegant. Marca s-a remarcat prin inova\u021bia constant\u0103 \u0219i angajamentul fa\u021b\u0103 de calitate, care se reflect\u0103 \u00een raportul excelent calitate-pre\u021b al produselor sale.<\/p>\n<p>Pe scurt, ceasul Festina este o alegere perfect\u0103 pentru femeile care caut\u0103 un accesoriu luxos \u0219i elegant care s\u0103 le \u00eenso\u021beasc\u0103 \u00een via\u021ba de zi cu zi.<\/p>","protected":false},"excerpt":{"rendered":"<p>Ceasul Festina pentru femei este o adev\u0103rat\u0103 bijuterie \u00een orologerie. Carcasa sa din o\u021bel, \u00eempodobit\u0103 cu cristale swarovski, \u0219i sticla sa mineral\u0103 de \u00eenalt\u0103 calitate \u00eel fac o pies\u0103 unic\u0103 \u0219i exclusivist\u0103. \u00cen plus, curea sa din o\u021bel adaug\u0103 o not\u0103 de sofisticare \u0219i elegan\u021b\u0103 care \u00eel face perfect pentru orice ocazie. Ceasurile Festina sunt [&hellip;]<\/p>\n","protected":false},"featured_media":42370,"comment_status":"closed","ping_status":"open","template":"","meta":{"_acf_changed":false},"product_brand":[],"product_cat":[25,587],"product_tag":[],"class_list":{"0":"post-42369","1":"product","2":"type-product","3":"status-publish","4":"has-post-thumbnail","6":"product_cat-ceasuri-dama","7":"product_cat-festina","8":"pa_brand-festina","9":"pa_braslet-otel-inoxidabil","10":"pa_corpus-36-mm","11":"pa_decor-cristale-swarowski","12":"pa_forma-rotund","13":"pa_funcii-cronograf","14":"pa_garatia-24-luni","15":"pa_korpus-argintiu","16":"pa_kvarc-quartz","17":"pa_material-otel-inoxidabil","18":"pa_mehanizm-quartz","19":"pa_remeshok-argintiu","20":"pa_steklo-cristal-mineral","21":"pa_strana-spania","22":"pa_voda-5-atm","24":"first","25":"instock","26":"purchasable","27":"product-type-simple"},"acf":[],"_links":{"self":[{"href":"https:\/\/ceasuri.md\/ru\/wp-json\/wp\/v2\/product\/42369","targetHints":{"allow":["GET"]}}],"collection":[{"href":"https:\/\/ceasuri.md\/ru\/wp-json\/wp\/v2\/product"}],"about":[{"href":"https:\/\/ceasuri.md\/ru\/wp-json\/wp\/v2\/types\/product"}],"replies":[{"embeddable":true,"href":"https:\/\/ceasuri.md\/ru\/wp-json\/wp\/v2\/comments?post=42369"}],"wp:featuredmedia":[{"embeddable":true,"href":"https:\/\/ceasuri.md\/ru\/wp-json\/wp\/v2\/media\/42370"}],"wp:attachment":[{"href":"https:\/\/ceasuri.md\/ru\/wp-json\/wp\/v2\/media?parent=42369"}],"wp:term":[{"taxonomy":"product_brand","embeddable":true,"href":"https:\/\/ceasuri.md\/ru\/wp-json\/wp\/v2\/product_brand?post=42369"},{"taxonomy":"product_cat","embeddable":true,"href":"https:\/\/ceasuri.md\/ru\/wp-json\/wp\/v2\/product_cat?post=42369"},{"taxonomy":"product_tag","embeddable":true,"href":"https:\/\/ceasuri.md\/ru\/wp-json\/wp\/v2\/product_tag?post=42369"}],"curies":[{"name":"wp","href":"https:\/\/api.w.org\/{rel}","templated":true}]}}