{"id":42319,"date":"2026-04-02T21:56:28","date_gmt":"2026-04-02T18:56:28","guid":{"rendered":"http:\/\/new.ceasuri.md\/shop\/uncategorized\/festina-multifunction-f20279-a\/"},"modified":"2026-04-20T00:20:49","modified_gmt":"2026-04-19T21:20:49","slug":"festina-multifunction-f20279-a","status":"publish","type":"product","link":"https:\/\/ceasuri.md\/ru\/shop\/branduri\/festina\/festina-multifunction-f20279-a\/","title":{"rendered":"\u0427\u0430\u0441\u044b FESTINA MULTIFUNCTION F20279\/A"},"content":{"rendered":"<p>Ceasul Festina pentru b\u0103rba\u021bi este o adev\u0103rat\u0103 oper\u0103 de art\u0103. Cu carcasa sa din o\u021bel, echipat\u0103 cu o curea din piele de \u00eenalt\u0103 calitate, acest ceas este o demonstra\u021bie de excelen\u021b\u0103 \u00een orologerie.<\/p>\n<p>Ceasurile Festina sunt combina\u021bia perfect\u0103 de elegan\u021b\u0103 \u0219i func\u021bionalitate. Fiecare dintre modelele lor este distins \u0219i unic, iar inova\u021bia tehnologic\u0103 constant\u0103 \u00eei face un brand de top pe pia\u021b\u0103.<\/p>\n<p>\u00cen plus, raportul lor calitate-pre\u021b este excelent, ceea ce le face o alegere ideal\u0103 pentru cei care caut\u0103 un ceas de \u00eenalt\u0103 calitate la un pre\u021b accesibil. Pe scurt, ceasul Festina este o alegere perfect\u0103 pentru cei care caut\u0103 un ceas elegant \u0219i func\u021bional care s\u0103 \u00eei \u00eenso\u021beasc\u0103 \u00een toate aventurile lor.<\/p>","protected":false},"excerpt":{"rendered":"<p>Ceasul Festina pentru b\u0103rba\u021bi este o adev\u0103rat\u0103 oper\u0103 de art\u0103. Cu carcasa sa din o\u021bel, echipat\u0103 cu o curea din piele de \u00eenalt\u0103 calitate, acest ceas este o demonstra\u021bie de excelen\u021b\u0103 \u00een orologerie. Ceasurile Festina sunt combina\u021bia perfect\u0103 de elegan\u021b\u0103 \u0219i func\u021bionalitate. Fiecare dintre modelele lor este distins \u0219i unic, iar inova\u021bia tehnologic\u0103 constant\u0103 \u00eei [&hellip;]<\/p>\n","protected":false},"featured_media":42320,"comment_status":"closed","ping_status":"open","template":"","meta":{"_acf_changed":false},"product_brand":[],"product_cat":[20,587],"product_tag":[],"class_list":{"0":"post-42319","1":"product","2":"type-product","3":"status-publish","4":"has-post-thumbnail","6":"product_cat-ceasuri-barbati","7":"product_cat-festina","8":"pa_brand-festina","9":"pa_braslet-piele","10":"pa_corpus-41-mm","11":"pa_forma-rotund","12":"pa_funcii-data","13":"pa_funcii-ziua-saptamanii","14":"pa_garatia-24-luni","15":"pa_korpus-auriu","16":"pa_kvarc-quartz","17":"pa_material-otel-inoxidabil","18":"pa_mehanizm-quartz","19":"pa_remeshok-maro","20":"pa_steklo-cristal-mineral","21":"pa_strana-spania","22":"pa_voda-3-atm","24":"first","25":"instock","26":"purchasable","27":"product-type-simple"},"acf":[],"_links":{"self":[{"href":"https:\/\/ceasuri.md\/ru\/wp-json\/wp\/v2\/product\/42319","targetHints":{"allow":["GET"]}}],"collection":[{"href":"https:\/\/ceasuri.md\/ru\/wp-json\/wp\/v2\/product"}],"about":[{"href":"https:\/\/ceasuri.md\/ru\/wp-json\/wp\/v2\/types\/product"}],"replies":[{"embeddable":true,"href":"https:\/\/ceasuri.md\/ru\/wp-json\/wp\/v2\/comments?post=42319"}],"wp:featuredmedia":[{"embeddable":true,"href":"https:\/\/ceasuri.md\/ru\/wp-json\/wp\/v2\/media\/42320"}],"wp:attachment":[{"href":"https:\/\/ceasuri.md\/ru\/wp-json\/wp\/v2\/media?parent=42319"}],"wp:term":[{"taxonomy":"product_brand","embeddable":true,"href":"https:\/\/ceasuri.md\/ru\/wp-json\/wp\/v2\/product_brand?post=42319"},{"taxonomy":"product_cat","embeddable":true,"href":"https:\/\/ceasuri.md\/ru\/wp-json\/wp\/v2\/product_cat?post=42319"},{"taxonomy":"product_tag","embeddable":true,"href":"https:\/\/ceasuri.md\/ru\/wp-json\/wp\/v2\/product_tag?post=42319"}],"curies":[{"name":"wp","href":"https:\/\/api.w.org\/{rel}","templated":true}]}}