{"id":42316,"date":"2026-04-02T21:56:28","date_gmt":"2026-04-02T18:56:28","guid":{"rendered":"http:\/\/new.ceasuri.md\/shop\/uncategorized\/festina-silver-classics-f16476-3\/"},"modified":"2026-04-20T00:20:28","modified_gmt":"2026-04-19T21:20:28","slug":"festina-silver-classics-f16476-3","status":"publish","type":"product","link":"https:\/\/ceasuri.md\/ru\/shop\/branduri\/festina\/festina-silver-classics-f16476-3\/","title":{"rendered":"\u0427\u0430\u0441\u044b FESTINA SILVER CLASSICS F16476\/3"},"content":{"rendered":"<p>Ceasul pentru b\u0103rba\u021bi Festina este o adev\u0103rat\u0103 oper\u0103 de art\u0103. Cu carcasa sa din o\u021bel \u0219i sticla mineral\u0103, acest ceas este o dovad\u0103 a excelen\u021bei \u00een orologerie. \u00cen plus, este echipat cu o curea din piele care adaug\u0103 o not\u0103 de sofisticare \u0219i elegan\u021b\u0103.<\/p>\n<p>Ceasurile Festina sunt recunoscute pentru a fi combina\u021bia perfect\u0103 de elegan\u021b\u0103 \u0219i func\u021bionalitate. Fiecare dintre modelele lor este distins \u0219i unic, ceea ce le face o alegere ideal\u0103 pentru cei care caut\u0103 un ceas care s\u0103 le reflecte personalitatea.<\/p>\n<p>n plus, Festina se remarc\u0103 prin inova\u021bia tehnologic\u0103 constant\u0103, asigur\u00e2ndu-se c\u0103 ceasurile sale sunt precise \u0219i fiabile. \u00cen cele din urm\u0103, raportul lor calitate-pre\u021b este excelent, f\u0103c\u00e2ndu-le o op\u021biune accesibil\u0103 pentru cei care caut\u0103 un ceas de \u00eenalt\u0103 calitate.<\/p>\n<p>Pe scurt, ceasul Festina este o alegere perfect\u0103 pentru cei care caut\u0103 un ceas elegant, func\u021bional \u0219i de \u00eenalt\u0103 calitate.<\/p>","protected":false},"excerpt":{"rendered":"<p>Ceasul pentru b\u0103rba\u021bi Festina este o adev\u0103rat\u0103 oper\u0103 de art\u0103. Cu carcasa sa din o\u021bel \u0219i sticla mineral\u0103, acest ceas este o dovad\u0103 a excelen\u021bei \u00een orologerie. \u00cen plus, este echipat cu o curea din piele care adaug\u0103 o not\u0103 de sofisticare \u0219i elegan\u021b\u0103. Ceasurile Festina sunt recunoscute pentru a fi combina\u021bia perfect\u0103 de elegan\u021b\u0103 [&hellip;]<\/p>\n","protected":false},"featured_media":42317,"comment_status":"closed","ping_status":"open","template":"","meta":{"_acf_changed":false},"product_brand":[],"product_cat":[20,587],"product_tag":[],"class_list":{"0":"post-42316","1":"product","2":"type-product","3":"status-publish","4":"has-post-thumbnail","6":"product_cat-ceasuri-barbati","7":"product_cat-festina","8":"pa_brand-festina","9":"pa_braslet-piele","10":"pa_corpus-40-mm","11":"pa_forma-rotund","12":"pa_funcii-data","13":"pa_garatia-24-luni","14":"pa_korpus-argintiu","15":"pa_kvarc-quartz","16":"pa_material-otel-inoxidabil","17":"pa_mehanizm-quartz","18":"pa_remeshok-negru","19":"pa_steklo-cristal-mineral","20":"pa_strana-spania","21":"pa_voda-3-atm","23":"first","24":"instock","25":"purchasable","26":"product-type-simple"},"acf":[],"_links":{"self":[{"href":"https:\/\/ceasuri.md\/ru\/wp-json\/wp\/v2\/product\/42316","targetHints":{"allow":["GET"]}}],"collection":[{"href":"https:\/\/ceasuri.md\/ru\/wp-json\/wp\/v2\/product"}],"about":[{"href":"https:\/\/ceasuri.md\/ru\/wp-json\/wp\/v2\/types\/product"}],"replies":[{"embeddable":true,"href":"https:\/\/ceasuri.md\/ru\/wp-json\/wp\/v2\/comments?post=42316"}],"wp:featuredmedia":[{"embeddable":true,"href":"https:\/\/ceasuri.md\/ru\/wp-json\/wp\/v2\/media\/42317"}],"wp:attachment":[{"href":"https:\/\/ceasuri.md\/ru\/wp-json\/wp\/v2\/media?parent=42316"}],"wp:term":[{"taxonomy":"product_brand","embeddable":true,"href":"https:\/\/ceasuri.md\/ru\/wp-json\/wp\/v2\/product_brand?post=42316"},{"taxonomy":"product_cat","embeddable":true,"href":"https:\/\/ceasuri.md\/ru\/wp-json\/wp\/v2\/product_cat?post=42316"},{"taxonomy":"product_tag","embeddable":true,"href":"https:\/\/ceasuri.md\/ru\/wp-json\/wp\/v2\/product_tag?post=42316"}],"curies":[{"name":"wp","href":"https:\/\/api.w.org\/{rel}","templated":true}]}}