{"id":42283,"date":"2026-04-02T21:55:40","date_gmt":"2026-04-02T18:55:40","guid":{"rendered":"http:\/\/new.ceasuri.md\/shop\/uncategorized\/casio-g-shock-gm-5600sg-9\/"},"modified":"2026-04-07T04:04:05","modified_gmt":"2026-04-07T01:04:05","slug":"casio-g-shock-gm-5600sg-9","status":"publish","type":"product","link":"https:\/\/ceasuri.md\/ru\/shop\/branduri\/casio\/casio-g-shock-gm-5600sg-9\/","title":{"rendered":"Ceas CASIO G-SHOCK GM-5600SG-9"},"content":{"rendered":"<p>De la G-SHOCK, ceasurile care evolueaz\u0103 mereu \u00een c\u0103utarea durit\u0103\u021bii, aceast\u0103 serie din linia rigid\u0103 \u0219i la mod\u0103 Metal Covered are bezeluri din o\u021bel inoxidabil concepute cu un lingou de aur ca motiv.<\/p>\n<p>\u00cen timp ce modelul de baz\u0103 p\u0103streaz\u0103 conceptele mo\u0219tenite de la prima genera\u021bie, un GM-5600 rafinat a fost folosit pentru a urm\u0103ri calitatea ceasului \u0219i a evolua exteriorul \u0219i purtabilitatea.<\/p>\n<p>Banda este realizat\u0103 din r\u0103\u0219in\u0103 transparent\u0103 pentru a completa ceasul de aur, rezult\u00e2nd un design sofisticat \u0219i la mod\u0103.<\/p>","protected":false},"excerpt":{"rendered":"<p>De la G-SHOCK, ceasurile care evolueaz\u0103 mereu \u00een c\u0103utarea durit\u0103\u021bii, aceast\u0103 serie din linia rigid\u0103 \u0219i la mod\u0103 Metal Covered are bezeluri din o\u021bel inoxidabil concepute cu un lingou de aur ca motiv. \u00cen timp ce modelul de baz\u0103 p\u0103streaz\u0103 conceptele mo\u0219tenite de la prima genera\u021bie, un GM-5600 rafinat a fost folosit pentru a urm\u0103ri [&hellip;]<\/p>\n","protected":false},"featured_media":42284,"comment_status":"closed","ping_status":"open","template":"","meta":{"_acf_changed":false},"product_brand":[],"product_cat":[27,20,419],"product_tag":[],"class_list":{"0":"post-42283","1":"product","2":"type-product","3":"status-publish","4":"has-post-thumbnail","6":"product_cat-casio","7":"product_cat-ceasuri-barbati","8":"product_cat-g-shock","9":"pa_brand-casio","10":"pa_brand-g-shock","11":"pa_braslet-plastic","12":"pa_corpus-43x49mm","13":"pa_forma-octogonala","14":"pa_funcii-alarma","15":"pa_funcii-calendar","16":"pa_funcii-cronometru","17":"pa_funcii-iluminare","18":"pa_garatia-24-luni","19":"pa_korpus-auriu","20":"pa_material-otel-inoxidabil","21":"pa_material-plastic","22":"pa_mehanizm-quartz","23":"pa_remeshok-transparent","24":"pa_steklo-cristal-mineral","25":"pa_strana-japonia","26":"pa_voda-20-atm","28":"first","29":"instock","30":"purchasable","31":"product-type-simple"},"acf":[],"_links":{"self":[{"href":"https:\/\/ceasuri.md\/ru\/wp-json\/wp\/v2\/product\/42283","targetHints":{"allow":["GET"]}}],"collection":[{"href":"https:\/\/ceasuri.md\/ru\/wp-json\/wp\/v2\/product"}],"about":[{"href":"https:\/\/ceasuri.md\/ru\/wp-json\/wp\/v2\/types\/product"}],"replies":[{"embeddable":true,"href":"https:\/\/ceasuri.md\/ru\/wp-json\/wp\/v2\/comments?post=42283"}],"wp:featuredmedia":[{"embeddable":true,"href":"https:\/\/ceasuri.md\/ru\/wp-json\/wp\/v2\/media\/42284"}],"wp:attachment":[{"href":"https:\/\/ceasuri.md\/ru\/wp-json\/wp\/v2\/media?parent=42283"}],"wp:term":[{"taxonomy":"product_brand","embeddable":true,"href":"https:\/\/ceasuri.md\/ru\/wp-json\/wp\/v2\/product_brand?post=42283"},{"taxonomy":"product_cat","embeddable":true,"href":"https:\/\/ceasuri.md\/ru\/wp-json\/wp\/v2\/product_cat?post=42283"},{"taxonomy":"product_tag","embeddable":true,"href":"https:\/\/ceasuri.md\/ru\/wp-json\/wp\/v2\/product_tag?post=42283"}],"curies":[{"name":"wp","href":"https:\/\/api.w.org\/{rel}","templated":true}]}}