{"id":42279,"date":"2026-04-02T21:55:40","date_gmt":"2026-04-02T18:55:40","guid":{"rendered":"http:\/\/new.ceasuri.md\/shop\/uncategorized\/casio-g-shock-ga-2100ske-7aer\/"},"modified":"2026-04-23T13:42:08","modified_gmt":"2026-04-23T10:42:08","slug":"casio-g-shock-ga-2100ske-7aer","status":"publish","type":"product","link":"https:\/\/ceasuri.md\/ru\/shop\/branduri\/casio\/casio-g-shock-ga-2100ske-7aer\/","title":{"rendered":"Ceas CASIO G-SHOCK GA-2100SKE-7AER"},"content":{"rendered":"<p>De la G-SHOCK, ceasurile de rezisten\u021b\u0103 care evolueaz\u0103 mereu \u00eentr-o c\u0103utare nesf\u00e2r\u0219it\u0103 a for\u021bei, modelele din seria skeleton sunt realizate din piese din r\u0103\u0219in\u0103 translucid\u0103.<\/p>\n<p>Culoarea este transparent\u0103, cu o baz\u0103 alb\u0103.<\/p>\n<p>Bazat pe popularul GA-2100, cu structura de protec\u021bie cu miez de carbon \u0219i luneta octogonal\u0103, acest model din seria skeleton are o coloristic\u0103 \u0219ic, ceea ce \u00eel face potrivit ca obiect de mod\u0103.<\/p>","protected":false},"excerpt":{"rendered":"<p>De la G-SHOCK, ceasurile de rezisten\u021b\u0103 care evolueaz\u0103 mereu \u00eentr-o c\u0103utare nesf\u00e2r\u0219it\u0103 a for\u021bei, modelele din seria skeleton sunt realizate din piese din r\u0103\u0219in\u0103 translucid\u0103. Culoarea este transparent\u0103, cu o baz\u0103 alb\u0103. Bazat pe popularul GA-2100, cu structura de protec\u021bie cu miez de carbon \u0219i luneta octogonal\u0103, acest model din seria skeleton are o coloristic\u0103 [&hellip;]<\/p>\n","protected":false},"featured_media":42280,"comment_status":"closed","ping_status":"open","template":"","meta":{"_acf_changed":false},"product_brand":[],"product_cat":[27,20,25,419],"product_tag":[693,695],"class_list":{"0":"post-42279","1":"product","2":"type-product","3":"status-publish","4":"has-post-thumbnail","6":"product_cat-casio","7":"product_cat-ceasuri-barbati","8":"product_cat-ceasuri-dama","9":"product_cat-g-shock","10":"product_tag-693","11":"product_tag-695","12":"pa_brand-casio","13":"pa_brand-g-shock","14":"pa_braslet-plastic","15":"pa_corpus-45x49mm","16":"pa_forma-octogonala","17":"pa_funcii-alarma","18":"pa_funcii-calendar","19":"pa_funcii-cronometru","20":"pa_funcii-iluminare","21":"pa_funcii-timp-mondial","22":"pa_funcii-ziua-saptamanii","23":"pa_garatia-24-luni","24":"pa_korpus-transparent","25":"pa_kvarc-quartz","26":"pa_material-carbon","27":"pa_material-plastic","28":"pa_mehanizm-quartz","29":"pa_remeshok-transparent","30":"pa_steklo-cristal-mineral","31":"pa_strana-japonia","32":"pa_voda-20-atm","34":"first","35":"instock","36":"purchasable","37":"product-type-simple"},"acf":[],"_links":{"self":[{"href":"https:\/\/ceasuri.md\/ru\/wp-json\/wp\/v2\/product\/42279","targetHints":{"allow":["GET"]}}],"collection":[{"href":"https:\/\/ceasuri.md\/ru\/wp-json\/wp\/v2\/product"}],"about":[{"href":"https:\/\/ceasuri.md\/ru\/wp-json\/wp\/v2\/types\/product"}],"replies":[{"embeddable":true,"href":"https:\/\/ceasuri.md\/ru\/wp-json\/wp\/v2\/comments?post=42279"}],"wp:featuredmedia":[{"embeddable":true,"href":"https:\/\/ceasuri.md\/ru\/wp-json\/wp\/v2\/media\/42280"}],"wp:attachment":[{"href":"https:\/\/ceasuri.md\/ru\/wp-json\/wp\/v2\/media?parent=42279"}],"wp:term":[{"taxonomy":"product_brand","embeddable":true,"href":"https:\/\/ceasuri.md\/ru\/wp-json\/wp\/v2\/product_brand?post=42279"},{"taxonomy":"product_cat","embeddable":true,"href":"https:\/\/ceasuri.md\/ru\/wp-json\/wp\/v2\/product_cat?post=42279"},{"taxonomy":"product_tag","embeddable":true,"href":"https:\/\/ceasuri.md\/ru\/wp-json\/wp\/v2\/product_tag?post=42279"}],"curies":[{"name":"wp","href":"https:\/\/api.w.org\/{rel}","templated":true}]}}