{"id":42219,"date":"2026-04-02T21:54:49","date_gmt":"2026-04-02T18:54:49","guid":{"rendered":"http:\/\/new.ceasuri.md\/shop\/uncategorized\/seiko-cs-dress-sur371p1\/"},"modified":"2026-04-20T00:50:38","modified_gmt":"2026-04-19T21:50:38","slug":"seiko-cs-dress-sur371p1","status":"publish","type":"product","link":"https:\/\/ceasuri.md\/ru\/shop\/branduri\/seiko\/seiko-cs-dress-sur371p1\/","title":{"rendered":"\u0427\u0430\u0441\u044b SEIKO CS DRESS SUR371P1"},"content":{"rendered":"<p>Un ceas cu carcas\u0103 din titan \u0219i mi\u0219care japonez\u0103 &#8211; alegerea celor care prefer\u0103 accesoriile practice.<\/p>\n<p>Ceas pentru b\u0103rba\u021bi. Fereastra de dat\u0103 la ora 3.Coroan\u0103 canelat\u0103.Br\u0103\u021bar\u0103 cu \u00eenchidere pliant\u0103.<\/p>","protected":false},"excerpt":{"rendered":"<p>Un ceas cu carcas\u0103 din titan \u0219i mi\u0219care japonez\u0103 &#8211; alegerea celor care prefer\u0103 accesoriile practice. Ceas pentru b\u0103rba\u021bi. Fereastra de dat\u0103 la ora 3.Coroan\u0103 canelat\u0103.Br\u0103\u021bar\u0103 cu \u00eenchidere pliant\u0103.<\/p>","protected":false},"featured_media":42220,"comment_status":"closed","ping_status":"open","template":"","meta":{"_acf_changed":false},"product_brand":[],"product_cat":[20,588],"product_tag":[],"class_list":{"0":"post-42219","1":"product","2":"type-product","3":"status-publish","4":"has-post-thumbnail","6":"product_cat-ceasuri-barbati","7":"product_cat-seiko","8":"pa_brand-seiko","9":"pa_braslet-titan","10":"pa_corpus-40-mm","11":"pa_forma-rotund","12":"pa_funcii-data","13":"pa_garatia-24-luni","14":"pa_korpus-argintiu","15":"pa_kvarc-quartz","16":"pa_material-titan","17":"pa_mehanizm-quartz","18":"pa_remeshok-argintiu","19":"pa_steklo-cristal-safir","20":"pa_strana-japonia","21":"pa_voda-10-atm","23":"first","24":"instock","25":"purchasable","26":"product-type-simple"},"acf":[],"_links":{"self":[{"href":"https:\/\/ceasuri.md\/ru\/wp-json\/wp\/v2\/product\/42219","targetHints":{"allow":["GET"]}}],"collection":[{"href":"https:\/\/ceasuri.md\/ru\/wp-json\/wp\/v2\/product"}],"about":[{"href":"https:\/\/ceasuri.md\/ru\/wp-json\/wp\/v2\/types\/product"}],"replies":[{"embeddable":true,"href":"https:\/\/ceasuri.md\/ru\/wp-json\/wp\/v2\/comments?post=42219"}],"wp:featuredmedia":[{"embeddable":true,"href":"https:\/\/ceasuri.md\/ru\/wp-json\/wp\/v2\/media\/42220"}],"wp:attachment":[{"href":"https:\/\/ceasuri.md\/ru\/wp-json\/wp\/v2\/media?parent=42219"}],"wp:term":[{"taxonomy":"product_brand","embeddable":true,"href":"https:\/\/ceasuri.md\/ru\/wp-json\/wp\/v2\/product_brand?post=42219"},{"taxonomy":"product_cat","embeddable":true,"href":"https:\/\/ceasuri.md\/ru\/wp-json\/wp\/v2\/product_cat?post=42219"},{"taxonomy":"product_tag","embeddable":true,"href":"https:\/\/ceasuri.md\/ru\/wp-json\/wp\/v2\/product_tag?post=42219"}],"curies":[{"name":"wp","href":"https:\/\/api.w.org\/{rel}","templated":true}]}}