{"id":42185,"date":"2026-04-02T21:54:49","date_gmt":"2026-04-02T18:54:49","guid":{"rendered":"http:\/\/new.ceasuri.md\/shop\/uncategorized\/seiko-cs-sports-titanium-ssb391p1\/"},"modified":"2026-04-20T00:49:20","modified_gmt":"2026-04-19T21:49:20","slug":"seiko-cs-sports-titanium-ssb391p1","status":"publish","type":"product","link":"https:\/\/ceasuri.md\/ru\/shop\/branduri\/seiko\/seiko-cs-sports-titanium-ssb391p1\/","title":{"rendered":"\u0427\u0430\u0441\u044b SEIKO CS SPORTS TITANIUM SSB391P1"},"content":{"rendered":"<p>Cronograf japonez elegant cu carcas\u0103 din titan va fi un asistent excelent \u00een materie de timp.<\/p>\n<p>Ceas cronograf cu cronometru \u0219i tahimetru. Cronometru p\u00e2n\u0103 la 1h, precizie 1\/5s.<\/p>\n<p>Cadran stilizat din carbon. Fereastr\u0103 pentru dat\u0103.<\/p>\n<p>Coroan\u0103 canelat\u0103. Spate de carcas\u0103 cu \u0219urub.<\/p>\n<p>Br\u0103\u021bar\u0103 cu \u00eenchidere tripl\u0103 pliabil\u0103.<\/p>","protected":false},"excerpt":{"rendered":"<p>Cronograf japonez elegant cu carcas\u0103 din titan va fi un asistent excelent \u00een materie de timp. Ceas cronograf cu cronometru \u0219i tahimetru. Cronometru p\u00e2n\u0103 la 1h, precizie 1\/5s. Cadran stilizat din carbon. Fereastr\u0103 pentru dat\u0103. Coroan\u0103 canelat\u0103. Spate de carcas\u0103 cu \u0219urub. Br\u0103\u021bar\u0103 cu \u00eenchidere tripl\u0103 pliabil\u0103.<\/p>","protected":false},"featured_media":42186,"comment_status":"closed","ping_status":"open","template":"","meta":{"_acf_changed":false},"product_brand":[],"product_cat":[20,588],"product_tag":[],"class_list":{"0":"post-42185","1":"product","2":"type-product","3":"status-publish","4":"has-post-thumbnail","6":"product_cat-ceasuri-barbati","7":"product_cat-seiko","8":"pa_brand-seiko","9":"pa_braslet-titan","10":"pa_corpus-41-mm","11":"pa_forma-rotund","12":"pa_funcii-cronograf","13":"pa_funcii-data","14":"pa_funcii-tahimetru","15":"pa_garatia-24-luni","16":"pa_korpus-argintiu","17":"pa_kvarc-quartz","18":"pa_material-titan","19":"pa_mehanizm-quartz","20":"pa_remeshok-argintiu","21":"pa_steklo-hardlex-crystal","22":"pa_strana-japonia","23":"pa_voda-10-atm","25":"first","26":"instock","27":"purchasable","28":"product-type-simple"},"acf":[],"_links":{"self":[{"href":"https:\/\/ceasuri.md\/ru\/wp-json\/wp\/v2\/product\/42185","targetHints":{"allow":["GET"]}}],"collection":[{"href":"https:\/\/ceasuri.md\/ru\/wp-json\/wp\/v2\/product"}],"about":[{"href":"https:\/\/ceasuri.md\/ru\/wp-json\/wp\/v2\/types\/product"}],"replies":[{"embeddable":true,"href":"https:\/\/ceasuri.md\/ru\/wp-json\/wp\/v2\/comments?post=42185"}],"wp:featuredmedia":[{"embeddable":true,"href":"https:\/\/ceasuri.md\/ru\/wp-json\/wp\/v2\/media\/42186"}],"wp:attachment":[{"href":"https:\/\/ceasuri.md\/ru\/wp-json\/wp\/v2\/media?parent=42185"}],"wp:term":[{"taxonomy":"product_brand","embeddable":true,"href":"https:\/\/ceasuri.md\/ru\/wp-json\/wp\/v2\/product_brand?post=42185"},{"taxonomy":"product_cat","embeddable":true,"href":"https:\/\/ceasuri.md\/ru\/wp-json\/wp\/v2\/product_cat?post=42185"},{"taxonomy":"product_tag","embeddable":true,"href":"https:\/\/ceasuri.md\/ru\/wp-json\/wp\/v2\/product_tag?post=42185"}],"curies":[{"name":"wp","href":"https:\/\/api.w.org\/{rel}","templated":true}]}}