{"id":42067,"date":"2022-11-30T19:41:06","date_gmt":"2022-11-30T17:41:06","guid":{"rendered":"http:\/\/new.ceasuri.md\/shop\/uncategorized\/seiko-5-sports-srpd65k1\/"},"modified":"2026-05-01T16:33:24","modified_gmt":"2026-05-01T13:33:24","slug":"seiko-5-sports-srpd65k1","status":"publish","type":"product","link":"https:\/\/ceasuri.md\/ru\/shop\/branduri\/seiko\/seiko-5-sports-srpd65k1\/","title":{"rendered":"\u0427\u0430\u0441\u044b SEIKO 5 SPORTS SRPD65K1"},"content":{"rendered":"<p>Seiko reprezint\u0103 o simbioz\u0103 cu purt\u0103torul \u0219i cu stilul s\u0103u de via\u021b\u0103. Ceasul \u00eentruchipeaz\u0103 spiritul avangardist al Seiko \u0219i know-how-ul unei m\u0103rci asociate dintotdeauna cu pionieratul tehnologiilor revolu\u021bionare \u00een domeniul orologeriei din \u00eentreaga lume.<\/p>\n<p>Linia de ceasuri Seiko este o demonstra\u021bie a spiritului avangardist \u0219i o dovad\u0103 de autenticitate. Fiecare model de ceas semnific\u0103 identitatea categoric\u0103 a Seiko.<\/p>\n<p>Ceasurile acestei m\u0103rci au o func\u021bionalitate substan\u021bial\u0103.<\/p>","protected":false},"excerpt":{"rendered":"<p>Seiko reprezint\u0103 o simbioz\u0103 cu purt\u0103torul \u0219i cu stilul s\u0103u de via\u021b\u0103. Ceasul \u00eentruchipeaz\u0103 spiritul avangardist al Seiko \u0219i know-how-ul unei m\u0103rci asociate dintotdeauna cu pionieratul tehnologiilor revolu\u021bionare \u00een domeniul orologeriei din \u00eentreaga lume. Linia de ceasuri Seiko este o demonstra\u021bie a spiritului avangardist \u0219i o dovad\u0103 de autenticitate. Fiecare model de ceas semnific\u0103 identitatea [&hellip;]<\/p>\n","protected":false},"featured_media":42068,"comment_status":"closed","ping_status":"open","template":"","meta":{"_acf_changed":false},"product_brand":[],"product_cat":[20,588],"product_tag":[],"class_list":{"0":"post-42067","1":"product","2":"type-product","3":"status-publish","4":"has-post-thumbnail","6":"product_cat-ceasuri-barbati","7":"product_cat-seiko","8":"pa_brand-seiko","9":"pa_braslet-otel-inoxidabil","10":"pa_corpus-42-mm","11":"pa_forma-rotund","12":"pa_funcii-data","13":"pa_funcii-ziua-saptamanii","14":"pa_garatia-24-luni","15":"pa_korpus-negru","16":"pa_material-otel-inoxidabil","17":"pa_mehanizm-mecanic","18":"pa_mehanizm-mecanism-automatic","19":"pa_remeshok-negru","20":"pa_steklo-hardlex-crystal","21":"pa_strana-japonia","22":"pa_voda-10-atm","24":"first","25":"instock","26":"purchasable","27":"product-type-simple"},"acf":[],"_links":{"self":[{"href":"https:\/\/ceasuri.md\/ru\/wp-json\/wp\/v2\/product\/42067","targetHints":{"allow":["GET"]}}],"collection":[{"href":"https:\/\/ceasuri.md\/ru\/wp-json\/wp\/v2\/product"}],"about":[{"href":"https:\/\/ceasuri.md\/ru\/wp-json\/wp\/v2\/types\/product"}],"replies":[{"embeddable":true,"href":"https:\/\/ceasuri.md\/ru\/wp-json\/wp\/v2\/comments?post=42067"}],"wp:featuredmedia":[{"embeddable":true,"href":"https:\/\/ceasuri.md\/ru\/wp-json\/wp\/v2\/media\/42068"}],"wp:attachment":[{"href":"https:\/\/ceasuri.md\/ru\/wp-json\/wp\/v2\/media?parent=42067"}],"wp:term":[{"taxonomy":"product_brand","embeddable":true,"href":"https:\/\/ceasuri.md\/ru\/wp-json\/wp\/v2\/product_brand?post=42067"},{"taxonomy":"product_cat","embeddable":true,"href":"https:\/\/ceasuri.md\/ru\/wp-json\/wp\/v2\/product_cat?post=42067"},{"taxonomy":"product_tag","embeddable":true,"href":"https:\/\/ceasuri.md\/ru\/wp-json\/wp\/v2\/product_tag?post=42067"}],"curies":[{"name":"wp","href":"https:\/\/api.w.org\/{rel}","templated":true}]}}