{"id":41982,"date":"2026-04-02T21:52:58","date_gmt":"2026-04-02T18:52:58","guid":{"rendered":"http:\/\/new.ceasuri.md\/shop\/uncategorized\/swiss-military-by-chrono-sma34085-06\/"},"modified":"2026-04-20T01:17:04","modified_gmt":"2026-04-19T22:17:04","slug":"swiss-military-by-chrono-sma34085-06","status":"publish","type":"product","link":"https:\/\/ceasuri.md\/ru\/shop\/branduri\/swiss-military\/swiss-military-by-chrono-sma34085-06\/","title":{"rendered":"\u0427\u0430\u0441\u044b SWISS MILITARY BY CHRONO SMA34085.06"},"content":{"rendered":"<p>Manufactura elve\u021bian\u0103 de ceasuri Swiss Military se ridic\u0103 la \u00een\u0103l\u021bimea numelui s\u0103u, \u00eentruchip\u00e2nd precizia \u0219i fiabilitatea militar\u0103 \u00een ceasurile sale.<\/p>\n<p>Artizanii m\u0103rcii au dezvoltat o construc\u021bie puternic\u0103 din materiale durabile, cre\u00e2nd un ceas pentru sport \u0219i pentru via\u021ba \u00een mi\u0219care.<\/p>\n<p>Compania are grij\u0103 de func\u021bionalitate pentru utilizarea \u00een orice condi\u021bii &#8211; de exemplu, fiecare model are un strat luminescent pentru o citire confortabil\u0103 \u00een \u00eentuneric.<\/p>\n<p>Conceptul de design al ceasurilor Swiss Military este laconic \u0219i masculin.<\/p>","protected":false},"excerpt":{"rendered":"<p>Manufactura elve\u021bian\u0103 de ceasuri Swiss Military se ridic\u0103 la \u00een\u0103l\u021bimea numelui s\u0103u, \u00eentruchip\u00e2nd precizia \u0219i fiabilitatea militar\u0103 \u00een ceasurile sale. Artizanii m\u0103rcii au dezvoltat o construc\u021bie puternic\u0103 din materiale durabile, cre\u00e2nd un ceas pentru sport \u0219i pentru via\u021ba \u00een mi\u0219care. Compania are grij\u0103 de func\u021bionalitate pentru utilizarea \u00een orice condi\u021bii &#8211; de exemplu, fiecare model [&hellip;]<\/p>\n","protected":false},"featured_media":41983,"comment_status":"closed","ping_status":"open","template":"","meta":{"_acf_changed":false},"product_brand":[],"product_cat":[20,106,572],"product_tag":[],"class_list":{"0":"post-41982","1":"product","2":"type-product","3":"status-publish","4":"has-post-thumbnail","6":"product_cat-ceasuri-barbati","7":"product_cat-ceasuri-premium","8":"product_cat-swiss-military","9":"pa_brand-swiss-military","10":"pa_braslet-otel-inoxidabil","11":"pa_corpus-40-mm","12":"pa_forma-rotund","13":"pa_funcii-data","14":"pa_garatia-24-luni","15":"pa_korpus-argintiu","16":"pa_material-otel-inoxidabil","17":"pa_mehanizm-mecanic","18":"pa_mehanizm-mecanism-automatic","19":"pa_remeshok-bicolor","20":"pa_steklo-cristal-safir","21":"pa_strana-elvetia","22":"pa_voda-10-atm","24":"first","25":"instock","26":"purchasable","27":"product-type-simple"},"acf":[],"_links":{"self":[{"href":"https:\/\/ceasuri.md\/ru\/wp-json\/wp\/v2\/product\/41982","targetHints":{"allow":["GET"]}}],"collection":[{"href":"https:\/\/ceasuri.md\/ru\/wp-json\/wp\/v2\/product"}],"about":[{"href":"https:\/\/ceasuri.md\/ru\/wp-json\/wp\/v2\/types\/product"}],"replies":[{"embeddable":true,"href":"https:\/\/ceasuri.md\/ru\/wp-json\/wp\/v2\/comments?post=41982"}],"wp:featuredmedia":[{"embeddable":true,"href":"https:\/\/ceasuri.md\/ru\/wp-json\/wp\/v2\/media\/41983"}],"wp:attachment":[{"href":"https:\/\/ceasuri.md\/ru\/wp-json\/wp\/v2\/media?parent=41982"}],"wp:term":[{"taxonomy":"product_brand","embeddable":true,"href":"https:\/\/ceasuri.md\/ru\/wp-json\/wp\/v2\/product_brand?post=41982"},{"taxonomy":"product_cat","embeddable":true,"href":"https:\/\/ceasuri.md\/ru\/wp-json\/wp\/v2\/product_cat?post=41982"},{"taxonomy":"product_tag","embeddable":true,"href":"https:\/\/ceasuri.md\/ru\/wp-json\/wp\/v2\/product_tag?post=41982"}],"curies":[{"name":"wp","href":"https:\/\/api.w.org\/{rel}","templated":true}]}}