{"id":41946,"date":"2026-04-02T21:52:12","date_gmt":"2026-04-02T18:52:12","guid":{"rendered":"http:\/\/new.ceasuri.md\/shop\/uncategorized\/jacques-lemans-necklace-s-c57a\/"},"modified":"2026-04-20T00:30:14","modified_gmt":"2026-04-19T21:30:14","slug":"jacques-lemans-necklace-s-c57a","status":"publish","type":"product","link":"https:\/\/ceasuri.md\/ru\/shop\/accesorii\/accesorii-dama\/coliere\/jacques-lemans-necklace-s-c57a\/","title":{"rendered":"JACQUES LEMANS NECKLACE S-C57A"},"content":{"rendered":"<p>Bijuteriile JACQUES LEMANS sunt sinonime cu elegan\u021ba \u0219i feminitatea irezistibile.<\/p>\n<p>Produsele sunt caracterizate de dinamism, inova\u021bie, stil individual \u0219i provocare.<\/p>\n<p>Brandul se adreseaz\u0103 femeii moderne c\u0103reia \u00eei place s\u0103 poarte bijuterii clasice \u0219i rafinate, cu un design modern.<\/p>","protected":false},"excerpt":{"rendered":"<p>Bijuteriile JACQUES LEMANS sunt sinonime cu elegan\u021ba \u0219i feminitatea irezistibile. Produsele sunt caracterizate de dinamism, inova\u021bie, stil individual \u0219i provocare. Brandul se adreseaz\u0103 femeii moderne c\u0103reia \u00eei place s\u0103 poarte bijuterii clasice \u0219i rafinate, cu un design modern.<\/p>","protected":false},"featured_media":41947,"comment_status":"closed","ping_status":"open","template":"","meta":{"_acf_changed":false},"product_brand":[],"product_cat":[583,206,22,604],"product_tag":[],"class_list":{"0":"post-41946","1":"product","2":"type-product","3":"status-publish","4":"has-post-thumbnail","6":"product_cat-coliere","7":"product_cat-jacques-lemans","8":"product_cat-sale","9":"product_cat-sale-bijuterii-dama","10":"pa_brand-jacques-lemans","11":"pa_decor-cristale-swarowski","12":"pa_forma-rotund","13":"pa_korpus-argintiu","14":"pa_korpus-negru","15":"pa_material-otel-inoxidabil","16":"pa_strana-austria","18":"first","19":"instock","20":"sale","21":"purchasable","22":"product-type-simple"},"acf":[],"_links":{"self":[{"href":"https:\/\/ceasuri.md\/ru\/wp-json\/wp\/v2\/product\/41946","targetHints":{"allow":["GET"]}}],"collection":[{"href":"https:\/\/ceasuri.md\/ru\/wp-json\/wp\/v2\/product"}],"about":[{"href":"https:\/\/ceasuri.md\/ru\/wp-json\/wp\/v2\/types\/product"}],"replies":[{"embeddable":true,"href":"https:\/\/ceasuri.md\/ru\/wp-json\/wp\/v2\/comments?post=41946"}],"wp:featuredmedia":[{"embeddable":true,"href":"https:\/\/ceasuri.md\/ru\/wp-json\/wp\/v2\/media\/41947"}],"wp:attachment":[{"href":"https:\/\/ceasuri.md\/ru\/wp-json\/wp\/v2\/media?parent=41946"}],"wp:term":[{"taxonomy":"product_brand","embeddable":true,"href":"https:\/\/ceasuri.md\/ru\/wp-json\/wp\/v2\/product_brand?post=41946"},{"taxonomy":"product_cat","embeddable":true,"href":"https:\/\/ceasuri.md\/ru\/wp-json\/wp\/v2\/product_cat?post=41946"},{"taxonomy":"product_tag","embeddable":true,"href":"https:\/\/ceasuri.md\/ru\/wp-json\/wp\/v2\/product_tag?post=41946"}],"curies":[{"name":"wp","href":"https:\/\/api.w.org\/{rel}","templated":true}]}}