{"id":41913,"date":"2026-04-02T21:52:12","date_gmt":"2026-04-02T18:52:12","guid":{"rendered":"http:\/\/new.ceasuri.md\/shop\/uncategorized\/casio-collection-mtd-1053d-2aves\/"},"modified":"2026-04-15T19:41:33","modified_gmt":"2026-04-15T16:41:33","slug":"casio-collection-mtd-1053d-2aves","status":"publish","type":"product","link":"https:\/\/ceasuri.md\/ru\/shop\/branduri\/casio\/casio-collection-mtd-1053d-2aves\/","title":{"rendered":"Ceas CASIO COLLECTION MTD-1053D-2AVES"},"content":{"rendered":"<p>Un ceas extrem de rezistent la ap\u0103 pentru aventuri pe plaj\u0103 \u0219i \u00een mediul marin.<\/p>\n<p>Acoperirea anti-reflectorizant\u0103 care acumuleaz\u0103 lumin\u0103 asigur\u0103 o str\u0103lucire de lung\u0103 durat\u0103 \u00een \u00eentuneric, chiar \u0219i dup\u0103 o scurt\u0103 expunere la lumin\u0103.<\/p>\n<p>Cadran cu markeri de curs\u0103 \u0219i cifre arabe. Fereastr\u0103 pentru dat\u0103.<\/p>\n<p>Luneta se rote\u0219te \u00eentr-o singur\u0103 direc\u021bie. Coroan\u0103 \u00een\u0219urubat\u0103 cu protec\u021bie. Fundul carcasei cu \u00eenchidere cu \u0219urub.<\/p>\n<p>Br\u0103\u021bar\u0103 cu \u00eenchidere tripl\u0103 pliabil\u0103.<\/p>","protected":false},"excerpt":{"rendered":"<p>Un ceas extrem de rezistent la ap\u0103 pentru aventuri pe plaj\u0103 \u0219i \u00een mediul marin. Acoperirea anti-reflectorizant\u0103 care acumuleaz\u0103 lumin\u0103 asigur\u0103 o str\u0103lucire de lung\u0103 durat\u0103 \u00een \u00eentuneric, chiar \u0219i dup\u0103 o scurt\u0103 expunere la lumin\u0103. Cadran cu markeri de curs\u0103 \u0219i cifre arabe. Fereastr\u0103 pentru dat\u0103. Luneta se rote\u0219te \u00eentr-o singur\u0103 direc\u021bie. Coroan\u0103 \u00een\u0219urubat\u0103 [&hellip;]<\/p>\n","protected":false},"featured_media":41914,"comment_status":"closed","ping_status":"open","template":"","meta":{"_acf_changed":false},"product_brand":[],"product_cat":[27,20],"product_tag":[595,693,694,871],"class_list":{"0":"post-41913","1":"product","2":"type-product","3":"status-publish","4":"has-post-thumbnail","6":"product_cat-casio","7":"product_cat-ceasuri-barbati","8":"product_tag-cronograf","9":"product_tag-693","10":"product_tag-694","11":"product_tag-871","12":"pa_brand-casio","13":"pa_braslet-otel-inoxidabil","14":"pa_corpus-43-mm","15":"pa_forma-rotund","16":"pa_funcii-data","17":"pa_garatia-24-luni","18":"pa_korpus-argintiu","19":"pa_kvarc-quartz","20":"pa_material-otel-inoxidabil","21":"pa_mehanizm-quartz","22":"pa_remeshok-argintiu","23":"pa_steklo-cristal-mineral","24":"pa_strana-japonia","25":"pa_voda-20-atm","27":"first","28":"instock","29":"purchasable","30":"product-type-simple"},"acf":[],"_links":{"self":[{"href":"https:\/\/ceasuri.md\/ru\/wp-json\/wp\/v2\/product\/41913","targetHints":{"allow":["GET"]}}],"collection":[{"href":"https:\/\/ceasuri.md\/ru\/wp-json\/wp\/v2\/product"}],"about":[{"href":"https:\/\/ceasuri.md\/ru\/wp-json\/wp\/v2\/types\/product"}],"replies":[{"embeddable":true,"href":"https:\/\/ceasuri.md\/ru\/wp-json\/wp\/v2\/comments?post=41913"}],"wp:featuredmedia":[{"embeddable":true,"href":"https:\/\/ceasuri.md\/ru\/wp-json\/wp\/v2\/media\/41914"}],"wp:attachment":[{"href":"https:\/\/ceasuri.md\/ru\/wp-json\/wp\/v2\/media?parent=41913"}],"wp:term":[{"taxonomy":"product_brand","embeddable":true,"href":"https:\/\/ceasuri.md\/ru\/wp-json\/wp\/v2\/product_brand?post=41913"},{"taxonomy":"product_cat","embeddable":true,"href":"https:\/\/ceasuri.md\/ru\/wp-json\/wp\/v2\/product_cat?post=41913"},{"taxonomy":"product_tag","embeddable":true,"href":"https:\/\/ceasuri.md\/ru\/wp-json\/wp\/v2\/product_tag?post=41913"}],"curies":[{"name":"wp","href":"https:\/\/api.w.org\/{rel}","templated":true}]}}