{"id":41891,"date":"2026-04-02T21:51:31","date_gmt":"2026-04-02T18:51:31","guid":{"rendered":"http:\/\/new.ceasuri.md\/shop\/uncategorized\/casio-edifice-efv-c100d-1a\/"},"modified":"2026-04-07T04:02:51","modified_gmt":"2026-04-07T01:02:51","slug":"casio-edifice-efv-c100d-1a","status":"publish","type":"product","link":"https:\/\/ceasuri.md\/ru\/shop\/branduri\/casio\/casio-edifice-efv-c100d-1a\/","title":{"rendered":"Ceas CASIO EDIFICE EFV-C100D-1A"},"content":{"rendered":"<p>Acest ceas este un model combinat analogic\/digital.<\/p>\n<p>Modelul afi\u0219eaz\u0103 pe ecranul s\u0103u LCD o gam\u0103 complet\u0103 de func\u021bii, inclusiv ora universal\u0103, cronometru \u0219i cronometru.<\/p>\n<p>Cadranul tridimensional cu dou\u0103 straturi creeaz\u0103 un design dinamic \u0219i sportiv.<\/p>\n<p>Un model ideal pentru utilizarea zilnic\u0103.<\/p>","protected":false},"excerpt":{"rendered":"<p>Acest ceas este un model combinat analogic\/digital. Modelul afi\u0219eaz\u0103 pe ecranul s\u0103u LCD o gam\u0103 complet\u0103 de func\u021bii, inclusiv ora universal\u0103, cronometru \u0219i cronometru. Cadranul tridimensional cu dou\u0103 straturi creeaz\u0103 un design dinamic \u0219i sportiv. Un model ideal pentru utilizarea zilnic\u0103.<\/p>","protected":false},"featured_media":41892,"comment_status":"closed","ping_status":"open","template":"","meta":{"_acf_changed":false},"product_brand":[],"product_cat":[27,20,536],"product_tag":[],"class_list":{"0":"post-41891","1":"product","2":"type-product","3":"status-publish","4":"has-post-thumbnail","6":"product_cat-casio","7":"product_cat-ceasuri-barbati","8":"product_cat-edifice","9":"pa_brand-casio","10":"pa_brand-edifice","11":"pa_braslet-otel-inoxidabil","12":"pa_corpus-47-mm","13":"pa_forma-rotund","14":"pa_funcii-alarma","15":"pa_funcii-calendar","16":"pa_funcii-cronometru","17":"pa_funcii-timp-mondial","18":"pa_garatia-24-luni","19":"pa_korpus-argintiu","20":"pa_material-aluminiu","21":"pa_material-otel-inoxidabil","22":"pa_mehanizm-electronic","23":"pa_mehanizm-quartz","24":"pa_remeshok-argintiu","25":"pa_steklo-cristal-mineral","26":"pa_strana-japonia","27":"pa_voda-10-atm","29":"first","30":"instock","31":"purchasable","32":"product-type-simple"},"acf":[],"_links":{"self":[{"href":"https:\/\/ceasuri.md\/ru\/wp-json\/wp\/v2\/product\/41891","targetHints":{"allow":["GET"]}}],"collection":[{"href":"https:\/\/ceasuri.md\/ru\/wp-json\/wp\/v2\/product"}],"about":[{"href":"https:\/\/ceasuri.md\/ru\/wp-json\/wp\/v2\/types\/product"}],"replies":[{"embeddable":true,"href":"https:\/\/ceasuri.md\/ru\/wp-json\/wp\/v2\/comments?post=41891"}],"wp:featuredmedia":[{"embeddable":true,"href":"https:\/\/ceasuri.md\/ru\/wp-json\/wp\/v2\/media\/41892"}],"wp:attachment":[{"href":"https:\/\/ceasuri.md\/ru\/wp-json\/wp\/v2\/media?parent=41891"}],"wp:term":[{"taxonomy":"product_brand","embeddable":true,"href":"https:\/\/ceasuri.md\/ru\/wp-json\/wp\/v2\/product_brand?post=41891"},{"taxonomy":"product_cat","embeddable":true,"href":"https:\/\/ceasuri.md\/ru\/wp-json\/wp\/v2\/product_cat?post=41891"},{"taxonomy":"product_tag","embeddable":true,"href":"https:\/\/ceasuri.md\/ru\/wp-json\/wp\/v2\/product_tag?post=41891"}],"curies":[{"name":"wp","href":"https:\/\/api.w.org\/{rel}","templated":true}]}}