{"id":41888,"date":"2022-09-15T22:49:00","date_gmt":"2022-09-15T19:49:00","guid":{"rendered":"http:\/\/new.ceasuri.md\/shop\/uncategorized\/casio-edifice-efv-600d-2avuef\/"},"modified":"2026-05-01T16:31:03","modified_gmt":"2026-05-01T13:31:03","slug":"casio-edifice-efv-600d-2avuef","status":"publish","type":"product","link":"https:\/\/ceasuri.md\/ru\/shop\/branduri\/casio\/casio-edifice-efv-600d-2avuef\/","title":{"rendered":"\u0427\u0430\u0441\u044b CASIO EDIFICE EFV-600D-2AVUEF"},"content":{"rendered":"<p>Un cronograf EDIFICE standard de dimensiuni medii.<\/p>\n<p>Culoarea \u00een gradient de pe cadran a fost inspirat\u0103 de cerul nop\u021bii \u00een timpul curselor nocturne.<\/p>\n<p>Folosirea culorii verzi pe m\u00e2na a cadranului creeaz\u0103 un design foarte vizibil.<\/p>","protected":false},"excerpt":{"rendered":"<p>Un cronograf EDIFICE standard de dimensiuni medii. Culoarea \u00een gradient de pe cadran a fost inspirat\u0103 de cerul nop\u021bii \u00een timpul curselor nocturne. Folosirea culorii verzi pe m\u00e2na a cadranului creeaz\u0103 un design foarte vizibil.<\/p>","protected":false},"featured_media":41889,"comment_status":"closed","ping_status":"open","template":"","meta":{"_acf_changed":false},"product_brand":[],"product_cat":[27,20,536],"product_tag":[],"class_list":{"0":"post-41888","1":"product","2":"type-product","3":"status-publish","4":"has-post-thumbnail","6":"product_cat-casio","7":"product_cat-ceasuri-barbati","8":"product_cat-edifice","9":"pa_brand-casio","10":"pa_brand-edifice","11":"pa_braslet-otel-inoxidabil","12":"pa_corpus-44-mm","13":"pa_forma-rotund","14":"pa_funcii-cronograf","15":"pa_funcii-data","16":"pa_garatia-24-luni","17":"pa_korpus-argintiu","18":"pa_kvarc-quartz","19":"pa_material-otel-inoxidabil","20":"pa_mehanizm-quartz","21":"pa_remeshok-argintiu","22":"pa_steklo-cristal-mineral","23":"pa_strana-japonia","24":"pa_voda-10-atm","26":"first","27":"instock","28":"purchasable","29":"product-type-simple"},"acf":[],"_links":{"self":[{"href":"https:\/\/ceasuri.md\/ru\/wp-json\/wp\/v2\/product\/41888","targetHints":{"allow":["GET"]}}],"collection":[{"href":"https:\/\/ceasuri.md\/ru\/wp-json\/wp\/v2\/product"}],"about":[{"href":"https:\/\/ceasuri.md\/ru\/wp-json\/wp\/v2\/types\/product"}],"replies":[{"embeddable":true,"href":"https:\/\/ceasuri.md\/ru\/wp-json\/wp\/v2\/comments?post=41888"}],"wp:featuredmedia":[{"embeddable":true,"href":"https:\/\/ceasuri.md\/ru\/wp-json\/wp\/v2\/media\/41889"}],"wp:attachment":[{"href":"https:\/\/ceasuri.md\/ru\/wp-json\/wp\/v2\/media?parent=41888"}],"wp:term":[{"taxonomy":"product_brand","embeddable":true,"href":"https:\/\/ceasuri.md\/ru\/wp-json\/wp\/v2\/product_brand?post=41888"},{"taxonomy":"product_cat","embeddable":true,"href":"https:\/\/ceasuri.md\/ru\/wp-json\/wp\/v2\/product_cat?post=41888"},{"taxonomy":"product_tag","embeddable":true,"href":"https:\/\/ceasuri.md\/ru\/wp-json\/wp\/v2\/product_tag?post=41888"}],"curies":[{"name":"wp","href":"https:\/\/api.w.org\/{rel}","templated":true}]}}