{"id":41882,"date":"2026-04-02T21:51:31","date_gmt":"2026-04-02T18:51:31","guid":{"rendered":"http:\/\/new.ceasuri.md\/shop\/uncategorized\/casio-edifice-efs-s590d-1a\/"},"modified":"2026-04-07T04:02:48","modified_gmt":"2026-04-07T01:02:48","slug":"casio-edifice-efs-s590d-1a","status":"publish","type":"product","link":"https:\/\/ceasuri.md\/ru\/shop\/branduri\/casio\/casio-edifice-efs-s590d-1a\/","title":{"rendered":"Ceas CASIO EDIFICE EFS-S590D-1A"},"content":{"rendered":"<p>Cronograf sub\u021bire alimentat cu energie solar\u0103 cu cristal de safir.<\/p>\n<p>De\u0219i carcasele cronografelor cu mai multe m\u00e2ini tind s\u0103 fie groase, acesta este un cronograf cu energie solar\u0103 cu o carcas\u0103 men\u021binut\u0103 la o grosime de 9,9 mm pentru a oferi o potrivire \u00eembun\u0103t\u0103\u021bit\u0103.<\/p>\n<p>Folose\u0219te o lunet\u0103 rotativ\u0103 interioar\u0103 cu un design sportiv. Conceput pentru a fi utilizat de personalul echipelor de curse care gestioneaz\u0103 multe evenimente programate pentru a face num\u0103r\u0103toarea invers\u0103 p\u00e2n\u0103 la urm\u0103torul eveniment programat.<\/p>\n<p>Folose\u0219te un cristal de safir rezistent la zg\u00e2rieturi.<\/p>","protected":false},"excerpt":{"rendered":"<p>Cronograf sub\u021bire alimentat cu energie solar\u0103 cu cristal de safir. De\u0219i carcasele cronografelor cu mai multe m\u00e2ini tind s\u0103 fie groase, acesta este un cronograf cu energie solar\u0103 cu o carcas\u0103 men\u021binut\u0103 la o grosime de 9,9 mm pentru a oferi o potrivire \u00eembun\u0103t\u0103\u021bit\u0103. Folose\u0219te o lunet\u0103 rotativ\u0103 interioar\u0103 cu un design sportiv. Conceput pentru [&hellip;]<\/p>\n","protected":false},"featured_media":41883,"comment_status":"closed","ping_status":"open","template":"","meta":{"_acf_changed":false},"product_brand":[],"product_cat":[27,20,536],"product_tag":[],"class_list":{"0":"post-41882","1":"product","2":"type-product","3":"status-publish","4":"has-post-thumbnail","6":"product_cat-casio","7":"product_cat-ceasuri-barbati","8":"product_cat-edifice","9":"pa_brand-casio","10":"pa_brand-edifice","11":"pa_braslet-otel-inoxidabil","12":"pa_corpus-45-mm","13":"pa_forma-rotund","14":"pa_funcii-cronograf","15":"pa_funcii-data","16":"pa_funcii-rezerva-de-energie","17":"pa_garatia-24-luni","18":"pa_korpus-argintiu","19":"pa_material-otel-inoxidabil","20":"pa_mehanizm-baterie-solara","21":"pa_remeshok-argintiu","22":"pa_steklo-cristal-safir","23":"pa_strana-japonia","24":"pa_voda-10-atm","26":"first","27":"instock","28":"purchasable","29":"product-type-simple"},"acf":[],"_links":{"self":[{"href":"https:\/\/ceasuri.md\/ru\/wp-json\/wp\/v2\/product\/41882","targetHints":{"allow":["GET"]}}],"collection":[{"href":"https:\/\/ceasuri.md\/ru\/wp-json\/wp\/v2\/product"}],"about":[{"href":"https:\/\/ceasuri.md\/ru\/wp-json\/wp\/v2\/types\/product"}],"replies":[{"embeddable":true,"href":"https:\/\/ceasuri.md\/ru\/wp-json\/wp\/v2\/comments?post=41882"}],"wp:featuredmedia":[{"embeddable":true,"href":"https:\/\/ceasuri.md\/ru\/wp-json\/wp\/v2\/media\/41883"}],"wp:attachment":[{"href":"https:\/\/ceasuri.md\/ru\/wp-json\/wp\/v2\/media?parent=41882"}],"wp:term":[{"taxonomy":"product_brand","embeddable":true,"href":"https:\/\/ceasuri.md\/ru\/wp-json\/wp\/v2\/product_brand?post=41882"},{"taxonomy":"product_cat","embeddable":true,"href":"https:\/\/ceasuri.md\/ru\/wp-json\/wp\/v2\/product_cat?post=41882"},{"taxonomy":"product_tag","embeddable":true,"href":"https:\/\/ceasuri.md\/ru\/wp-json\/wp\/v2\/product_tag?post=41882"}],"curies":[{"name":"wp","href":"https:\/\/api.w.org\/{rel}","templated":true}]}}