{"id":41874,"date":"2022-09-15T22:49:00","date_gmt":"2022-09-15T19:49:00","guid":{"rendered":"http:\/\/new.ceasuri.md\/shop\/uncategorized\/casio-edifice-efr-539d-1a2vuef\/"},"modified":"2026-05-01T16:30:56","modified_gmt":"2026-05-01T13:30:56","slug":"casio-edifice-efr-539d-1a2vuef","status":"publish","type":"product","link":"https:\/\/ceasuri.md\/ru\/shop\/branduri\/casio\/casio-edifice-efr-539d-1a2vuef\/","title":{"rendered":"\u0427\u0430\u0441\u044b CASIO EDIFICE EFR-539D-1A2VUEF"},"content":{"rendered":"<p>Un accesoriu func\u021bional \u0219i elegant pentru a v\u0103 completa look-ul sportiv.<\/p>\n<p>Ceas cronograf cu cronometru cu o precizie de 1\/10s \u0219i un timp de m\u0103surare de 1h.<\/p>\n<p>Coroan\u0103 protejat\u0103.<\/p>\n<p>Fundul carcasei cu \u00eenchidere cu \u0219urub.<\/p>\n<p>Br\u0103\u021bar\u0103 cu \u00eenchidere tripl\u0103 pliabil\u0103, cu eliberare printr-o singur\u0103 atingere.<\/p>","protected":false},"excerpt":{"rendered":"<p>Un accesoriu func\u021bional \u0219i elegant pentru a v\u0103 completa look-ul sportiv. Ceas cronograf cu cronometru cu o precizie de 1\/10s \u0219i un timp de m\u0103surare de 1h. Coroan\u0103 protejat\u0103. Fundul carcasei cu \u00eenchidere cu \u0219urub. Br\u0103\u021bar\u0103 cu \u00eenchidere tripl\u0103 pliabil\u0103, cu eliberare printr-o singur\u0103 atingere.<\/p>","protected":false},"featured_media":41875,"comment_status":"closed","ping_status":"open","template":"","meta":{"_acf_changed":false},"product_brand":[],"product_cat":[27,20,536],"product_tag":[],"class_list":{"0":"post-41874","1":"product","2":"type-product","3":"status-publish","4":"has-post-thumbnail","6":"product_cat-casio","7":"product_cat-ceasuri-barbati","8":"product_cat-edifice","9":"pa_brand-casio","10":"pa_brand-edifice","11":"pa_braslet-otel-inoxidabil","12":"pa_corpus-50-mm","13":"pa_forma-rotund","14":"pa_funcii-cronograf","15":"pa_funcii-data","16":"pa_garatia-24-luni","17":"pa_korpus-argintiu","18":"pa_kvarc-quartz","19":"pa_material-otel-inoxidabil","20":"pa_mehanizm-quartz","21":"pa_remeshok-argintiu","22":"pa_steklo-cristal-mineral","23":"pa_strana-japonia","24":"pa_voda-10-atm","26":"first","27":"instock","28":"purchasable","29":"product-type-simple"},"acf":[],"_links":{"self":[{"href":"https:\/\/ceasuri.md\/ru\/wp-json\/wp\/v2\/product\/41874","targetHints":{"allow":["GET"]}}],"collection":[{"href":"https:\/\/ceasuri.md\/ru\/wp-json\/wp\/v2\/product"}],"about":[{"href":"https:\/\/ceasuri.md\/ru\/wp-json\/wp\/v2\/types\/product"}],"replies":[{"embeddable":true,"href":"https:\/\/ceasuri.md\/ru\/wp-json\/wp\/v2\/comments?post=41874"}],"wp:featuredmedia":[{"embeddable":true,"href":"https:\/\/ceasuri.md\/ru\/wp-json\/wp\/v2\/media\/41875"}],"wp:attachment":[{"href":"https:\/\/ceasuri.md\/ru\/wp-json\/wp\/v2\/media?parent=41874"}],"wp:term":[{"taxonomy":"product_brand","embeddable":true,"href":"https:\/\/ceasuri.md\/ru\/wp-json\/wp\/v2\/product_brand?post=41874"},{"taxonomy":"product_cat","embeddable":true,"href":"https:\/\/ceasuri.md\/ru\/wp-json\/wp\/v2\/product_cat?post=41874"},{"taxonomy":"product_tag","embeddable":true,"href":"https:\/\/ceasuri.md\/ru\/wp-json\/wp\/v2\/product_tag?post=41874"}],"curies":[{"name":"wp","href":"https:\/\/api.w.org\/{rel}","templated":true}]}}