{"id":41870,"date":"2026-04-02T21:51:31","date_gmt":"2026-04-02T18:51:31","guid":{"rendered":"http:\/\/new.ceasuri.md\/shop\/uncategorized\/casio-edifice-ef-539d-1avef\/"},"modified":"2026-04-07T04:02:45","modified_gmt":"2026-04-07T01:02:45","slug":"casio-edifice-ef-539d-1avef","status":"publish","type":"product","link":"https:\/\/ceasuri.md\/ru\/shop\/branduri\/casio\/casio-edifice-ef-539d-1avef\/","title":{"rendered":"Ceas CASIO EDIFICE EF-539D-1AVEF"},"content":{"rendered":"<p>Designul elegant \u0219i dinamic al acestui ceas va atrage orice fan al sportului.<\/p>\n<p>Ceas cronograf cu cronometru \u0219i tahimetru.<\/p>\n<p>Cronometru precis la 1 secund\u0103 \u0219i 12 ore.<\/p>\n<p>Coroan\u0103 protejat\u0103.<\/p>\n<p>\u00cenchidere cu \u0219urub a fundului carcasei.<\/p>\n<p>\u00cenchidere br\u0103\u021bar\u0103 cu o singur\u0103 atingere.<\/p>","protected":false},"excerpt":{"rendered":"<p>Designul elegant \u0219i dinamic al acestui ceas va atrage orice fan al sportului. Ceas cronograf cu cronometru \u0219i tahimetru. Cronometru precis la 1 secund\u0103 \u0219i 12 ore. Coroan\u0103 protejat\u0103. \u00cenchidere cu \u0219urub a fundului carcasei. \u00cenchidere br\u0103\u021bar\u0103 cu o singur\u0103 atingere.<\/p>","protected":false},"featured_media":41871,"comment_status":"closed","ping_status":"open","template":"","meta":{"_acf_changed":false},"product_brand":[],"product_cat":[27,20,536],"product_tag":[595,693,694,871],"class_list":{"0":"post-41870","1":"product","2":"type-product","3":"status-publish","4":"has-post-thumbnail","6":"product_cat-casio","7":"product_cat-ceasuri-barbati","8":"product_cat-edifice","9":"product_tag-cronograf","10":"product_tag-693","11":"product_tag-694","12":"product_tag-871","13":"pa_brand-casio","14":"pa_brand-edifice","15":"pa_braslet-otel-inoxidabil","16":"pa_corpus-49-mm","17":"pa_forma-rotund","18":"pa_funcii-cronograf","19":"pa_funcii-data","20":"pa_funcii-tahimetru","21":"pa_garatia-24-luni","22":"pa_korpus-argintiu","23":"pa_material-otel-inoxidabil","24":"pa_mehanizm-quartz","25":"pa_remeshok-argintiu","26":"pa_steklo-cristal-mineral","27":"pa_strana-japonia","28":"pa_voda-10-atm","30":"first","31":"instock","32":"purchasable","33":"product-type-simple"},"acf":[],"_links":{"self":[{"href":"https:\/\/ceasuri.md\/ru\/wp-json\/wp\/v2\/product\/41870","targetHints":{"allow":["GET"]}}],"collection":[{"href":"https:\/\/ceasuri.md\/ru\/wp-json\/wp\/v2\/product"}],"about":[{"href":"https:\/\/ceasuri.md\/ru\/wp-json\/wp\/v2\/types\/product"}],"replies":[{"embeddable":true,"href":"https:\/\/ceasuri.md\/ru\/wp-json\/wp\/v2\/comments?post=41870"}],"wp:featuredmedia":[{"embeddable":true,"href":"https:\/\/ceasuri.md\/ru\/wp-json\/wp\/v2\/media\/41871"}],"wp:attachment":[{"href":"https:\/\/ceasuri.md\/ru\/wp-json\/wp\/v2\/media?parent=41870"}],"wp:term":[{"taxonomy":"product_brand","embeddable":true,"href":"https:\/\/ceasuri.md\/ru\/wp-json\/wp\/v2\/product_brand?post=41870"},{"taxonomy":"product_cat","embeddable":true,"href":"https:\/\/ceasuri.md\/ru\/wp-json\/wp\/v2\/product_cat?post=41870"},{"taxonomy":"product_tag","embeddable":true,"href":"https:\/\/ceasuri.md\/ru\/wp-json\/wp\/v2\/product_tag?post=41870"}],"curies":[{"name":"wp","href":"https:\/\/api.w.org\/{rel}","templated":true}]}}