{"id":41866,"date":"2026-04-02T21:51:31","date_gmt":"2026-04-02T18:51:31","guid":{"rendered":"http:\/\/new.ceasuri.md\/shop\/uncategorized\/casio-edifice-ecb-20at-2a\/"},"modified":"2026-04-20T00:06:30","modified_gmt":"2026-04-19T21:06:30","slug":"casio-edifice-ecb-20at-2a","status":"publish","type":"product","link":"https:\/\/ceasuri.md\/ru\/shop\/branduri\/casio\/casio-edifice-ecb-20at-2a\/","title":{"rendered":"\u0427\u0430\u0441\u044b CASIO EDIFICE ECB-20AT-2A"},"content":{"rendered":"<p>Un model de colaborare cu echipa Scuderia AlphaTauri F1 de la &#8222;EDIFICE&#8221;, care continu\u0103 s\u0103 evolueze ca un cronograf metalic avansat de \u00eenalt\u0103 performan\u021b\u0103<\/p>\n<p>. <\/p>\n<p>Acesta este proiectat folosind schema de culori alb \u0219i albastru marin a echipei. Colaborarea este exprimat\u0103 prin frumoasele grada\u021bii de alb \u0219i albastru marin de pe cadran, prin finisajul marin al carcasei \u0219i al benzii, precum \u0219i prin logo-urile echipei de pe spatele carcasei, al benzii \u0219i al dispozitivului de fixare a benzii.<\/p>\n<p>Se conecteaz\u0103 automat la smartphone-uri prin Bluetooth pentru a g\u0103si \u0219i afi\u0219a ora local\u0103 din orice \u021bar\u0103 \u00een care se afl\u0103 purt\u0103torul. Cronometrul de program func\u021bioneaz\u0103 cu aplica\u021biile de calendar de pe smartphone-uri pentru a num\u0103ra invers p\u00e2n\u0103 la evenimentele programate viitoare.<\/p>\n<p>Echipat cu o lumin\u0103 LED automat\u0103 care se aprinde cu o simpl\u0103 \u00eenclinare a \u00eencheieturii m\u00e2inii.<\/p>","protected":false},"excerpt":{"rendered":"<p>Un model de colaborare cu echipa Scuderia AlphaTauri F1 de la &#8222;EDIFICE&#8221;, care continu\u0103 s\u0103 evolueze ca un cronograf metalic avansat de \u00eenalt\u0103 performan\u021b\u0103 . Acesta este proiectat folosind schema de culori alb \u0219i albastru marin a echipei. Colaborarea este exprimat\u0103 prin frumoasele grada\u021bii de alb \u0219i albastru marin de pe cadran, prin finisajul marin [&hellip;]<\/p>\n","protected":false},"featured_media":41867,"comment_status":"closed","ping_status":"open","template":"","meta":{"_acf_changed":false},"product_brand":[],"product_cat":[27,20,536],"product_tag":[595,693,694,871],"class_list":{"0":"post-41866","1":"product","2":"type-product","3":"status-publish","4":"has-post-thumbnail","6":"product_cat-casio","7":"product_cat-ceasuri-barbati","8":"product_cat-edifice","9":"product_tag-cronograf","10":"product_tag-693","11":"product_tag-694","12":"product_tag-871","13":"pa_brand-casio","14":"pa_brand-edifice","15":"pa_braslet-piele","16":"pa_corpus-46x51mm","17":"pa_forma-rotund","18":"pa_funcii-alarma","19":"pa_funcii-bluetooth-smart","20":"pa_funcii-calendar","21":"pa_funcii-cronometru","22":"pa_funcii-iluminare","23":"pa_funcii-timp-mondial","24":"pa_garatia-24-luni","25":"pa_korpus-albastru-inchis","26":"pa_kvarc-quartz","27":"pa_material-otel-inoxidabil","28":"pa_mehanizm-electronic","29":"pa_mehanizm-quartz","30":"pa_remeshok-albastru-inchis","31":"pa_steklo-cristal-safir","32":"pa_strana-japonia","33":"pa_voda-10-atm","35":"first","36":"instock","37":"purchasable","38":"product-type-simple"},"acf":[],"_links":{"self":[{"href":"https:\/\/ceasuri.md\/ru\/wp-json\/wp\/v2\/product\/41866","targetHints":{"allow":["GET"]}}],"collection":[{"href":"https:\/\/ceasuri.md\/ru\/wp-json\/wp\/v2\/product"}],"about":[{"href":"https:\/\/ceasuri.md\/ru\/wp-json\/wp\/v2\/types\/product"}],"replies":[{"embeddable":true,"href":"https:\/\/ceasuri.md\/ru\/wp-json\/wp\/v2\/comments?post=41866"}],"wp:featuredmedia":[{"embeddable":true,"href":"https:\/\/ceasuri.md\/ru\/wp-json\/wp\/v2\/media\/41867"}],"wp:attachment":[{"href":"https:\/\/ceasuri.md\/ru\/wp-json\/wp\/v2\/media?parent=41866"}],"wp:term":[{"taxonomy":"product_brand","embeddable":true,"href":"https:\/\/ceasuri.md\/ru\/wp-json\/wp\/v2\/product_brand?post=41866"},{"taxonomy":"product_cat","embeddable":true,"href":"https:\/\/ceasuri.md\/ru\/wp-json\/wp\/v2\/product_cat?post=41866"},{"taxonomy":"product_tag","embeddable":true,"href":"https:\/\/ceasuri.md\/ru\/wp-json\/wp\/v2\/product_tag?post=41866"}],"curies":[{"name":"wp","href":"https:\/\/api.w.org\/{rel}","templated":true}]}}