{"id":41862,"date":"2026-04-02T21:51:31","date_gmt":"2026-04-02T18:51:31","guid":{"rendered":"http:\/\/new.ceasuri.md\/shop\/uncategorized\/casio-g-shock-dw-5600bbmb-1\/"},"modified":"2026-04-16T20:48:26","modified_gmt":"2026-04-16T17:48:26","slug":"casio-g-shock-dw-5600bbmb-1","status":"publish","type":"product","link":"https:\/\/ceasuri.md\/ru\/shop\/branduri\/casio\/casio-g-shock-dw-5600bbmb-1\/","title":{"rendered":"Ceas CASIO DW-5600BBMB-1 G-Shock"},"content":{"rendered":"<p>O lansare din 2018, ceasul pentru b\u0103rba\u021bi din legendara colec\u021bie G-Shock reflect\u0103 un design elegant \u0219i un caracter practic, ideal pentru orice situa\u021bie.<\/p>\n<p>Accesoriu sportiv, cu &#8222;acea carcas\u0103 foarte&#8221; cu 8 col\u021buri, care se a\u0219eaz\u0103 elegant pe m\u00e2n\u0103, designul nu pare voluminos.<\/p>\n<p>Este realizat \u00een culoarea neagr\u0103 mat\u0103 cu o margine a cadranului aurit\u0103, care adaug\u0103 un aspect mai riguros \u0219i brutal.<\/p>\n<p>Carcasa rezistent\u0103 la \u0219ocuri este realizat\u0103 din plastic, materialul protejeaz\u0103 perfect \u00eempotriva \u0219ocurilor \u0219i rezist\u0103 la c\u0103deri de la \u00een\u0103l\u021bime. Cureaua din polimer \u00eenconjoar\u0103 confortabil \u00eencheietura m\u00e2inii.<\/p>\n<p>Sticl\u0103 mineral\u0103. Rezisten\u021b\u0103 la ap\u0103 20 bar. Lumin\u0103 de fundal electroluminescent\u0103. Ceas de\u0219tept\u0103tor, cronometru, calendar automat, cronometru.<\/p>","protected":false},"excerpt":{"rendered":"<p>O lansare din 2018, ceasul pentru b\u0103rba\u021bi din legendara colec\u021bie G-Shock reflect\u0103 un design elegant \u0219i un caracter practic, ideal pentru orice situa\u021bie. Accesoriu sportiv, cu &#8222;acea carcas\u0103 foarte&#8221; cu 8 col\u021buri, care se a\u0219eaz\u0103 elegant pe m\u00e2n\u0103, designul nu pare voluminos. Este realizat \u00een culoarea neagr\u0103 mat\u0103 cu o margine a cadranului aurit\u0103, care [&hellip;]<\/p>\n","protected":false},"featured_media":41863,"comment_status":"closed","ping_status":"open","template":"","meta":{"_acf_changed":false},"product_brand":[],"product_cat":[27,20,419],"product_tag":[693,695],"class_list":{"0":"post-41862","1":"product","2":"type-product","3":"status-publish","4":"has-post-thumbnail","6":"product_cat-casio","7":"product_cat-ceasuri-barbati","8":"product_cat-g-shock","9":"product_tag-693","10":"product_tag-695","11":"pa_brand-casio","12":"pa_brand-g-shock","13":"pa_braslet-plastic","14":"pa_corpus-43x49mm","15":"pa_forma-octogonala","16":"pa_funcii-alarma","17":"pa_funcii-calendar","18":"pa_funcii-cronometru","19":"pa_funcii-iluminare","20":"pa_garatia-24-luni","21":"pa_korpus-negru","22":"pa_kvarc-quartz","23":"pa_material-plastic","24":"pa_mehanizm-electronic","25":"pa_remeshok-negru","26":"pa_steklo-cristal-mineral","27":"pa_strana-japonia","28":"pa_voda-20-atm","30":"first","31":"instock","32":"purchasable","33":"product-type-simple"},"acf":[],"_links":{"self":[{"href":"https:\/\/ceasuri.md\/ru\/wp-json\/wp\/v2\/product\/41862","targetHints":{"allow":["GET"]}}],"collection":[{"href":"https:\/\/ceasuri.md\/ru\/wp-json\/wp\/v2\/product"}],"about":[{"href":"https:\/\/ceasuri.md\/ru\/wp-json\/wp\/v2\/types\/product"}],"replies":[{"embeddable":true,"href":"https:\/\/ceasuri.md\/ru\/wp-json\/wp\/v2\/comments?post=41862"}],"wp:featuredmedia":[{"embeddable":true,"href":"https:\/\/ceasuri.md\/ru\/wp-json\/wp\/v2\/media\/41863"}],"wp:attachment":[{"href":"https:\/\/ceasuri.md\/ru\/wp-json\/wp\/v2\/media?parent=41862"}],"wp:term":[{"taxonomy":"product_brand","embeddable":true,"href":"https:\/\/ceasuri.md\/ru\/wp-json\/wp\/v2\/product_brand?post=41862"},{"taxonomy":"product_cat","embeddable":true,"href":"https:\/\/ceasuri.md\/ru\/wp-json\/wp\/v2\/product_cat?post=41862"},{"taxonomy":"product_tag","embeddable":true,"href":"https:\/\/ceasuri.md\/ru\/wp-json\/wp\/v2\/product_tag?post=41862"}],"curies":[{"name":"wp","href":"https:\/\/api.w.org\/{rel}","templated":true}]}}