{"id":41857,"date":"2026-04-02T21:51:31","date_gmt":"2026-04-02T18:51:31","guid":{"rendered":"http:\/\/new.ceasuri.md\/shop\/uncategorized\/poljot-international-tourbillon-basilika-3360-t66\/"},"modified":"2026-04-20T01:09:45","modified_gmt":"2026-04-19T22:09:45","slug":"poljot-international-tourbillon-basilika-3360-t66","status":"publish","type":"product","link":"https:\/\/ceasuri.md\/ru\/shop\/branduri\/poljot-international\/poljot-international-tourbillon-basilika-3360-t66\/","title":{"rendered":"\u0427\u0430\u0441\u044b POLJOT INTERNATIONAL TOURBILLON  BASILIKA 3360.T66"},"content":{"rendered":"<p>&#8222;Poljot&#8221; este o marc\u0103 de ceasuri sovietice \u0219i ruse\u0219ti fabricate de Prima fabric\u0103 de ceasuri din Moscova (Fabrica de ceasuri Poljot) \u00eencep\u00e2nd cu anii 1960. Dup\u0103 primul zbor \u00een spa\u021biu al cosmonautului sovietic Iuri Gagarin, marca a fost numit\u0103 cu m\u00e2ndrie POLJOT.<\/p>\n<p>Ast\u0103zi, aceste m\u0103rci comerciale sunt \u00eenregistrate \u00een peste 90 de \u021b\u0103ri \u0219i sunt bine cunoscute \u00een \u00eentreaga lume.<\/p>\n<p>Toate ceasurile marca POLJOT sunt acum produse exclusiv \u00een Germania, folosind cea mai avansat\u0103 tehnologie modern\u0103.<\/p>\n<p>Num\u0103rul colec\u021biei \u00een edi\u021bie limitat\u0103: 026\/100; 028\/100.<\/p>","protected":false},"excerpt":{"rendered":"<p>&#8222;Poljot&#8221; este o marc\u0103 de ceasuri sovietice \u0219i ruse\u0219ti fabricate de Prima fabric\u0103 de ceasuri din Moscova (Fabrica de ceasuri Poljot) \u00eencep\u00e2nd cu anii 1960. Dup\u0103 primul zbor \u00een spa\u021biu al cosmonautului sovietic Iuri Gagarin, marca a fost numit\u0103 cu m\u00e2ndrie POLJOT. Ast\u0103zi, aceste m\u0103rci comerciale sunt \u00eenregistrate \u00een peste 90 de \u021b\u0103ri \u0219i sunt [&hellip;]<\/p>\n","protected":false},"featured_media":41858,"comment_status":"closed","ping_status":"open","template":"","meta":{"_acf_changed":false},"product_brand":[],"product_cat":[20,106,205,569],"product_tag":[595,691,692],"class_list":{"0":"post-41857","1":"product","2":"type-product","3":"status-publish","4":"has-post-thumbnail","6":"product_cat-ceasuri-barbati","7":"product_cat-ceasuri-premium","8":"product_cat-limited-edition","9":"product_cat-poljot-international","10":"product_tag-cronograf","11":"product_tag-691","12":"product_tag-692","13":"pa_brand-poljot-international","14":"pa_braslet-piele","15":"pa_corpus-43-mm","16":"pa_forma-rotund","17":"pa_funcii-dual-time","18":"pa_funcii-limited-edition","19":"pa_funcii-schelet","20":"pa_garatia-24-luni","21":"pa_korpus-auriu","22":"pa_material-otel-inoxidabil","23":"pa_mehanizm-tourbillon","24":"pa_remeshok-maro","25":"pa_steklo-cristal-safir","26":"pa_strana-germania","27":"pa_voda-5-atm","29":"first","30":"instock","31":"purchasable","32":"product-type-simple"},"acf":[],"_links":{"self":[{"href":"https:\/\/ceasuri.md\/ru\/wp-json\/wp\/v2\/product\/41857","targetHints":{"allow":["GET"]}}],"collection":[{"href":"https:\/\/ceasuri.md\/ru\/wp-json\/wp\/v2\/product"}],"about":[{"href":"https:\/\/ceasuri.md\/ru\/wp-json\/wp\/v2\/types\/product"}],"replies":[{"embeddable":true,"href":"https:\/\/ceasuri.md\/ru\/wp-json\/wp\/v2\/comments?post=41857"}],"wp:featuredmedia":[{"embeddable":true,"href":"https:\/\/ceasuri.md\/ru\/wp-json\/wp\/v2\/media\/41858"}],"wp:attachment":[{"href":"https:\/\/ceasuri.md\/ru\/wp-json\/wp\/v2\/media?parent=41857"}],"wp:term":[{"taxonomy":"product_brand","embeddable":true,"href":"https:\/\/ceasuri.md\/ru\/wp-json\/wp\/v2\/product_brand?post=41857"},{"taxonomy":"product_cat","embeddable":true,"href":"https:\/\/ceasuri.md\/ru\/wp-json\/wp\/v2\/product_cat?post=41857"},{"taxonomy":"product_tag","embeddable":true,"href":"https:\/\/ceasuri.md\/ru\/wp-json\/wp\/v2\/product_tag?post=41857"}],"curies":[{"name":"wp","href":"https:\/\/api.w.org\/{rel}","templated":true}]}}