{"id":41832,"date":"2026-04-02T21:50:57","date_gmt":"2026-04-02T18:50:57","guid":{"rendered":"http:\/\/new.ceasuri.md\/shop\/uncategorized\/fossil-jewelry-necklace-jf03314040\/"},"modified":"2026-04-20T00:27:14","modified_gmt":"2026-04-19T21:27:14","slug":"fossil-jewelry-necklace-jf03314040","status":"publish","type":"product","link":"https:\/\/ceasuri.md\/ru\/shop\/accesorii\/accesorii-barbati\/colier-accesorii-barbati\/fossil-jewelry-necklace-jf03314040\/","title":{"rendered":"FOSSIL JEWELRY NECKLACE JF03314040"},"content":{"rendered":"<p>Colec\u021bia combin\u0103 stilurile clasic \u0219i casual.<\/p>\n<p>Modelele clasice prezint\u0103 finisaje lucioase \u0219i modele sofisticate, cre\u00e2nd un aspect elegant.<\/p>\n<p>Modelele casual pentru purtarea zilnic\u0103 \u00eencorporeaz\u0103 texturi unice dintr-o combina\u021bie de materiale \u0219i cea mai recent\u0103 tehnologie, cre\u00e2nd un aspect urban tineresc.<\/p>","protected":false},"excerpt":{"rendered":"<p>Colec\u021bia combin\u0103 stilurile clasic \u0219i casual. Modelele clasice prezint\u0103 finisaje lucioase \u0219i modele sofisticate, cre\u00e2nd un aspect elegant. Modelele casual pentru purtarea zilnic\u0103 \u00eencorporeaz\u0103 texturi unice dintr-o combina\u021bie de materiale \u0219i cea mai recent\u0103 tehnologie, cre\u00e2nd un aspect urban tineresc.<\/p>","protected":false},"featured_media":41833,"comment_status":"closed","ping_status":"open","template":"","meta":{"_acf_changed":false},"product_brand":[],"product_cat":[603,396],"product_tag":[595,693,694,871],"class_list":{"0":"post-41832","1":"product","2":"type-product","3":"status-publish","4":"has-post-thumbnail","6":"product_cat-colier-accesorii-barbati","7":"product_cat-fossil","8":"product_tag-cronograf","9":"product_tag-693","10":"product_tag-694","11":"product_tag-871","12":"pa_brand-fossil","13":"pa_corpus-50-cm","14":"pa_material-otel-inoxidabil","15":"pa_remeshok-argintiu","16":"pa_strana-sua","18":"first","19":"instock","20":"purchasable","21":"product-type-simple"},"acf":[],"_links":{"self":[{"href":"https:\/\/ceasuri.md\/ru\/wp-json\/wp\/v2\/product\/41832","targetHints":{"allow":["GET"]}}],"collection":[{"href":"https:\/\/ceasuri.md\/ru\/wp-json\/wp\/v2\/product"}],"about":[{"href":"https:\/\/ceasuri.md\/ru\/wp-json\/wp\/v2\/types\/product"}],"replies":[{"embeddable":true,"href":"https:\/\/ceasuri.md\/ru\/wp-json\/wp\/v2\/comments?post=41832"}],"wp:featuredmedia":[{"embeddable":true,"href":"https:\/\/ceasuri.md\/ru\/wp-json\/wp\/v2\/media\/41833"}],"wp:attachment":[{"href":"https:\/\/ceasuri.md\/ru\/wp-json\/wp\/v2\/media?parent=41832"}],"wp:term":[{"taxonomy":"product_brand","embeddable":true,"href":"https:\/\/ceasuri.md\/ru\/wp-json\/wp\/v2\/product_brand?post=41832"},{"taxonomy":"product_cat","embeddable":true,"href":"https:\/\/ceasuri.md\/ru\/wp-json\/wp\/v2\/product_cat?post=41832"},{"taxonomy":"product_tag","embeddable":true,"href":"https:\/\/ceasuri.md\/ru\/wp-json\/wp\/v2\/product_tag?post=41832"}],"curies":[{"name":"wp","href":"https:\/\/api.w.org\/{rel}","templated":true}]}}