{"id":41807,"date":"2026-04-02T21:50:57","date_gmt":"2026-04-02T18:50:57","guid":{"rendered":"http:\/\/new.ceasuri.md\/shop\/uncategorized\/fossil-neutra-chrono-fs5790\/"},"modified":"2026-04-20T00:24:07","modified_gmt":"2026-04-19T21:24:07","slug":"fossil-neutra-chrono-fs5790","status":"publish","type":"product","link":"https:\/\/ceasuri.md\/ru\/shop\/branduri\/fossil\/fossil-neutra-chrono-fs5790\/","title":{"rendered":"\u0427\u0430\u0441\u044b FOSSIL NEUTRA CHRONO FS5790"},"content":{"rendered":"<p>T\u00e2n\u0103r, activ, inteligent, cu un bun sim\u021b al stilului, cunosc\u00e2nd perfect toate regulile jocului \u00een culori&#8230;.. Ceasurile Fossil te caut\u0103!<\/p>\n<p>Tinerii din \u00eentreaga lume aleg hainele \u0219i accesoriile acestui brand pentru designul unic, \u00een care elementele retro coexist\u0103 str\u0103lucitor cu notele moderne, cre\u00e2nd o uniune armonioas\u0103.<\/p>\n<p>Designul elegant al acestui ceas func\u021bional face din el un accesoriu spectaculos, care v\u0103 va completa perfect look-ul. Ceas cronograf cu cronometru. Format de timp de 12 \u0219i 24 de ore. Carcas\u0103 rotund\u0103 din o\u021bel. Marcaje cu liniu\u021be \u0219i cifre romane. Coroan\u0103 canelat\u0103. Curea din piele cu cataram\u0103 clasic\u0103.<\/p>","protected":false},"excerpt":{"rendered":"<p>T\u00e2n\u0103r, activ, inteligent, cu un bun sim\u021b al stilului, cunosc\u00e2nd perfect toate regulile jocului \u00een culori&#8230;.. Ceasurile Fossil te caut\u0103! Tinerii din \u00eentreaga lume aleg hainele \u0219i accesoriile acestui brand pentru designul unic, \u00een care elementele retro coexist\u0103 str\u0103lucitor cu notele moderne, cre\u00e2nd o uniune armonioas\u0103. Designul elegant al acestui ceas func\u021bional face din el [&hellip;]<\/p>\n","protected":false},"featured_media":41808,"comment_status":"closed","ping_status":"open","template":"","meta":{"_acf_changed":false},"product_brand":[],"product_cat":[20,396],"product_tag":[595,693,694,871],"class_list":{"0":"post-41807","1":"product","2":"type-product","3":"status-publish","4":"has-post-thumbnail","6":"product_cat-ceasuri-barbati","7":"product_cat-fossil","8":"product_tag-cronograf","9":"product_tag-693","10":"product_tag-694","11":"product_tag-871","12":"pa_brand-fossil","13":"pa_braslet-piele","14":"pa_corpus-44-mm","15":"pa_forma-rotund","16":"pa_funcii-cronograf","17":"pa_funcii-data","18":"pa_garatia-24-luni","19":"pa_korpus-auriu","20":"pa_kvarc-quartz","21":"pa_material-otel-inoxidabil","22":"pa_mehanizm-quartz","23":"pa_remeshok-albastru-inchis","24":"pa_steklo-cristal-mineral","25":"pa_strana-sua","26":"pa_voda-5-atm","28":"first","29":"instock","30":"purchasable","31":"product-type-simple"},"acf":[],"_links":{"self":[{"href":"https:\/\/ceasuri.md\/ru\/wp-json\/wp\/v2\/product\/41807","targetHints":{"allow":["GET"]}}],"collection":[{"href":"https:\/\/ceasuri.md\/ru\/wp-json\/wp\/v2\/product"}],"about":[{"href":"https:\/\/ceasuri.md\/ru\/wp-json\/wp\/v2\/types\/product"}],"replies":[{"embeddable":true,"href":"https:\/\/ceasuri.md\/ru\/wp-json\/wp\/v2\/comments?post=41807"}],"wp:featuredmedia":[{"embeddable":true,"href":"https:\/\/ceasuri.md\/ru\/wp-json\/wp\/v2\/media\/41808"}],"wp:attachment":[{"href":"https:\/\/ceasuri.md\/ru\/wp-json\/wp\/v2\/media?parent=41807"}],"wp:term":[{"taxonomy":"product_brand","embeddable":true,"href":"https:\/\/ceasuri.md\/ru\/wp-json\/wp\/v2\/product_brand?post=41807"},{"taxonomy":"product_cat","embeddable":true,"href":"https:\/\/ceasuri.md\/ru\/wp-json\/wp\/v2\/product_cat?post=41807"},{"taxonomy":"product_tag","embeddable":true,"href":"https:\/\/ceasuri.md\/ru\/wp-json\/wp\/v2\/product_tag?post=41807"}],"curies":[{"name":"wp","href":"https:\/\/api.w.org\/{rel}","templated":true}]}}