{"id":41773,"date":"2026-04-02T21:50:09","date_gmt":"2026-04-02T18:50:09","guid":{"rendered":"http:\/\/new.ceasuri.md\/shop\/uncategorized\/fossil-fb-01-es4745\/"},"modified":"2026-04-20T00:23:05","modified_gmt":"2026-04-19T21:23:05","slug":"fossil-fb-01-es4745","status":"publish","type":"product","link":"https:\/\/ceasuri.md\/ru\/shop\/branduri\/fossil\/fossil-fb-01-es4745\/","title":{"rendered":"\u0427\u0430\u0441\u044b FOSSIL FB-01 ES4745"},"content":{"rendered":"<p>Ceasul elegant pentru femei cu un spirit sportiv va fi apreciat de tinerele active.<\/p>\n<p>Fereastr\u0103 pentru dat\u0103 cu lup\u0103.<\/p>\n<p>Coroan\u0103 canelat\u0103 cu protec\u021bie.<\/p>\n<p>Br\u0103\u021bar\u0103 cu \u00eenchidere pliabil\u0103.<\/p>","protected":false},"excerpt":{"rendered":"<p>Ceasul elegant pentru femei cu un spirit sportiv va fi apreciat de tinerele active. Fereastr\u0103 pentru dat\u0103 cu lup\u0103. Coroan\u0103 canelat\u0103 cu protec\u021bie. Br\u0103\u021bar\u0103 cu \u00eenchidere pliabil\u0103.<\/p>","protected":false},"featured_media":41774,"comment_status":"closed","ping_status":"open","template":"","meta":{"_acf_changed":false},"product_brand":[],"product_cat":[25,396],"product_tag":[595,696,694,871],"class_list":{"0":"post-41773","1":"product","2":"type-product","3":"status-publish","4":"has-post-thumbnail","6":"product_cat-ceasuri-dama","7":"product_cat-fossil","8":"product_tag-cronograf","9":"product_tag-696","10":"product_tag-694","11":"product_tag-871","12":"pa_brand-fossil","13":"pa_braslet-otel-inoxidabil","14":"pa_corpus-36-mm","15":"pa_forma-rotund","16":"pa_funcii-data","17":"pa_garatia-24-luni","18":"pa_korpus-bicolor","19":"pa_kvarc-quartz","20":"pa_material-otel-inoxidabil","21":"pa_mehanizm-quartz","22":"pa_remeshok-bicolor","23":"pa_steklo-cristal-mineral","24":"pa_strana-sua","25":"pa_voda-10-atm","27":"first","28":"instock","29":"purchasable","30":"product-type-simple"},"acf":[],"_links":{"self":[{"href":"https:\/\/ceasuri.md\/ru\/wp-json\/wp\/v2\/product\/41773","targetHints":{"allow":["GET"]}}],"collection":[{"href":"https:\/\/ceasuri.md\/ru\/wp-json\/wp\/v2\/product"}],"about":[{"href":"https:\/\/ceasuri.md\/ru\/wp-json\/wp\/v2\/types\/product"}],"replies":[{"embeddable":true,"href":"https:\/\/ceasuri.md\/ru\/wp-json\/wp\/v2\/comments?post=41773"}],"wp:featuredmedia":[{"embeddable":true,"href":"https:\/\/ceasuri.md\/ru\/wp-json\/wp\/v2\/media\/41774"}],"wp:attachment":[{"href":"https:\/\/ceasuri.md\/ru\/wp-json\/wp\/v2\/media?parent=41773"}],"wp:term":[{"taxonomy":"product_brand","embeddable":true,"href":"https:\/\/ceasuri.md\/ru\/wp-json\/wp\/v2\/product_brand?post=41773"},{"taxonomy":"product_cat","embeddable":true,"href":"https:\/\/ceasuri.md\/ru\/wp-json\/wp\/v2\/product_cat?post=41773"},{"taxonomy":"product_tag","embeddable":true,"href":"https:\/\/ceasuri.md\/ru\/wp-json\/wp\/v2\/product_tag?post=41773"}],"curies":[{"name":"wp","href":"https:\/\/api.w.org\/{rel}","templated":true}]}}