{"id":41769,"date":"2026-04-02T21:50:09","date_gmt":"2026-04-02T18:50:09","guid":{"rendered":"http:\/\/new.ceasuri.md\/shop\/uncategorized\/fossil-carlie-mini-es4432\/"},"modified":"2026-04-07T04:02:24","modified_gmt":"2026-04-07T01:02:24","slug":"fossil-carlie-mini-es4432","status":"publish","type":"product","link":"https:\/\/ceasuri.md\/ru\/shop\/branduri\/fossil\/fossil-carlie-mini-es4432\/","title":{"rendered":"Ceas FOSSIL CARLIE MINI ES4432"},"content":{"rendered":"<p>T\u00e2n\u0103r, activ, inteligent, cu un bun sim\u021b al stilului, cunosc\u00e2nd perfect toate regulile jocului \u00een culori&#8230;.. Ceasurile Fossil te caut\u0103!<\/p>\n<p>Tinerii din \u00eentreaga lume aleg hainele \u0219i accesoriile acestui brand pentru designul unic, \u00een care elementele retro coexist\u0103 str\u0103lucitor cu notele moderne, cre\u00e2nd o uniune armonioas\u0103.<\/p>\n<p>Acest ceas va \u00eempodobi, f\u0103r\u0103 \u00eendoial\u0103, \u00eencheietura m\u00e2inii unei adev\u0103rate doamne. Ceas Carlie Mini cu trei m\u00e2ini din o\u021bel inoxidabil. Br\u0103\u021bar\u0103 milanez\u0103.<\/p>","protected":false},"excerpt":{"rendered":"<p>T\u00e2n\u0103r, activ, inteligent, cu un bun sim\u021b al stilului, cunosc\u00e2nd perfect toate regulile jocului \u00een culori&#8230;.. Ceasurile Fossil te caut\u0103! Tinerii din \u00eentreaga lume aleg hainele \u0219i accesoriile acestui brand pentru designul unic, \u00een care elementele retro coexist\u0103 str\u0103lucitor cu notele moderne, cre\u00e2nd o uniune armonioas\u0103. Acest ceas va \u00eempodobi, f\u0103r\u0103 \u00eendoial\u0103, \u00eencheietura m\u00e2inii unei [&hellip;]<\/p>\n","protected":false},"featured_media":41770,"comment_status":"closed","ping_status":"open","template":"","meta":{"_acf_changed":false},"product_brand":[],"product_cat":[25,396],"product_tag":[595,696,694,871],"class_list":{"0":"post-41769","1":"product","2":"type-product","3":"status-publish","4":"has-post-thumbnail","6":"product_cat-ceasuri-dama","7":"product_cat-fossil","8":"product_tag-cronograf","9":"product_tag-696","10":"product_tag-694","11":"product_tag-871","12":"pa_brand-fossil","13":"pa_braslet-otel-inoxidabil","14":"pa_corpus-28-mm","15":"pa_forma-rotund","16":"pa_garatia-24-luni","17":"pa_korpus-argintiu","18":"pa_material-otel-inoxidabil","19":"pa_mehanizm-quartz","20":"pa_remeshok-argintiu","21":"pa_steklo-cristal-mineral","22":"pa_strana-sua","23":"pa_voda-5-atm","25":"first","26":"instock","27":"purchasable","28":"product-type-simple"},"acf":[],"_links":{"self":[{"href":"https:\/\/ceasuri.md\/ru\/wp-json\/wp\/v2\/product\/41769","targetHints":{"allow":["GET"]}}],"collection":[{"href":"https:\/\/ceasuri.md\/ru\/wp-json\/wp\/v2\/product"}],"about":[{"href":"https:\/\/ceasuri.md\/ru\/wp-json\/wp\/v2\/types\/product"}],"replies":[{"embeddable":true,"href":"https:\/\/ceasuri.md\/ru\/wp-json\/wp\/v2\/comments?post=41769"}],"wp:featuredmedia":[{"embeddable":true,"href":"https:\/\/ceasuri.md\/ru\/wp-json\/wp\/v2\/media\/41770"}],"wp:attachment":[{"href":"https:\/\/ceasuri.md\/ru\/wp-json\/wp\/v2\/media?parent=41769"}],"wp:term":[{"taxonomy":"product_brand","embeddable":true,"href":"https:\/\/ceasuri.md\/ru\/wp-json\/wp\/v2\/product_brand?post=41769"},{"taxonomy":"product_cat","embeddable":true,"href":"https:\/\/ceasuri.md\/ru\/wp-json\/wp\/v2\/product_cat?post=41769"},{"taxonomy":"product_tag","embeddable":true,"href":"https:\/\/ceasuri.md\/ru\/wp-json\/wp\/v2\/product_tag?post=41769"}],"curies":[{"name":"wp","href":"https:\/\/api.w.org\/{rel}","templated":true}]}}