{"id":41761,"date":"2026-04-02T21:50:09","date_gmt":"2026-04-02T18:50:09","guid":{"rendered":"http:\/\/new.ceasuri.md\/shop\/uncategorized\/fossil-jacqueline-es3988\/"},"modified":"2026-04-17T13:24:59","modified_gmt":"2026-04-17T10:24:59","slug":"fossil-jacqueline-es3988","status":"publish","type":"product","link":"https:\/\/ceasuri.md\/ru\/shop\/branduri\/fossil\/fossil-jacqueline-es3988\/","title":{"rendered":"Ceas FOSSIL JACQUELINE ES3988"},"content":{"rendered":"<p>T\u00e2n\u0103r, activ, inteligent, cu un bun sim\u021b al stilului, cunosc\u00e2nd perfect toate regulile jocului \u00een culori&#8230;.. Ceasurile Fossil te caut\u0103!<\/p>\n<p>Tinerii din \u00eentreaga lume aleg hainele \u0219i accesoriile acestui brand pentru designul unic, \u00een care elementele retro coexist\u0103 str\u0103lucitor cu notele moderne, cre\u00e2nd o uniune armonioas\u0103.<\/p>\n<p>O combina\u021bie perfect\u0103 de feminitate \u0219i elegan\u021b\u0103 seduc\u0103toare. Acest ceas v\u0103 va completa perfect look-ul.<\/p>","protected":false},"excerpt":{"rendered":"<p>T\u00e2n\u0103r, activ, inteligent, cu un bun sim\u021b al stilului, cunosc\u00e2nd perfect toate regulile jocului \u00een culori&#8230;.. Ceasurile Fossil te caut\u0103! Tinerii din \u00eentreaga lume aleg hainele \u0219i accesoriile acestui brand pentru designul unic, \u00een care elementele retro coexist\u0103 str\u0103lucitor cu notele moderne, cre\u00e2nd o uniune armonioas\u0103. O combina\u021bie perfect\u0103 de feminitate \u0219i elegan\u021b\u0103 seduc\u0103toare. Acest [&hellip;]<\/p>\n","protected":false},"featured_media":41762,"comment_status":"closed","ping_status":"open","template":"","meta":{"_acf_changed":false},"product_brand":[],"product_cat":[25,396],"product_tag":[595,696,694,871],"class_list":{"0":"post-41761","1":"product","2":"type-product","3":"status-publish","4":"has-post-thumbnail","6":"product_cat-ceasuri-dama","7":"product_cat-fossil","8":"product_tag-cronograf","9":"product_tag-696","10":"product_tag-694","11":"product_tag-871","12":"pa_brand-fossil","13":"pa_braslet-piele","14":"pa_corpus-36-mm","15":"pa_forma-rotund","16":"pa_funcii-data","17":"pa_garatia-24-luni","18":"pa_korpus-roz-gold","19":"pa_kvarc-quartz","20":"pa_material-otel-inoxidabil","21":"pa_mehanizm-quartz","22":"pa_remeshok-roz","23":"pa_steklo-cristal-mineral","24":"pa_strana-sua","25":"pa_voda-3-atm","27":"first","28":"instock","29":"purchasable","30":"product-type-simple"},"acf":[],"_links":{"self":[{"href":"https:\/\/ceasuri.md\/ru\/wp-json\/wp\/v2\/product\/41761","targetHints":{"allow":["GET"]}}],"collection":[{"href":"https:\/\/ceasuri.md\/ru\/wp-json\/wp\/v2\/product"}],"about":[{"href":"https:\/\/ceasuri.md\/ru\/wp-json\/wp\/v2\/types\/product"}],"replies":[{"embeddable":true,"href":"https:\/\/ceasuri.md\/ru\/wp-json\/wp\/v2\/comments?post=41761"}],"wp:featuredmedia":[{"embeddable":true,"href":"https:\/\/ceasuri.md\/ru\/wp-json\/wp\/v2\/media\/41762"}],"wp:attachment":[{"href":"https:\/\/ceasuri.md\/ru\/wp-json\/wp\/v2\/media?parent=41761"}],"wp:term":[{"taxonomy":"product_brand","embeddable":true,"href":"https:\/\/ceasuri.md\/ru\/wp-json\/wp\/v2\/product_brand?post=41761"},{"taxonomy":"product_cat","embeddable":true,"href":"https:\/\/ceasuri.md\/ru\/wp-json\/wp\/v2\/product_cat?post=41761"},{"taxonomy":"product_tag","embeddable":true,"href":"https:\/\/ceasuri.md\/ru\/wp-json\/wp\/v2\/product_tag?post=41761"}],"curies":[{"name":"wp","href":"https:\/\/api.w.org\/{rel}","templated":true}]}}