{"id":41753,"date":"2026-04-02T21:50:09","date_gmt":"2026-04-02T18:50:09","guid":{"rendered":"http:\/\/new.ceasuri.md\/shop\/uncategorized\/diesel-ms9-dz1927\/"},"modified":"2026-04-19T15:53:59","modified_gmt":"2026-04-19T12:53:59","slug":"diesel-ms9-dz1927","status":"publish","type":"product","link":"https:\/\/ceasuri.md\/ru\/shop\/branduri\/diesel\/diesel-ms9-dz1927\/","title":{"rendered":"Ceas DIESEL MS9 DZ1927"},"content":{"rendered":"<p>Diesel este caracterizat de dinamism, inova\u021bie, stil individual \u0219i provocare.<\/p>\n<p>\u00cen ciuda evolu\u021biei extraordinare a brandului, filozofia Diesel r\u0103m\u00e2ne aceea\u0219i ca atunci c\u00e2nd brandul a fost creat \u00een 1978. Diesel se adreseaz\u0103 oamenilor afla\u021bi pe propriul drum \u00een via\u021b\u0103, celor care doresc s\u0103 \u00ee\u0219i exprime stilul individual \u0219i modul \u00een care se \u00eembrac\u0103.<\/p>","protected":false},"excerpt":{"rendered":"<p>Diesel este caracterizat de dinamism, inova\u021bie, stil individual \u0219i provocare. \u00cen ciuda evolu\u021biei extraordinare a brandului, filozofia Diesel r\u0103m\u00e2ne aceea\u0219i ca atunci c\u00e2nd brandul a fost creat \u00een 1978. Diesel se adreseaz\u0103 oamenilor afla\u021bi pe propriul drum \u00een via\u021b\u0103, celor care doresc s\u0103 \u00ee\u0219i exprime stilul individual \u0219i modul \u00een care se \u00eembrac\u0103.<\/p>","protected":false},"featured_media":41754,"comment_status":"closed","ping_status":"open","template":"","meta":{"_acf_changed":false},"product_brand":[],"product_cat":[20,25,580],"product_tag":[595,691,696,693,694,871,692],"class_list":{"0":"post-41753","1":"product","2":"type-product","3":"status-publish","4":"has-post-thumbnail","6":"product_cat-ceasuri-barbati","7":"product_cat-ceasuri-dama","8":"product_cat-diesel","9":"product_tag-cronograf","10":"product_tag-691","11":"product_tag-696","12":"product_tag-693","13":"product_tag-694","14":"product_tag-871","15":"product_tag-692","16":"pa_brand-diesel","17":"pa_braslet-plastic","18":"pa_corpus-44-mm","19":"pa_forma-rotund","20":"pa_funcii-data","21":"pa_garatia-24-luni","22":"pa_korpus-albastru-inchis","23":"pa_kvarc-quartz","24":"pa_material-otel-inoxidabil","25":"pa_mehanizm-quartz","26":"pa_remeshok-albastru-inchis","27":"pa_steklo-cristal-mineral","28":"pa_strana-italia","29":"pa_voda-5-atm","31":"first","32":"instock","33":"purchasable","34":"product-type-simple"},"acf":[],"_links":{"self":[{"href":"https:\/\/ceasuri.md\/ru\/wp-json\/wp\/v2\/product\/41753","targetHints":{"allow":["GET"]}}],"collection":[{"href":"https:\/\/ceasuri.md\/ru\/wp-json\/wp\/v2\/product"}],"about":[{"href":"https:\/\/ceasuri.md\/ru\/wp-json\/wp\/v2\/types\/product"}],"replies":[{"embeddable":true,"href":"https:\/\/ceasuri.md\/ru\/wp-json\/wp\/v2\/comments?post=41753"}],"wp:featuredmedia":[{"embeddable":true,"href":"https:\/\/ceasuri.md\/ru\/wp-json\/wp\/v2\/media\/41754"}],"wp:attachment":[{"href":"https:\/\/ceasuri.md\/ru\/wp-json\/wp\/v2\/media?parent=41753"}],"wp:term":[{"taxonomy":"product_brand","embeddable":true,"href":"https:\/\/ceasuri.md\/ru\/wp-json\/wp\/v2\/product_brand?post=41753"},{"taxonomy":"product_cat","embeddable":true,"href":"https:\/\/ceasuri.md\/ru\/wp-json\/wp\/v2\/product_cat?post=41753"},{"taxonomy":"product_tag","embeddable":true,"href":"https:\/\/ceasuri.md\/ru\/wp-json\/wp\/v2\/product_tag?post=41753"}],"curies":[{"name":"wp","href":"https:\/\/api.w.org\/{rel}","templated":true}]}}