{"id":41728,"date":"2026-04-02T21:50:09","date_gmt":"2026-04-02T18:50:09","guid":{"rendered":"http:\/\/new.ceasuri.md\/shop\/uncategorized\/casio-collection-mrw-200hd-1bvef\/"},"modified":"2026-04-07T04:02:16","modified_gmt":"2026-04-07T01:02:16","slug":"casio-collection-mrw-200hd-1bvef","status":"publish","type":"product","link":"https:\/\/ceasuri.md\/ru\/shop\/branduri\/casio\/casio-collection-mrw-200hd-1bvef\/","title":{"rendered":"Ceas CASIO COLLECTION MRW-200HD-1BVEF"},"content":{"rendered":"<p>Un ceas elegant care va fi un asistent excelent \u0219i un accesoriu modern \u00een look-ul unui b\u0103rbat.<\/p>\n<p>Acoperirea anti-reflexiv\u0103 care acumuleaz\u0103 lumin\u0103 asigur\u0103 o str\u0103lucire de lung\u0103 durat\u0103 \u00een \u00eentuneric, chiar \u0219i dup\u0103 o perioad\u0103 scurt\u0103 de timp \u00een lumin\u0103.<\/p>\n<p>Fereastr\u0103 pentru dat\u0103 \u0219i zi.<\/p>\n<p>Format de timp de 12 \u0219i 24 de ore.<\/p>\n<p>Luneta rotativ\u0103. Coroan\u0103 canelat\u0103 cu protec\u021bie.<\/p>","protected":false},"excerpt":{"rendered":"<p>Un ceas elegant care va fi un asistent excelent \u0219i un accesoriu modern \u00een look-ul unui b\u0103rbat. Acoperirea anti-reflexiv\u0103 care acumuleaz\u0103 lumin\u0103 asigur\u0103 o str\u0103lucire de lung\u0103 durat\u0103 \u00een \u00eentuneric, chiar \u0219i dup\u0103 o perioad\u0103 scurt\u0103 de timp \u00een lumin\u0103. Fereastr\u0103 pentru dat\u0103 \u0219i zi. Format de timp de 12 \u0219i 24 de ore. Luneta [&hellip;]<\/p>\n","protected":false},"featured_media":41729,"comment_status":"closed","ping_status":"open","template":"","meta":{"_acf_changed":false},"product_brand":[],"product_cat":[27,20],"product_tag":[595,693,694,871],"class_list":{"0":"post-41728","1":"product","2":"type-product","3":"status-publish","4":"has-post-thumbnail","6":"product_cat-casio","7":"product_cat-ceasuri-barbati","8":"product_tag-cronograf","9":"product_tag-693","10":"product_tag-694","11":"product_tag-871","12":"pa_brand-casio","13":"pa_braslet-otel-inoxidabil","14":"pa_corpus-45-mm","15":"pa_forma-rotund","16":"pa_funcii-data","17":"pa_funcii-ziua-saptamanii","18":"pa_garatia-24-luni","19":"pa_korpus-argintiu","20":"pa_material-plastic","21":"pa_mehanizm-quartz","22":"pa_remeshok-argintiu","23":"pa_steklo-plastic","24":"pa_strana-japonia","25":"pa_voda-10-atm","27":"first","28":"instock","29":"purchasable","30":"product-type-simple"},"acf":[],"_links":{"self":[{"href":"https:\/\/ceasuri.md\/ru\/wp-json\/wp\/v2\/product\/41728","targetHints":{"allow":["GET"]}}],"collection":[{"href":"https:\/\/ceasuri.md\/ru\/wp-json\/wp\/v2\/product"}],"about":[{"href":"https:\/\/ceasuri.md\/ru\/wp-json\/wp\/v2\/types\/product"}],"replies":[{"embeddable":true,"href":"https:\/\/ceasuri.md\/ru\/wp-json\/wp\/v2\/comments?post=41728"}],"wp:featuredmedia":[{"embeddable":true,"href":"https:\/\/ceasuri.md\/ru\/wp-json\/wp\/v2\/media\/41729"}],"wp:attachment":[{"href":"https:\/\/ceasuri.md\/ru\/wp-json\/wp\/v2\/media?parent=41728"}],"wp:term":[{"taxonomy":"product_brand","embeddable":true,"href":"https:\/\/ceasuri.md\/ru\/wp-json\/wp\/v2\/product_brand?post=41728"},{"taxonomy":"product_cat","embeddable":true,"href":"https:\/\/ceasuri.md\/ru\/wp-json\/wp\/v2\/product_cat?post=41728"},{"taxonomy":"product_tag","embeddable":true,"href":"https:\/\/ceasuri.md\/ru\/wp-json\/wp\/v2\/product_tag?post=41728"}],"curies":[{"name":"wp","href":"https:\/\/api.w.org\/{rel}","templated":true}]}}