{"id":41705,"date":"2026-04-02T21:50:09","date_gmt":"2026-04-02T18:50:09","guid":{"rendered":"http:\/\/new.ceasuri.md\/shop\/uncategorized\/anne-klein-box-set-ak-3466rgst\/"},"modified":"2026-04-20T00:04:12","modified_gmt":"2026-04-19T21:04:12","slug":"anne-klein-box-set-ak-3466rgst","status":"publish","type":"product","link":"https:\/\/ceasuri.md\/ru\/shop\/branduri\/anne-klein\/anne-klein-box-set-ak-3466rgst\/","title":{"rendered":"\u0427\u0430\u0441\u044b ANNE KLEIN BOX SET AK\/3466RGST"},"content":{"rendered":"<p>Timpul este etern, la fel \u0219i stilul cu colec\u021bia de ceasuri Anne Klein. Fiecare pies\u0103 de ceas din sortimentul nostru este o celebrare a gustului rafinat \u0219i a luxului discret. Aceast\u0103 colec\u021bie ofer\u0103 o selec\u021bie care se adreseaz\u0103 diferitelor momente din via\u021ba unei femei, fie c\u0103 \u00eencheie afaceri \u00een sala de consiliu sau se bucur\u0103 de un brunch pe \u00eendelete \u00een weekend.<\/p>\n<p>Ceasurile noastre sunt realizate cu precizie, oferind un amestec elegant de modele clasice \u0219i contemporane care pot completa orice garderob\u0103. De la simplitatea unei fe\u021be minimaliste care vorbe\u0219te despre dragostea femeii moderne pentru estetica elegant\u0103 p\u00e2n\u0103 la detaliile complexe ale pietrelor pre\u021bioase care adaug\u0103 o not\u0103 de rafinament, ceasurile Anne Klein sunt mai mult dec\u00e2t cronometre &#8211; sunt piese de bijuterie care ridic\u0103 orice ocazie.<\/p>\n<p>La fel de practice pe c\u00e2t sunt de la mod\u0103, aceste ceasuri sunt concepute pentru a fi pre\u021buite \u0219i purtate de-a lungul anotimpurilor. Cu un ochi pentru frumuse\u021bea atemporal\u0103 \u0219i un angajament fa\u021b\u0103 de calitate, colec\u021bia de ceasuri Anne Klein este locul \u00een care func\u021bionalitatea \u00eent\u00e2lne\u0219te farmecul, asigur\u00e2nd c\u0103 fiecare secund\u0103 este elegant\u0103.<\/p>","protected":false},"excerpt":{"rendered":"<p>Timpul este etern, la fel \u0219i stilul cu colec\u021bia de ceasuri Anne Klein. Fiecare pies\u0103 de ceas din sortimentul nostru este o celebrare a gustului rafinat \u0219i a luxului discret. Aceast\u0103 colec\u021bie ofer\u0103 o selec\u021bie care se adreseaz\u0103 diferitelor momente din via\u021ba unei femei, fie c\u0103 \u00eencheie afaceri \u00een sala de consiliu sau se bucur\u0103 [&hellip;]<\/p>\n","protected":false},"featured_media":41706,"comment_status":"closed","ping_status":"open","template":"","meta":{"_acf_changed":false},"product_brand":[],"product_cat":[573,25],"product_tag":[],"class_list":{"0":"post-41705","1":"product","2":"type-product","3":"status-publish","4":"has-post-thumbnail","6":"product_cat-anne-klein","7":"product_cat-ceasuri-dama","8":"pa_brand-anne-klein","9":"pa_braslet-otel-inoxidabil","10":"pa_corpus-28-mm","11":"pa_decor-cristale-swarowski","12":"pa_forma-rotund","13":"pa_funcii-set-cadou","14":"pa_garatia-24-luni","15":"pa_korpus-roz-gold","16":"pa_kvarc-quartz","17":"pa_material-alama","18":"pa_mehanizm-quartz","19":"pa_remeshok-roz-gold","20":"pa_steklo-cristal-mineral","21":"pa_strana-sua","22":"pa_voda-3-atm","24":"first","25":"instock","26":"purchasable","27":"product-type-simple"},"acf":[],"_links":{"self":[{"href":"https:\/\/ceasuri.md\/ru\/wp-json\/wp\/v2\/product\/41705","targetHints":{"allow":["GET"]}}],"collection":[{"href":"https:\/\/ceasuri.md\/ru\/wp-json\/wp\/v2\/product"}],"about":[{"href":"https:\/\/ceasuri.md\/ru\/wp-json\/wp\/v2\/types\/product"}],"replies":[{"embeddable":true,"href":"https:\/\/ceasuri.md\/ru\/wp-json\/wp\/v2\/comments?post=41705"}],"wp:featuredmedia":[{"embeddable":true,"href":"https:\/\/ceasuri.md\/ru\/wp-json\/wp\/v2\/media\/41706"}],"wp:attachment":[{"href":"https:\/\/ceasuri.md\/ru\/wp-json\/wp\/v2\/media?parent=41705"}],"wp:term":[{"taxonomy":"product_brand","embeddable":true,"href":"https:\/\/ceasuri.md\/ru\/wp-json\/wp\/v2\/product_brand?post=41705"},{"taxonomy":"product_cat","embeddable":true,"href":"https:\/\/ceasuri.md\/ru\/wp-json\/wp\/v2\/product_cat?post=41705"},{"taxonomy":"product_tag","embeddable":true,"href":"https:\/\/ceasuri.md\/ru\/wp-json\/wp\/v2\/product_tag?post=41705"}],"curies":[{"name":"wp","href":"https:\/\/api.w.org\/{rel}","templated":true}]}}