{"id":41694,"date":"2026-04-02T21:49:27","date_gmt":"2026-04-02T18:49:27","guid":{"rendered":"http:\/\/new.ceasuri.md\/shop\/uncategorized\/anne-klein-crystal-metals-ak-3001svrt\/"},"modified":"2026-04-20T01:12:37","modified_gmt":"2026-04-19T22:12:37","slug":"anne-klein-crystal-metals-ak-3001svrt","status":"publish","type":"product","link":"https:\/\/ceasuri.md\/ru\/shop\/branduri\/anne-klein\/anne-klein-crystal-metals-ak-3001svrt\/","title":{"rendered":"\u0427\u0430\u0441\u044b ANNE KLEIN CRYSTAL METALS AK\/3001SVRT"},"content":{"rendered":"<p>Elegan\u021ba \u0219i stilul modern al acestui ceas vor cuceri inimile celor mai sofisticate fashioniste.<\/p>\n<p>Culorile principale sunt argintiu \u0219i aur roz. Cadranul argintiu este u\u0219or \u0219i aerisit, f\u0103r\u0103 marcaje orare. A doua m\u00e2n\u0103 este plasat\u0103 pe un cadran separat, care este decorat cu o \u00eempr\u0103\u0219tiere de cristale Swarovski.<\/p>\n<p>Br\u0103\u021bara este \u00eempletit\u0103 milanez\u0103 \u0219i poate fi ajustat\u0103 rapid pentru a se potrivi \u00eencheieturii. Diametrul carcasei 34 mm.<\/p>","protected":false},"excerpt":{"rendered":"<p>Elegan\u021ba \u0219i stilul modern al acestui ceas vor cuceri inimile celor mai sofisticate fashioniste. Culorile principale sunt argintiu \u0219i aur roz. Cadranul argintiu este u\u0219or \u0219i aerisit, f\u0103r\u0103 marcaje orare. A doua m\u00e2n\u0103 este plasat\u0103 pe un cadran separat, care este decorat cu o \u00eempr\u0103\u0219tiere de cristale Swarovski. Br\u0103\u021bara este \u00eempletit\u0103 milanez\u0103 \u0219i poate fi [&hellip;]<\/p>\n","protected":false},"featured_media":41695,"comment_status":"closed","ping_status":"open","template":"","meta":{"_acf_changed":false},"product_brand":[],"product_cat":[573,25],"product_tag":[],"class_list":{"0":"post-41694","1":"product","2":"type-product","3":"status-publish","4":"has-post-thumbnail","6":"product_cat-anne-klein","7":"product_cat-ceasuri-dama","8":"pa_brand-anne-klein","9":"pa_braslet-otel-inoxidabil","10":"pa_corpus-34-mm","11":"pa_decor-cristale-swarowski","12":"pa_forma-rotund","13":"pa_funcii-offset-second-hand","14":"pa_garatia-24-luni","15":"pa_korpus-roz-gold","16":"pa_kvarc-quartz","17":"pa_material-alama","18":"pa_mehanizm-quartz","19":"pa_remeshok-argintiu","20":"pa_steklo-cristal-mineral","21":"pa_strana-sua","22":"pa_voda-3-atm","24":"first","25":"instock","26":"purchasable","27":"product-type-simple"},"acf":[],"_links":{"self":[{"href":"https:\/\/ceasuri.md\/ru\/wp-json\/wp\/v2\/product\/41694","targetHints":{"allow":["GET"]}}],"collection":[{"href":"https:\/\/ceasuri.md\/ru\/wp-json\/wp\/v2\/product"}],"about":[{"href":"https:\/\/ceasuri.md\/ru\/wp-json\/wp\/v2\/types\/product"}],"replies":[{"embeddable":true,"href":"https:\/\/ceasuri.md\/ru\/wp-json\/wp\/v2\/comments?post=41694"}],"wp:featuredmedia":[{"embeddable":true,"href":"https:\/\/ceasuri.md\/ru\/wp-json\/wp\/v2\/media\/41695"}],"wp:attachment":[{"href":"https:\/\/ceasuri.md\/ru\/wp-json\/wp\/v2\/media?parent=41694"}],"wp:term":[{"taxonomy":"product_brand","embeddable":true,"href":"https:\/\/ceasuri.md\/ru\/wp-json\/wp\/v2\/product_brand?post=41694"},{"taxonomy":"product_cat","embeddable":true,"href":"https:\/\/ceasuri.md\/ru\/wp-json\/wp\/v2\/product_cat?post=41694"},{"taxonomy":"product_tag","embeddable":true,"href":"https:\/\/ceasuri.md\/ru\/wp-json\/wp\/v2\/product_tag?post=41694"}],"curies":[{"name":"wp","href":"https:\/\/api.w.org\/{rel}","templated":true}]}}