{"id":41679,"date":"2026-04-02T21:49:27","date_gmt":"2026-04-02T18:49:27","guid":{"rendered":"http:\/\/new.ceasuri.md\/shop\/uncategorized\/anne-klein-crystal-metals-ak-3417gyrt\/"},"modified":"2026-04-20T00:04:11","modified_gmt":"2026-04-19T21:04:11","slug":"anne-klein-crystal-metals-ak-3417gyrt","status":"publish","type":"product","link":"https:\/\/ceasuri.md\/ru\/shop\/branduri\/anne-klein\/anne-klein-crystal-metals-ak-3417gyrt\/","title":{"rendered":"\u0427\u0430\u0441\u044b ANNE KLEIN CRYSTAL METALS AK\/3417GYRT"},"content":{"rendered":"<p>Urbane \u0219i elegante, ceasurile Anne Klein pun moda pe primul loc \u0219i completeaz\u0103 perfect orice \u021binut\u0103, fie pentru zi sau sear\u0103.<\/p>\n<p>Ceasurile Anne Klein sunt potrivite at\u00e2t \u00een timpul zilei la birou, c\u00e2t \u0219i \u00een weekend \u0219i pentru evenimente speciale.<\/p>\n<p>Ele fac ecou pulsului marilor ora\u0219e ale lumii, fiind perfect adaptate stilului modern al individualit\u0103\u021bii depline.<\/p>","protected":false},"excerpt":{"rendered":"<p>Urbane \u0219i elegante, ceasurile Anne Klein pun moda pe primul loc \u0219i completeaz\u0103 perfect orice \u021binut\u0103, fie pentru zi sau sear\u0103. Ceasurile Anne Klein sunt potrivite at\u00e2t \u00een timpul zilei la birou, c\u00e2t \u0219i \u00een weekend \u0219i pentru evenimente speciale. Ele fac ecou pulsului marilor ora\u0219e ale lumii, fiind perfect adaptate stilului modern al individualit\u0103\u021bii [&hellip;]<\/p>\n","protected":false},"featured_media":41680,"comment_status":"closed","ping_status":"open","template":"","meta":{"_acf_changed":false},"product_brand":[],"product_cat":[573,25],"product_tag":[],"class_list":{"0":"post-41679","1":"product","2":"type-product","3":"status-publish","4":"has-post-thumbnail","6":"product_cat-anne-klein","7":"product_cat-ceasuri-dama","8":"pa_brand-anne-klein","9":"pa_braslet-otel-inoxidabil","10":"pa_corpus-35-mm","11":"pa_decor-cristale-swarowski","12":"pa_forma-rotund","13":"pa_funcii-offset-second-hand","14":"pa_garatia-24-luni","15":"pa_korpus-negru","16":"pa_kvarc-quartz","17":"pa_material-alama","18":"pa_mehanizm-quartz","19":"pa_remeshok-negru","20":"pa_steklo-cristal-mineral","21":"pa_strana-sua","22":"pa_voda-3-atm","24":"first","25":"instock","26":"purchasable","27":"product-type-simple"},"acf":[],"_links":{"self":[{"href":"https:\/\/ceasuri.md\/ru\/wp-json\/wp\/v2\/product\/41679","targetHints":{"allow":["GET"]}}],"collection":[{"href":"https:\/\/ceasuri.md\/ru\/wp-json\/wp\/v2\/product"}],"about":[{"href":"https:\/\/ceasuri.md\/ru\/wp-json\/wp\/v2\/types\/product"}],"replies":[{"embeddable":true,"href":"https:\/\/ceasuri.md\/ru\/wp-json\/wp\/v2\/comments?post=41679"}],"wp:featuredmedia":[{"embeddable":true,"href":"https:\/\/ceasuri.md\/ru\/wp-json\/wp\/v2\/media\/41680"}],"wp:attachment":[{"href":"https:\/\/ceasuri.md\/ru\/wp-json\/wp\/v2\/media?parent=41679"}],"wp:term":[{"taxonomy":"product_brand","embeddable":true,"href":"https:\/\/ceasuri.md\/ru\/wp-json\/wp\/v2\/product_brand?post=41679"},{"taxonomy":"product_cat","embeddable":true,"href":"https:\/\/ceasuri.md\/ru\/wp-json\/wp\/v2\/product_cat?post=41679"},{"taxonomy":"product_tag","embeddable":true,"href":"https:\/\/ceasuri.md\/ru\/wp-json\/wp\/v2\/product_tag?post=41679"}],"curies":[{"name":"wp","href":"https:\/\/api.w.org\/{rel}","templated":true}]}}