{"id":41674,"date":"2026-04-02T21:49:27","date_gmt":"2026-04-02T18:49:27","guid":{"rendered":"http:\/\/new.ceasuri.md\/shop\/uncategorized\/anne-klein-considered-solar-ak-3610gpwt\/"},"modified":"2026-04-20T00:04:16","modified_gmt":"2026-04-19T21:04:16","slug":"anne-klein-considered-solar-ak-3610gpwt","status":"publish","type":"product","link":"https:\/\/ceasuri.md\/ru\/shop\/branduri\/anne-klein\/anne-klein-considered-solar-ak-3610gpwt\/","title":{"rendered":"\u0427\u0430\u0441\u044b ANNE KLEIN CONSIDERED SOLAR AK\/3610GPWT"},"content":{"rendered":"<p>Ceasurile Anne Klein fac parte din brandul inovator \u0219i avangardist Anne Klein, ini\u021biat de designerul de mod\u0103 omonim \u00een America \u00een 1968.<\/p>\n<p>Sinonim cu \u00eembr\u0103c\u0103mintea sport american\u0103 la mod\u0103 de peste o jum\u0103tate de secol, brandul Anne Klein func\u021bioneaz\u0103 dup\u0103 filozofia c\u0103 femeile care poart\u0103 hainele \u0219i accesoriile sunt cele care vor schimba lumea.<\/p>\n<p>Eticheta Anne Klein lucreaz\u0103 \u00een colaborare cu o serie de designeri de mod\u0103 interna\u021bionali pentru a produce o gam\u0103 de produse care pot fi descrise ca &#8222;elemente esen\u021biale ridicate&#8221; care se vor reg\u0103si \u00eentotdeauna \u00een fa\u021ba garderobei, iar aceast\u0103 gam\u0103 de ceasuri Anne Klein se potrive\u0219te cu siguran\u021b\u0103.<\/p>\n<p>Ceasurile Anne Klein au o simplitate elegant\u0103 care nu se demodeaz\u0103 niciodat\u0103 \u0219i acoper\u0103 at\u00e2t stiluri complicate \u0219i delicate bazate pe bijuterii, c\u00e2t \u0219i modele mai func\u021bionale de purtat zi de zi.<\/p>","protected":false},"excerpt":{"rendered":"<p>Ceasurile Anne Klein fac parte din brandul inovator \u0219i avangardist Anne Klein, ini\u021biat de designerul de mod\u0103 omonim \u00een America \u00een 1968. Sinonim cu \u00eembr\u0103c\u0103mintea sport american\u0103 la mod\u0103 de peste o jum\u0103tate de secol, brandul Anne Klein func\u021bioneaz\u0103 dup\u0103 filozofia c\u0103 femeile care poart\u0103 hainele \u0219i accesoriile sunt cele care vor schimba lumea. Eticheta [&hellip;]<\/p>\n","protected":false},"featured_media":41675,"comment_status":"closed","ping_status":"open","template":"","meta":{"_acf_changed":false},"product_brand":[],"product_cat":[573,25],"product_tag":[],"class_list":{"0":"post-41674","1":"product","2":"type-product","3":"status-publish","4":"has-post-thumbnail","6":"product_cat-anne-klein","7":"product_cat-ceasuri-dama","8":"pa_brand-anne-klein","9":"pa_braslet-otel-inoxidabil","10":"pa_corpus-34-mm","11":"pa_decor-cristale-swarowski","12":"pa_forma-rotund","13":"pa_garatia-24-luni","14":"pa_korpus-auriu","15":"pa_kvarc-quartz","16":"pa_material-alama","17":"pa_mehanizm-baterie-solara","18":"pa_mehanizm-quartz","19":"pa_remeshok-bicolor","20":"pa_steklo-cristal-mineral","21":"pa_strana-sua","22":"pa_voda-3-atm","24":"first","25":"instock","26":"purchasable","27":"product-type-simple"},"acf":[],"_links":{"self":[{"href":"https:\/\/ceasuri.md\/ru\/wp-json\/wp\/v2\/product\/41674","targetHints":{"allow":["GET"]}}],"collection":[{"href":"https:\/\/ceasuri.md\/ru\/wp-json\/wp\/v2\/product"}],"about":[{"href":"https:\/\/ceasuri.md\/ru\/wp-json\/wp\/v2\/types\/product"}],"replies":[{"embeddable":true,"href":"https:\/\/ceasuri.md\/ru\/wp-json\/wp\/v2\/comments?post=41674"}],"wp:featuredmedia":[{"embeddable":true,"href":"https:\/\/ceasuri.md\/ru\/wp-json\/wp\/v2\/media\/41675"}],"wp:attachment":[{"href":"https:\/\/ceasuri.md\/ru\/wp-json\/wp\/v2\/media?parent=41674"}],"wp:term":[{"taxonomy":"product_brand","embeddable":true,"href":"https:\/\/ceasuri.md\/ru\/wp-json\/wp\/v2\/product_brand?post=41674"},{"taxonomy":"product_cat","embeddable":true,"href":"https:\/\/ceasuri.md\/ru\/wp-json\/wp\/v2\/product_cat?post=41674"},{"taxonomy":"product_tag","embeddable":true,"href":"https:\/\/ceasuri.md\/ru\/wp-json\/wp\/v2\/product_tag?post=41674"}],"curies":[{"name":"wp","href":"https:\/\/api.w.org\/{rel}","templated":true}]}}