{"id":41670,"date":"2021-11-30T22:31:00","date_gmt":"2021-11-30T20:31:00","guid":{"rendered":"http:\/\/new.ceasuri.md\/shop\/uncategorized\/anne-klein-ceramic-ak-3344nvrg\/"},"modified":"2026-05-01T16:28:21","modified_gmt":"2026-05-01T13:28:21","slug":"anne-klein-ceramic-ak-3344nvrg","status":"publish","type":"product","link":"https:\/\/ceasuri.md\/ru\/shop\/branduri\/anne-klein\/anne-klein-ceramic-ak-3344nvrg\/","title":{"rendered":"\u0427\u0430\u0441\u044b ANNE KLEIN CERAMIC AK\/3344NVRG"},"content":{"rendered":"<p>Ceasurile pentru femei Anne Klein sunt realizate \u00eentr-un stil clasic elegant \u0219i decorate cu cristale Swarovski.<\/p>\n<p>Ceasurile de m\u00e2n\u0103 ale acestui brand american sunt caracterizate de durabilitatea mi\u0219c\u0103rii cu cuar\u021b, precum \u0219i de fiabilitatea materialelor din care sunt fabricate carcasa \u0219i br\u0103\u021bara.<\/p>\n<p>Cadranul este protejat de o sticl\u0103 mineral\u0103 durabil\u0103, iar ceasul \u00een sine este rezistent la ap\u0103 p\u00e2n\u0103 la 30 de metri (ceasul nu este potrivit pentru \u00eenot).<\/p>","protected":false},"excerpt":{"rendered":"<p>Ceasurile pentru femei Anne Klein sunt realizate \u00eentr-un stil clasic elegant \u0219i decorate cu cristale Swarovski. Ceasurile de m\u00e2n\u0103 ale acestui brand american sunt caracterizate de durabilitatea mi\u0219c\u0103rii cu cuar\u021b, precum \u0219i de fiabilitatea materialelor din care sunt fabricate carcasa \u0219i br\u0103\u021bara. Cadranul este protejat de o sticl\u0103 mineral\u0103 durabil\u0103, iar ceasul \u00een sine este [&hellip;]<\/p>\n","protected":false},"featured_media":41671,"comment_status":"closed","ping_status":"open","template":"","meta":{"_acf_changed":false},"product_brand":[],"product_cat":[573,25],"product_tag":[],"class_list":{"0":"post-41670","1":"product","2":"type-product","3":"status-publish","4":"has-post-thumbnail","6":"product_cat-anne-klein","7":"product_cat-ceasuri-dama","8":"pa_brand-anne-klein","9":"pa_braslet-otel-inoxidabil","10":"pa_corpus-32-mm","11":"pa_decor-cristale-swarowski","12":"pa_forma-rotund","13":"pa_garatia-24-luni","14":"pa_korpus-roz-gold","15":"pa_kvarc-quartz","16":"pa_material-alama","17":"pa_mehanizm-quartz","18":"pa_remeshok-bicolor","19":"pa_steklo-cristal-mineral","20":"pa_strana-sua","21":"pa_voda-3-atm","23":"first","24":"instock","25":"purchasable","26":"product-type-simple"},"acf":[],"_links":{"self":[{"href":"https:\/\/ceasuri.md\/ru\/wp-json\/wp\/v2\/product\/41670","targetHints":{"allow":["GET"]}}],"collection":[{"href":"https:\/\/ceasuri.md\/ru\/wp-json\/wp\/v2\/product"}],"about":[{"href":"https:\/\/ceasuri.md\/ru\/wp-json\/wp\/v2\/types\/product"}],"replies":[{"embeddable":true,"href":"https:\/\/ceasuri.md\/ru\/wp-json\/wp\/v2\/comments?post=41670"}],"wp:featuredmedia":[{"embeddable":true,"href":"https:\/\/ceasuri.md\/ru\/wp-json\/wp\/v2\/media\/41671"}],"wp:attachment":[{"href":"https:\/\/ceasuri.md\/ru\/wp-json\/wp\/v2\/media?parent=41670"}],"wp:term":[{"taxonomy":"product_brand","embeddable":true,"href":"https:\/\/ceasuri.md\/ru\/wp-json\/wp\/v2\/product_brand?post=41670"},{"taxonomy":"product_cat","embeddable":true,"href":"https:\/\/ceasuri.md\/ru\/wp-json\/wp\/v2\/product_cat?post=41670"},{"taxonomy":"product_tag","embeddable":true,"href":"https:\/\/ceasuri.md\/ru\/wp-json\/wp\/v2\/product_tag?post=41670"}],"curies":[{"name":"wp","href":"https:\/\/api.w.org\/{rel}","templated":true}]}}