{"id":41653,"date":"2021-11-30T22:31:00","date_gmt":"2021-11-30T20:31:00","guid":{"rendered":"http:\/\/new.ceasuri.md\/shop\/uncategorized\/anne-klein-diamond-ak-2512nvgb\/"},"modified":"2026-05-01T16:28:12","modified_gmt":"2026-05-01T13:28:12","slug":"anne-klein-diamond-ak-2512nvgb","status":"publish","type":"product","link":"https:\/\/ceasuri.md\/ru\/shop\/branduri\/anne-klein\/anne-klein-diamond-ak-2512nvgb\/","title":{"rendered":"\u0427\u0430\u0441\u044b ANNE KLEIN DIAMOND AK\/2512NVGB"},"content":{"rendered":"<p>Ceasul Anne Klein este o combina\u021bie perfect\u0103 de feminitate \u0219i elegan\u021b\u0103. Astfel de ceasuri vor atrage orice fat\u0103.<\/p>\n<p>Multe modele sunt \u00eencrustate cu cristale Swarovski \u0219i diamante, str\u0103lucirea pietrelor uime\u0219te ochiul<\/p>\n<p>. <\/p>\n<p>Un sortiment larg va satisface avantajele oric\u0103rei fashioniste. Fie c\u0103 este o femeie de afaceri care apreciaz\u0103 stricte\u021bea, fie o fashionist\u0103 care iube\u0219te accesoriile glamorous.<\/p>\n<p>\u00cen colec\u021biile de ceasuri ale acestui brand fiecare va putea g\u0103si ceva pe placul s\u0103u. \u00cen produc\u021bia de ceasuri a acestui brand se g\u0103sesc adesea materiale diferite, mai ales ceramic\u0103 multicolor\u0103. Acesta poate fi folosit pentru carcas\u0103, br\u0103\u021bar\u0103 sau \u00eentregul ceas.<\/p>","protected":false},"excerpt":{"rendered":"<p>Ceasul Anne Klein este o combina\u021bie perfect\u0103 de feminitate \u0219i elegan\u021b\u0103. Astfel de ceasuri vor atrage orice fat\u0103. Multe modele sunt \u00eencrustate cu cristale Swarovski \u0219i diamante, str\u0103lucirea pietrelor uime\u0219te ochiul . Un sortiment larg va satisface avantajele oric\u0103rei fashioniste. Fie c\u0103 este o femeie de afaceri care apreciaz\u0103 stricte\u021bea, fie o fashionist\u0103 care iube\u0219te [&hellip;]<\/p>\n","protected":false},"featured_media":41654,"comment_status":"closed","ping_status":"open","template":"","meta":{"_acf_changed":false},"product_brand":[],"product_cat":[573,25],"product_tag":[],"class_list":{"0":"post-41653","1":"product","2":"type-product","3":"status-publish","4":"has-post-thumbnail","6":"product_cat-anne-klein","7":"product_cat-ceasuri-dama","8":"pa_brand-anne-klein","9":"pa_braslet-otel-inoxidabil","10":"pa_corpus-34-mm","11":"pa_decor-diamante","12":"pa_forma-rotund","13":"pa_garatia-24-luni","14":"pa_korpus-auriu","15":"pa_kvarc-quartz","16":"pa_material-alama","17":"pa_mehanizm-quartz","18":"pa_remeshok-bicolor","19":"pa_steklo-cristal-mineral","20":"pa_strana-sua","21":"pa_voda-3-atm","23":"first","24":"instock","25":"purchasable","26":"product-type-simple"},"acf":[],"_links":{"self":[{"href":"https:\/\/ceasuri.md\/ru\/wp-json\/wp\/v2\/product\/41653","targetHints":{"allow":["GET"]}}],"collection":[{"href":"https:\/\/ceasuri.md\/ru\/wp-json\/wp\/v2\/product"}],"about":[{"href":"https:\/\/ceasuri.md\/ru\/wp-json\/wp\/v2\/types\/product"}],"replies":[{"embeddable":true,"href":"https:\/\/ceasuri.md\/ru\/wp-json\/wp\/v2\/comments?post=41653"}],"wp:featuredmedia":[{"embeddable":true,"href":"https:\/\/ceasuri.md\/ru\/wp-json\/wp\/v2\/media\/41654"}],"wp:attachment":[{"href":"https:\/\/ceasuri.md\/ru\/wp-json\/wp\/v2\/media?parent=41653"}],"wp:term":[{"taxonomy":"product_brand","embeddable":true,"href":"https:\/\/ceasuri.md\/ru\/wp-json\/wp\/v2\/product_brand?post=41653"},{"taxonomy":"product_cat","embeddable":true,"href":"https:\/\/ceasuri.md\/ru\/wp-json\/wp\/v2\/product_cat?post=41653"},{"taxonomy":"product_tag","embeddable":true,"href":"https:\/\/ceasuri.md\/ru\/wp-json\/wp\/v2\/product_tag?post=41653"}],"curies":[{"name":"wp","href":"https:\/\/api.w.org\/{rel}","templated":true}]}}