{"id":41607,"date":"2026-04-02T21:48:40","date_gmt":"2026-04-02T18:48:40","guid":{"rendered":"http:\/\/new.ceasuri.md\/shop\/uncategorized\/casio-g-shock-gma-s140nc-5a2\/"},"modified":"2026-04-20T00:08:15","modified_gmt":"2026-04-19T21:08:15","slug":"casio-g-shock-gma-s140nc-5a2","status":"publish","type":"product","link":"https:\/\/ceasuri.md\/ru\/shop\/branduri\/casio\/casio-g-shock-gma-s140nc-5a2\/","title":{"rendered":"\u0427\u0430\u0441\u044b CASIO G-SHOCK GMA-S140NC-5A2"},"content":{"rendered":"<p>De la G-SHOCK, ceasurile de rezisten\u021b\u0103 care evolueaz\u0103 mereu \u00eentr-o c\u0103utare nesf\u00e2r\u0219it\u0103 a for\u021bei, acest model de dimensiuni medii este cu o m\u0103rime mai mic\u0103 dec\u00e2t modelul standard.<\/p>\n<p>Modelul de baz\u0103 este o versiune de dimensiuni medii a popularului model GA-140 cu combina\u021bie digital\u0103-analogic\u0103.<\/p>\n<p>Un model la mod\u0103 care folose\u0219te materiale translucide la mod\u0103 \u0219i dispune de un ceas analogic \u0219i un afi\u0219aj digital compus din culori naturale.<\/p>","protected":false},"excerpt":{"rendered":"<p>De la G-SHOCK, ceasurile de rezisten\u021b\u0103 care evolueaz\u0103 mereu \u00eentr-o c\u0103utare nesf\u00e2r\u0219it\u0103 a for\u021bei, acest model de dimensiuni medii este cu o m\u0103rime mai mic\u0103 dec\u00e2t modelul standard. Modelul de baz\u0103 este o versiune de dimensiuni medii a popularului model GA-140 cu combina\u021bie digital\u0103-analogic\u0103. Un model la mod\u0103 care folose\u0219te materiale translucide la mod\u0103 \u0219i [&hellip;]<\/p>\n","protected":false},"featured_media":41608,"comment_status":"closed","ping_status":"open","template":"","meta":{"_acf_changed":false},"product_brand":[],"product_cat":[27,25,419],"product_tag":[],"class_list":{"0":"post-41607","1":"product","2":"type-product","3":"status-publish","4":"has-post-thumbnail","6":"product_cat-casio","7":"product_cat-ceasuri-dama","8":"product_cat-g-shock","9":"pa_brand-casio","10":"pa_brand-g-shock","11":"pa_braslet-plastic","12":"pa_corpus-46-mm","13":"pa_forma-rotund","14":"pa_funcii-alarma","15":"pa_funcii-calendar","16":"pa_funcii-cronometru","17":"pa_funcii-iluminare","18":"pa_funcii-timp-mondial","19":"pa_garatia-24-luni","20":"pa_korpus-maro","21":"pa_kvarc-quartz","22":"pa_material-plastic","23":"pa_mehanizm-electronic","24":"pa_mehanizm-quartz","25":"pa_remeshok-maro","26":"pa_steklo-cristal-mineral","27":"pa_strana-japonia","28":"pa_voda-20-atm","30":"first","31":"instock","32":"purchasable","33":"product-type-simple"},"acf":[],"_links":{"self":[{"href":"https:\/\/ceasuri.md\/ru\/wp-json\/wp\/v2\/product\/41607","targetHints":{"allow":["GET"]}}],"collection":[{"href":"https:\/\/ceasuri.md\/ru\/wp-json\/wp\/v2\/product"}],"about":[{"href":"https:\/\/ceasuri.md\/ru\/wp-json\/wp\/v2\/types\/product"}],"replies":[{"embeddable":true,"href":"https:\/\/ceasuri.md\/ru\/wp-json\/wp\/v2\/comments?post=41607"}],"wp:featuredmedia":[{"embeddable":true,"href":"https:\/\/ceasuri.md\/ru\/wp-json\/wp\/v2\/media\/41608"}],"wp:attachment":[{"href":"https:\/\/ceasuri.md\/ru\/wp-json\/wp\/v2\/media?parent=41607"}],"wp:term":[{"taxonomy":"product_brand","embeddable":true,"href":"https:\/\/ceasuri.md\/ru\/wp-json\/wp\/v2\/product_brand?post=41607"},{"taxonomy":"product_cat","embeddable":true,"href":"https:\/\/ceasuri.md\/ru\/wp-json\/wp\/v2\/product_cat?post=41607"},{"taxonomy":"product_tag","embeddable":true,"href":"https:\/\/ceasuri.md\/ru\/wp-json\/wp\/v2\/product_tag?post=41607"}],"curies":[{"name":"wp","href":"https:\/\/api.w.org\/{rel}","templated":true}]}}