{"id":41599,"date":"2026-04-02T21:48:40","date_gmt":"2026-04-02T18:48:40","guid":{"rendered":"http:\/\/new.ceasuri.md\/shop\/uncategorized\/casio-g-shock-ga-140gb-1a2\/"},"modified":"2026-04-20T00:07:46","modified_gmt":"2026-04-19T21:07:46","slug":"casio-g-shock-ga-140gb-1a2","status":"publish","type":"product","link":"https:\/\/ceasuri.md\/ru\/shop\/branduri\/casio\/casio-g-shock-ga-140gb-1a2\/","title":{"rendered":"Ceas CASIO G-SHOCK GA-140GB-1A2"},"content":{"rendered":"<p>De la G-SHOCK, ceasurile de rezisten\u021b\u0103 care evolueaz\u0103 mereu \u00eentr-o c\u0103utare nesf\u00e2r\u0219it\u0103 a for\u021bei, acest model combinat analog-digital prezint\u0103 un design actualizat al cadranului \u0219i forma m\u00e2inii. Prezint\u0103 un finisaj lucios negru \u0219i aurit lustruit.<\/p>\n<p>Un model cu o structur\u0103 G-SHOCK rezistent\u0103 \u0219i un stil chic foarte ar\u0103tos, care se potrive\u0219te perfect cu moda stradal\u0103.<\/p>","protected":false},"excerpt":{"rendered":"<p>De la G-SHOCK, ceasurile de rezisten\u021b\u0103 care evolueaz\u0103 mereu \u00eentr-o c\u0103utare nesf\u00e2r\u0219it\u0103 a for\u021bei, acest model combinat analog-digital prezint\u0103 un design actualizat al cadranului \u0219i forma m\u00e2inii. Prezint\u0103 un finisaj lucios negru \u0219i aurit lustruit. Un model cu o structur\u0103 G-SHOCK rezistent\u0103 \u0219i un stil chic foarte ar\u0103tos, care se potrive\u0219te perfect cu moda stradal\u0103.<\/p>","protected":false},"featured_media":41600,"comment_status":"closed","ping_status":"open","template":"","meta":{"_acf_changed":false},"product_brand":[],"product_cat":[27,20,419],"product_tag":[693,695],"class_list":{"0":"post-41599","1":"product","2":"type-product","3":"status-publish","4":"has-post-thumbnail","6":"product_cat-casio","7":"product_cat-ceasuri-barbati","8":"product_cat-g-shock","9":"product_tag-693","10":"product_tag-695","11":"pa_brand-casio","12":"pa_brand-g-shock","13":"pa_braslet-plastic","14":"pa_corpus-51-mm","15":"pa_forma-rotund","16":"pa_funcii-alarma","17":"pa_funcii-calendar","18":"pa_funcii-cronometru","19":"pa_funcii-iluminare","20":"pa_funcii-timp-mondial","21":"pa_garatia-24-luni","22":"pa_korpus-negru","23":"pa_kvarc-quartz","24":"pa_material-plastic","25":"pa_mehanizm-electronic","26":"pa_mehanizm-quartz","27":"pa_remeshok-negru","28":"pa_steklo-cristal-mineral","29":"pa_strana-japonia","30":"pa_voda-20-atm","32":"first","33":"instock","34":"purchasable","35":"product-type-simple"},"acf":[],"_links":{"self":[{"href":"https:\/\/ceasuri.md\/ru\/wp-json\/wp\/v2\/product\/41599","targetHints":{"allow":["GET"]}}],"collection":[{"href":"https:\/\/ceasuri.md\/ru\/wp-json\/wp\/v2\/product"}],"about":[{"href":"https:\/\/ceasuri.md\/ru\/wp-json\/wp\/v2\/types\/product"}],"replies":[{"embeddable":true,"href":"https:\/\/ceasuri.md\/ru\/wp-json\/wp\/v2\/comments?post=41599"}],"wp:featuredmedia":[{"embeddable":true,"href":"https:\/\/ceasuri.md\/ru\/wp-json\/wp\/v2\/media\/41600"}],"wp:attachment":[{"href":"https:\/\/ceasuri.md\/ru\/wp-json\/wp\/v2\/media?parent=41599"}],"wp:term":[{"taxonomy":"product_brand","embeddable":true,"href":"https:\/\/ceasuri.md\/ru\/wp-json\/wp\/v2\/product_brand?post=41599"},{"taxonomy":"product_cat","embeddable":true,"href":"https:\/\/ceasuri.md\/ru\/wp-json\/wp\/v2\/product_cat?post=41599"},{"taxonomy":"product_tag","embeddable":true,"href":"https:\/\/ceasuri.md\/ru\/wp-json\/wp\/v2\/product_tag?post=41599"}],"curies":[{"name":"wp","href":"https:\/\/api.w.org\/{rel}","templated":true}]}}