{"id":41569,"date":"2026-04-02T21:48:40","date_gmt":"2026-04-02T18:48:40","guid":{"rendered":"http:\/\/new.ceasuri.md\/shop\/uncategorized\/casio-edifice-efv-600d-4a\/"},"modified":"2026-04-07T04:01:47","modified_gmt":"2026-04-07T01:01:47","slug":"casio-edifice-efv-600d-4a","status":"publish","type":"product","link":"https:\/\/ceasuri.md\/ru\/shop\/branduri\/casio\/casio-edifice-efv-600d-4a\/","title":{"rendered":"Ceas CASIO EDIFICE EFV-600D-4A"},"content":{"rendered":"<p>Casio se g\u00e2nde\u0219te cu aten\u021bie la viitorul ceasurilor de m\u00e2n\u0103. Scopul este un ceas care s\u0103 fie solicitat \u00eentr-o varietate de aplica\u021bii \u0219i s\u0103 afi\u0219eze ora cu cea mai mare precizie.<\/p>\n<p>Atunci c\u00e2nd produce ceasuri, Casio acord\u0103 cea mai mare aten\u021bie fiec\u0103rui detaliu, utiliz\u00e2nd poten\u021bialul ascuns nelimitat al electronicii \u0219i introduc\u00e2nd tehnologii care nu sunt disponibile pentru al\u021bi produc\u0103tori.<\/p>\n<p>\u00cen procesul de creare a noilor ceasuri, Casio ia cele mai \u00eendr\u0103zne\u021be decizii, f\u0103r\u0103 a se limita la g\u00e2ndirea standard.<\/p>\n<p>Un cronograf EDIFICE standard de dimensiuni medii.<\/p>\n<p>Culoarea \u00een gradient de pe cadran este conceput\u0103 pentru a crea imaginea crepusculului chiar \u00eenainte de startul unei curse de noapte.<\/p>\n<p>Utilizarea culorii portocalii pe m\u00e2na a doua \u0219i pe m\u00e2na inserat\u0103 a cadranului spore\u0219te vizibilitatea.<\/p>","protected":false},"excerpt":{"rendered":"<p>Casio se g\u00e2nde\u0219te cu aten\u021bie la viitorul ceasurilor de m\u00e2n\u0103. Scopul este un ceas care s\u0103 fie solicitat \u00eentr-o varietate de aplica\u021bii \u0219i s\u0103 afi\u0219eze ora cu cea mai mare precizie. Atunci c\u00e2nd produce ceasuri, Casio acord\u0103 cea mai mare aten\u021bie fiec\u0103rui detaliu, utiliz\u00e2nd poten\u021bialul ascuns nelimitat al electronicii \u0219i introduc\u00e2nd tehnologii care nu sunt [&hellip;]<\/p>\n","protected":false},"featured_media":41570,"comment_status":"closed","ping_status":"open","template":"","meta":{"_acf_changed":false},"product_brand":[],"product_cat":[27,20,536],"product_tag":[],"class_list":{"0":"post-41569","1":"product","2":"type-product","3":"status-publish","4":"has-post-thumbnail","6":"product_cat-casio","7":"product_cat-ceasuri-barbati","8":"product_cat-edifice","9":"pa_brand-casio","10":"pa_brand-edifice","11":"pa_braslet-otel-inoxidabil","12":"pa_corpus-44-mm","13":"pa_forma-rotund","14":"pa_funcii-cronograf","15":"pa_funcii-data","16":"pa_garatia-24-luni","17":"pa_korpus-argintiu","18":"pa_material-otel-inoxidabil","19":"pa_mehanizm-quartz","20":"pa_remeshok-argintiu","21":"pa_steklo-cristal-mineral","22":"pa_strana-japonia","23":"pa_voda-10-atm","25":"first","26":"instock","27":"purchasable","28":"product-type-simple"},"acf":[],"_links":{"self":[{"href":"https:\/\/ceasuri.md\/ru\/wp-json\/wp\/v2\/product\/41569","targetHints":{"allow":["GET"]}}],"collection":[{"href":"https:\/\/ceasuri.md\/ru\/wp-json\/wp\/v2\/product"}],"about":[{"href":"https:\/\/ceasuri.md\/ru\/wp-json\/wp\/v2\/types\/product"}],"replies":[{"embeddable":true,"href":"https:\/\/ceasuri.md\/ru\/wp-json\/wp\/v2\/comments?post=41569"}],"wp:featuredmedia":[{"embeddable":true,"href":"https:\/\/ceasuri.md\/ru\/wp-json\/wp\/v2\/media\/41570"}],"wp:attachment":[{"href":"https:\/\/ceasuri.md\/ru\/wp-json\/wp\/v2\/media?parent=41569"}],"wp:term":[{"taxonomy":"product_brand","embeddable":true,"href":"https:\/\/ceasuri.md\/ru\/wp-json\/wp\/v2\/product_brand?post=41569"},{"taxonomy":"product_cat","embeddable":true,"href":"https:\/\/ceasuri.md\/ru\/wp-json\/wp\/v2\/product_cat?post=41569"},{"taxonomy":"product_tag","embeddable":true,"href":"https:\/\/ceasuri.md\/ru\/wp-json\/wp\/v2\/product_tag?post=41569"}],"curies":[{"name":"wp","href":"https:\/\/api.w.org\/{rel}","templated":true}]}}