{"id":41561,"date":"2026-04-02T21:48:40","date_gmt":"2026-04-02T18:48:40","guid":{"rendered":"http:\/\/new.ceasuri.md\/shop\/uncategorized\/casio-edifice-efr-571db-1a1\/"},"modified":"2026-04-07T04:01:45","modified_gmt":"2026-04-07T01:01:45","slug":"casio-edifice-efr-571db-1a1","status":"publish","type":"product","link":"https:\/\/ceasuri.md\/ru\/shop\/branduri\/casio\/casio-edifice-efr-571db-1a1\/","title":{"rendered":"Ceas CASIO EDIFICE EFR-571DB-1A1"},"content":{"rendered":"<p>Un cronograf cu design \u00eendr\u0103zne\u021b. Un cronograf EDIFICE standard mare.<\/p>\n<p>Indicii extra-sub\u021biri, tridimensionali \u0219i ascu\u021bi\u021bi, precum \u0219i cadranul interior sunt finisate \u00eentr-un design dinamic \u0219i sportiv. Luneta este tratat\u0103 cu un IP negru rezistent la zg\u00e2rieturi.<\/p>\n<p>cadran retrograd pe partea de la ora 9 a cadranului interior avanseaz\u0103 \u00een form\u0103 de evantai cu acul de minut al cronometrului \u0219i revine la 0 la fiecare 10 minute.<\/p>","protected":false},"excerpt":{"rendered":"<p>Un cronograf cu design \u00eendr\u0103zne\u021b. Un cronograf EDIFICE standard mare. Indicii extra-sub\u021biri, tridimensionali \u0219i ascu\u021bi\u021bi, precum \u0219i cadranul interior sunt finisate \u00eentr-un design dinamic \u0219i sportiv. Luneta este tratat\u0103 cu un IP negru rezistent la zg\u00e2rieturi. cadran retrograd pe partea de la ora 9 a cadranului interior avanseaz\u0103 \u00een form\u0103 de evantai cu acul de [&hellip;]<\/p>\n","protected":false},"featured_media":41562,"comment_status":"closed","ping_status":"open","template":"","meta":{"_acf_changed":false},"product_brand":[],"product_cat":[27,20,536],"product_tag":[],"class_list":{"0":"post-41561","1":"product","2":"type-product","3":"status-publish","4":"has-post-thumbnail","6":"product_cat-casio","7":"product_cat-ceasuri-barbati","8":"product_cat-edifice","9":"pa_brand-casio","10":"pa_brand-edifice","11":"pa_braslet-otel-inoxidabil","12":"pa_corpus-47-mm","13":"pa_forma-rotund","14":"pa_funcii-cronograf","15":"pa_funcii-data","16":"pa_garatia-24-luni","17":"pa_korpus-argintiu","18":"pa_material-otel-inoxidabil","19":"pa_mehanizm-quartz","20":"pa_remeshok-argintiu","21":"pa_steklo-cristal-mineral","22":"pa_strana-japonia","23":"pa_voda-10-atm","25":"first","26":"instock","27":"purchasable","28":"product-type-simple"},"acf":[],"_links":{"self":[{"href":"https:\/\/ceasuri.md\/ru\/wp-json\/wp\/v2\/product\/41561","targetHints":{"allow":["GET"]}}],"collection":[{"href":"https:\/\/ceasuri.md\/ru\/wp-json\/wp\/v2\/product"}],"about":[{"href":"https:\/\/ceasuri.md\/ru\/wp-json\/wp\/v2\/types\/product"}],"replies":[{"embeddable":true,"href":"https:\/\/ceasuri.md\/ru\/wp-json\/wp\/v2\/comments?post=41561"}],"wp:featuredmedia":[{"embeddable":true,"href":"https:\/\/ceasuri.md\/ru\/wp-json\/wp\/v2\/media\/41562"}],"wp:attachment":[{"href":"https:\/\/ceasuri.md\/ru\/wp-json\/wp\/v2\/media?parent=41561"}],"wp:term":[{"taxonomy":"product_brand","embeddable":true,"href":"https:\/\/ceasuri.md\/ru\/wp-json\/wp\/v2\/product_brand?post=41561"},{"taxonomy":"product_cat","embeddable":true,"href":"https:\/\/ceasuri.md\/ru\/wp-json\/wp\/v2\/product_cat?post=41561"},{"taxonomy":"product_tag","embeddable":true,"href":"https:\/\/ceasuri.md\/ru\/wp-json\/wp\/v2\/product_tag?post=41561"}],"curies":[{"name":"wp","href":"https:\/\/api.w.org\/{rel}","templated":true}]}}