{"id":41557,"date":"2026-04-02T21:48:40","date_gmt":"2026-04-02T18:48:40","guid":{"rendered":"http:\/\/new.ceasuri.md\/shop\/uncategorized\/casio-edifice-efr-571d-1avuef\/"},"modified":"2026-04-20T00:07:09","modified_gmt":"2026-04-19T21:07:09","slug":"casio-edifice-efr-571d-1avuef","status":"publish","type":"product","link":"https:\/\/ceasuri.md\/ru\/shop\/branduri\/casio\/casio-edifice-efr-571d-1avuef\/","title":{"rendered":"Ceas CASIO EDIFICE EFR-571D-1AVUEF"},"content":{"rendered":"<p>Cronograf cu design \u00eendr\u0103zne\u021b. Un cronograf EDIFICE standard de mari dimensiuni.<\/p>\n<p>Indicii extra-sub\u021biri, tridimensionali \u0219i ascu\u021bi\u021bi, precum \u0219i cadranul interior sunt finisate \u00eentr-un design dinamic \u0219i sportiv.<\/p>\n<p>Un cadran retrograd pe partea de la ora 9 a cadranului interior avanseaz\u0103 \u00een form\u0103 de evantai cu acul de minut al cronometrului \u0219i revine la 0 la fiecare 10 minute.<\/p>","protected":false},"excerpt":{"rendered":"<p>Cronograf cu design \u00eendr\u0103zne\u021b. Un cronograf EDIFICE standard de mari dimensiuni. Indicii extra-sub\u021biri, tridimensionali \u0219i ascu\u021bi\u021bi, precum \u0219i cadranul interior sunt finisate \u00eentr-un design dinamic \u0219i sportiv. Un cadran retrograd pe partea de la ora 9 a cadranului interior avanseaz\u0103 \u00een form\u0103 de evantai cu acul de minut al cronometrului \u0219i revine la 0 la [&hellip;]<\/p>\n","protected":false},"featured_media":41558,"comment_status":"closed","ping_status":"open","template":"","meta":{"_acf_changed":false},"product_brand":[],"product_cat":[27,20,536],"product_tag":[],"class_list":{"0":"post-41557","1":"product","2":"type-product","3":"status-publish","4":"has-post-thumbnail","6":"product_cat-casio","7":"product_cat-ceasuri-barbati","8":"product_cat-edifice","9":"pa_brand-casio","10":"pa_brand-edifice","11":"pa_braslet-otel-inoxidabil","12":"pa_corpus-47-mm","13":"pa_forma-rotund","14":"pa_funcii-cronograf","15":"pa_funcii-data","16":"pa_garatia-24-luni","17":"pa_korpus-argintiu","18":"pa_kvarc-quartz","19":"pa_material-otel-inoxidabil","20":"pa_mehanizm-quartz","21":"pa_remeshok-argintiu","22":"pa_steklo-cristal-mineral","23":"pa_strana-japonia","24":"pa_voda-10-atm","26":"first","27":"instock","28":"purchasable","29":"product-type-simple"},"acf":[],"_links":{"self":[{"href":"https:\/\/ceasuri.md\/ru\/wp-json\/wp\/v2\/product\/41557","targetHints":{"allow":["GET"]}}],"collection":[{"href":"https:\/\/ceasuri.md\/ru\/wp-json\/wp\/v2\/product"}],"about":[{"href":"https:\/\/ceasuri.md\/ru\/wp-json\/wp\/v2\/types\/product"}],"replies":[{"embeddable":true,"href":"https:\/\/ceasuri.md\/ru\/wp-json\/wp\/v2\/comments?post=41557"}],"wp:featuredmedia":[{"embeddable":true,"href":"https:\/\/ceasuri.md\/ru\/wp-json\/wp\/v2\/media\/41558"}],"wp:attachment":[{"href":"https:\/\/ceasuri.md\/ru\/wp-json\/wp\/v2\/media?parent=41557"}],"wp:term":[{"taxonomy":"product_brand","embeddable":true,"href":"https:\/\/ceasuri.md\/ru\/wp-json\/wp\/v2\/product_brand?post=41557"},{"taxonomy":"product_cat","embeddable":true,"href":"https:\/\/ceasuri.md\/ru\/wp-json\/wp\/v2\/product_cat?post=41557"},{"taxonomy":"product_tag","embeddable":true,"href":"https:\/\/ceasuri.md\/ru\/wp-json\/wp\/v2\/product_tag?post=41557"}],"curies":[{"name":"wp","href":"https:\/\/api.w.org\/{rel}","templated":true}]}}