{"id":41554,"date":"2026-04-02T21:48:40","date_gmt":"2026-04-02T18:48:40","guid":{"rendered":"http:\/\/new.ceasuri.md\/shop\/uncategorized\/casio-collection-mwd-100hd-1a\/"},"modified":"2026-04-20T00:10:35","modified_gmt":"2026-04-19T21:10:35","slug":"casio-collection-mwd-100hd-1a","status":"publish","type":"product","link":"https:\/\/ceasuri.md\/ru\/shop\/branduri\/casio\/casio-collection-mwd-100hd-1a\/","title":{"rendered":"\u0427\u0430\u0441\u044b CASIO COLLECTION MWD-100HD-1A"},"content":{"rendered":"<p>Acest ceas cu cronometru \u0219i cronometru este un ajutor indispensabil pentru activit\u0103\u021bile sportive.<\/p>\n<p>Cadranul este luminat de un LED luminos. Afterglow. Culoarea luminii de fundal: portocaliu.<\/p>\n<p>Al doilea fus orar. Format de 12 \u0219i 24 de ore.<\/p>\n<p>Cronometru cu precizie de 1\/100s \u0219i timp de m\u0103surare de 24 de ore.<\/p>\n<p>Cronometru cu num\u0103r\u0103toare invers\u0103 cu repeti\u021bie automat\u0103 de la 1min la 24h.<\/p>\n<p>\u00cencuietoarea de siguran\u021b\u0103 de pe br\u0103\u021bar\u0103 previne desfacerea accidental\u0103.<\/p>","protected":false},"excerpt":{"rendered":"<p>Acest ceas cu cronometru \u0219i cronometru este un ajutor indispensabil pentru activit\u0103\u021bile sportive. Cadranul este luminat de un LED luminos. Afterglow. Culoarea luminii de fundal: portocaliu. Al doilea fus orar. Format de 12 \u0219i 24 de ore. Cronometru cu precizie de 1\/100s \u0219i timp de m\u0103surare de 24 de ore. Cronometru cu num\u0103r\u0103toare invers\u0103 cu [&hellip;]<\/p>\n","protected":false},"featured_media":41555,"comment_status":"closed","ping_status":"open","template":"","meta":{"_acf_changed":false},"product_brand":[],"product_cat":[27,20],"product_tag":[],"class_list":{"0":"post-41554","1":"product","2":"type-product","3":"status-publish","4":"has-post-thumbnail","6":"product_cat-casio","7":"product_cat-ceasuri-barbati","8":"pa_brand-casio","9":"pa_braslet-otel-inoxidabil","10":"pa_corpus-51-mm","11":"pa_forma-rotund","12":"pa_funcii-alarma","13":"pa_funcii-calendar","14":"pa_funcii-cronometru","15":"pa_funcii-dual-time","16":"pa_funcii-iluminare","17":"pa_garatia-24-luni","18":"pa_korpus-argintiu","19":"pa_kvarc-quartz","20":"pa_material-otel-inoxidabil","21":"pa_material-plastic","22":"pa_mehanizm-electronic","23":"pa_remeshok-argintiu","24":"pa_steklo-plastic","25":"pa_strana-japonia","26":"pa_voda-10-atm","28":"first","29":"instock","30":"purchasable","31":"product-type-simple"},"acf":[],"_links":{"self":[{"href":"https:\/\/ceasuri.md\/ru\/wp-json\/wp\/v2\/product\/41554","targetHints":{"allow":["GET"]}}],"collection":[{"href":"https:\/\/ceasuri.md\/ru\/wp-json\/wp\/v2\/product"}],"about":[{"href":"https:\/\/ceasuri.md\/ru\/wp-json\/wp\/v2\/types\/product"}],"replies":[{"embeddable":true,"href":"https:\/\/ceasuri.md\/ru\/wp-json\/wp\/v2\/comments?post=41554"}],"wp:featuredmedia":[{"embeddable":true,"href":"https:\/\/ceasuri.md\/ru\/wp-json\/wp\/v2\/media\/41555"}],"wp:attachment":[{"href":"https:\/\/ceasuri.md\/ru\/wp-json\/wp\/v2\/media?parent=41554"}],"wp:term":[{"taxonomy":"product_brand","embeddable":true,"href":"https:\/\/ceasuri.md\/ru\/wp-json\/wp\/v2\/product_brand?post=41554"},{"taxonomy":"product_cat","embeddable":true,"href":"https:\/\/ceasuri.md\/ru\/wp-json\/wp\/v2\/product_cat?post=41554"},{"taxonomy":"product_tag","embeddable":true,"href":"https:\/\/ceasuri.md\/ru\/wp-json\/wp\/v2\/product_tag?post=41554"}],"curies":[{"name":"wp","href":"https:\/\/api.w.org\/{rel}","templated":true}]}}