{"id":41539,"date":"2026-04-02T21:47:57","date_gmt":"2026-04-02T18:47:57","guid":{"rendered":"http:\/\/new.ceasuri.md\/shop\/uncategorized\/casio-collection-mwa-100h-1a\/"},"modified":"2026-04-20T00:10:32","modified_gmt":"2026-04-19T21:10:32","slug":"casio-collection-mwa-100h-1a","status":"publish","type":"product","link":"https:\/\/ceasuri.md\/ru\/shop\/branduri\/casio\/casio-collection-mwa-100h-1a\/","title":{"rendered":"Ceas CASIO COLLECTION MWA-100H-1A"},"content":{"rendered":"<p>Un ceas un accesoriu indispensabil pentru fiecare zi pentru b\u0103rba\u021bi.<\/p>\n<p>Cadranul este luminat de un LED luminos. Dup\u0103 str\u0103lucire. Culoarea luminii de fundal: portocaliu.<\/p>\n<p>ormat de timp de 12 \u0219i 24 de ore. Marcaje de curs\u0103 \u0219i dou\u0103 cifre arabe.<\/p>\n<p>Coroan\u0103 protejat\u0103. Fundul carcasei este fixat cu 4 \u0219uruburi.<\/p>\n<p>Curea din polimer cu cataram\u0103 clasic\u0103.<\/p>","protected":false},"excerpt":{"rendered":"<p>Un ceas un accesoriu indispensabil pentru fiecare zi pentru b\u0103rba\u021bi. Cadranul este luminat de un LED luminos. Dup\u0103 str\u0103lucire. Culoarea luminii de fundal: portocaliu. ormat de timp de 12 \u0219i 24 de ore. Marcaje de curs\u0103 \u0219i dou\u0103 cifre arabe. Coroan\u0103 protejat\u0103. Fundul carcasei este fixat cu 4 \u0219uruburi. Curea din polimer cu cataram\u0103 clasic\u0103.<\/p>","protected":false},"featured_media":41540,"comment_status":"closed","ping_status":"open","template":"","meta":{"_acf_changed":false},"product_brand":[],"product_cat":[27,20],"product_tag":[],"class_list":{"0":"post-41539","1":"product","2":"type-product","3":"status-publish","4":"has-post-thumbnail","6":"product_cat-casio","7":"product_cat-ceasuri-barbati","8":"pa_brand-casio","9":"pa_braslet-plastic","10":"pa_corpus-51-mm","11":"pa_forma-rotund","12":"pa_funcii-iluminare","13":"pa_garatia-24-luni","14":"pa_korpus-argintiu","15":"pa_kvarc-quartz","16":"pa_material-otel-inoxidabil","17":"pa_material-plastic","18":"pa_mehanizm-quartz","19":"pa_remeshok-negru","20":"pa_steklo-plastic","21":"pa_strana-japonia","22":"pa_voda-10-atm","24":"first","25":"outofstock","26":"purchasable","27":"product-type-simple"},"acf":[],"_links":{"self":[{"href":"https:\/\/ceasuri.md\/ru\/wp-json\/wp\/v2\/product\/41539","targetHints":{"allow":["GET"]}}],"collection":[{"href":"https:\/\/ceasuri.md\/ru\/wp-json\/wp\/v2\/product"}],"about":[{"href":"https:\/\/ceasuri.md\/ru\/wp-json\/wp\/v2\/types\/product"}],"replies":[{"embeddable":true,"href":"https:\/\/ceasuri.md\/ru\/wp-json\/wp\/v2\/comments?post=41539"}],"wp:featuredmedia":[{"embeddable":true,"href":"https:\/\/ceasuri.md\/ru\/wp-json\/wp\/v2\/media\/41540"}],"wp:attachment":[{"href":"https:\/\/ceasuri.md\/ru\/wp-json\/wp\/v2\/media?parent=41539"}],"wp:term":[{"taxonomy":"product_brand","embeddable":true,"href":"https:\/\/ceasuri.md\/ru\/wp-json\/wp\/v2\/product_brand?post=41539"},{"taxonomy":"product_cat","embeddable":true,"href":"https:\/\/ceasuri.md\/ru\/wp-json\/wp\/v2\/product_cat?post=41539"},{"taxonomy":"product_tag","embeddable":true,"href":"https:\/\/ceasuri.md\/ru\/wp-json\/wp\/v2\/product_tag?post=41539"}],"curies":[{"name":"wp","href":"https:\/\/api.w.org\/{rel}","templated":true}]}}