{"id":41531,"date":"2026-04-02T21:47:57","date_gmt":"2026-04-02T18:47:57","guid":{"rendered":"http:\/\/new.ceasuri.md\/shop\/uncategorized\/casio-collection-mq-24-7b2leg\/"},"modified":"2026-04-20T00:09:49","modified_gmt":"2026-04-19T21:09:49","slug":"casio-collection-mq-24-7b2leg","status":"publish","type":"product","link":"https:\/\/ceasuri.md\/ru\/shop\/branduri\/casio\/casio-collection-mq-24-7b2leg\/","title":{"rendered":"\u0427\u0430\u0441\u044b CASIO COLLECTION MQ-24-7B2LEG"},"content":{"rendered":"<p>Casio se g\u00e2nde\u0219te cu aten\u021bie la viitorul ceasurilor de m\u00e2n\u0103. obiectivul este un ceas care s\u0103 fie solicitat \u00een diverse domenii de aplicare \u0219i s\u0103 afi\u0219eze cel mai precis timp.<\/p>\n<p>\u00een produc\u021bia de ceasuri, Casio acord\u0103 o aten\u021bie maxim\u0103 fiec\u0103rui detaliu, utiliz\u00e2nd poten\u021bialul ascuns nelimitat al electronicii \u0219i introduc\u00e2nd tehnologii care nu sunt disponibile pentru al\u021bi produc\u0103tori.<\/p>\n<p>\u00een procesul de creare a noilor ceasuri, Casio nu se limiteaz\u0103 la g\u00e2ndirea standard. Casio ia cele mai \u00eendr\u0103zne\u021be decizii.<\/p>\n<p>Designul vintage laconic v\u0103 va permite s\u0103 ar\u0103ta\u021bi elegant \u00een fiecare zi.<\/p>","protected":false},"excerpt":{"rendered":"<p>Casio se g\u00e2nde\u0219te cu aten\u021bie la viitorul ceasurilor de m\u00e2n\u0103. obiectivul este un ceas care s\u0103 fie solicitat \u00een diverse domenii de aplicare \u0219i s\u0103 afi\u0219eze cel mai precis timp. \u00een produc\u021bia de ceasuri, Casio acord\u0103 o aten\u021bie maxim\u0103 fiec\u0103rui detaliu, utiliz\u00e2nd poten\u021bialul ascuns nelimitat al electronicii \u0219i introduc\u00e2nd tehnologii care nu sunt disponibile pentru [&hellip;]<\/p>\n","protected":false},"featured_media":41532,"comment_status":"closed","ping_status":"open","template":"","meta":{"_acf_changed":false},"product_brand":[],"product_cat":[27,25],"product_tag":[],"class_list":{"0":"post-41531","1":"product","2":"type-product","3":"status-publish","4":"has-post-thumbnail","6":"product_cat-casio","7":"product_cat-ceasuri-dama","8":"pa_brand-casio","9":"pa_braslet-plastic","10":"pa_corpus-34-mm","11":"pa_forma-rotund","12":"pa_garatia-24-luni","13":"pa_korpus-negru","14":"pa_kvarc-quartz","15":"pa_material-plastic","16":"pa_mehanizm-quartz","17":"pa_remeshok-negru","18":"pa_steklo-plastic","19":"pa_strana-japonia","20":"pa_voda-3-atm","22":"first","23":"instock","24":"purchasable","25":"product-type-simple"},"acf":[],"_links":{"self":[{"href":"https:\/\/ceasuri.md\/ru\/wp-json\/wp\/v2\/product\/41531","targetHints":{"allow":["GET"]}}],"collection":[{"href":"https:\/\/ceasuri.md\/ru\/wp-json\/wp\/v2\/product"}],"about":[{"href":"https:\/\/ceasuri.md\/ru\/wp-json\/wp\/v2\/types\/product"}],"replies":[{"embeddable":true,"href":"https:\/\/ceasuri.md\/ru\/wp-json\/wp\/v2\/comments?post=41531"}],"wp:featuredmedia":[{"embeddable":true,"href":"https:\/\/ceasuri.md\/ru\/wp-json\/wp\/v2\/media\/41532"}],"wp:attachment":[{"href":"https:\/\/ceasuri.md\/ru\/wp-json\/wp\/v2\/media?parent=41531"}],"wp:term":[{"taxonomy":"product_brand","embeddable":true,"href":"https:\/\/ceasuri.md\/ru\/wp-json\/wp\/v2\/product_brand?post=41531"},{"taxonomy":"product_cat","embeddable":true,"href":"https:\/\/ceasuri.md\/ru\/wp-json\/wp\/v2\/product_cat?post=41531"},{"taxonomy":"product_tag","embeddable":true,"href":"https:\/\/ceasuri.md\/ru\/wp-json\/wp\/v2\/product_tag?post=41531"}],"curies":[{"name":"wp","href":"https:\/\/api.w.org\/{rel}","templated":true}]}}