{"id":41518,"date":"2026-04-02T21:47:57","date_gmt":"2026-04-02T18:47:57","guid":{"rendered":"http:\/\/new.ceasuri.md\/shop\/uncategorized\/casio-edifice-efr-s108d-1avuef\/"},"modified":"2026-04-17T13:09:00","modified_gmt":"2026-04-17T10:09:00","slug":"casio-edifice-efr-s108d-1avuef","status":"publish","type":"product","link":"https:\/\/ceasuri.md\/ru\/shop\/branduri\/casio\/casio-edifice-efr-s108d-1avuef\/","title":{"rendered":"Ceas CASIO EDIFICE EFR-S108D-1AVUEF"},"content":{"rendered":"<p>Versiunea de zi cu zi a ceasului Casio v\u0103 va \u00eenc\u00e2nta cu precizia \u0219i calitatea sa superioar\u0103.<\/p>\n<p>Ceas ultra-sub\u021bire cu o precizie de +\/- 20 de secunde pe lun\u0103.<\/p>\n<p>Stratul antireflex care acumuleaz\u0103 lumin\u0103 asigur\u0103 o str\u0103lucire de lung\u0103 durat\u0103 \u00een \u00eentuneric, chiar \u0219i dup\u0103 o scurt\u0103 expunere la lumin\u0103.<\/p>\n<p>Fereastr\u0103 pentru dat\u0103.<\/p>\n<p>Coroan\u0103 protejat\u0103. \u00cencuietoarea de siguran\u021b\u0103 de pe br\u0103\u021bar\u0103 previne desfacerea accidental\u0103.<\/p>","protected":false},"excerpt":{"rendered":"<p>Versiunea de zi cu zi a ceasului Casio v\u0103 va \u00eenc\u00e2nta cu precizia \u0219i calitatea sa superioar\u0103. Ceas ultra-sub\u021bire cu o precizie de +\/- 20 de secunde pe lun\u0103. Stratul antireflex care acumuleaz\u0103 lumin\u0103 asigur\u0103 o str\u0103lucire de lung\u0103 durat\u0103 \u00een \u00eentuneric, chiar \u0219i dup\u0103 o scurt\u0103 expunere la lumin\u0103. Fereastr\u0103 pentru dat\u0103. Coroan\u0103 protejat\u0103. [&hellip;]<\/p>\n","protected":false},"featured_media":41519,"comment_status":"closed","ping_status":"open","template":"","meta":{"_acf_changed":false},"product_brand":[],"product_cat":[27,20,536],"product_tag":[],"class_list":{"0":"post-41518","1":"product","2":"type-product","3":"status-publish","4":"has-post-thumbnail","6":"product_cat-casio","7":"product_cat-ceasuri-barbati","8":"product_cat-edifice","9":"pa_brand-casio","10":"pa_brand-edifice","11":"pa_braslet-otel-inoxidabil","12":"pa_corpus-45-mm","13":"pa_forma-rotund","14":"pa_funcii-data","15":"pa_garatia-24-luni","16":"pa_korpus-argintiu","17":"pa_kvarc-quartz","18":"pa_material-otel-inoxidabil","19":"pa_mehanizm-quartz","20":"pa_remeshok-argintiu","21":"pa_steklo-cristal-safir","22":"pa_strana-japonia","23":"pa_voda-10-atm","25":"first","26":"instock","27":"purchasable","28":"product-type-simple"},"acf":[],"_links":{"self":[{"href":"https:\/\/ceasuri.md\/ru\/wp-json\/wp\/v2\/product\/41518","targetHints":{"allow":["GET"]}}],"collection":[{"href":"https:\/\/ceasuri.md\/ru\/wp-json\/wp\/v2\/product"}],"about":[{"href":"https:\/\/ceasuri.md\/ru\/wp-json\/wp\/v2\/types\/product"}],"replies":[{"embeddable":true,"href":"https:\/\/ceasuri.md\/ru\/wp-json\/wp\/v2\/comments?post=41518"}],"wp:featuredmedia":[{"embeddable":true,"href":"https:\/\/ceasuri.md\/ru\/wp-json\/wp\/v2\/media\/41519"}],"wp:attachment":[{"href":"https:\/\/ceasuri.md\/ru\/wp-json\/wp\/v2\/media?parent=41518"}],"wp:term":[{"taxonomy":"product_brand","embeddable":true,"href":"https:\/\/ceasuri.md\/ru\/wp-json\/wp\/v2\/product_brand?post=41518"},{"taxonomy":"product_cat","embeddable":true,"href":"https:\/\/ceasuri.md\/ru\/wp-json\/wp\/v2\/product_cat?post=41518"},{"taxonomy":"product_tag","embeddable":true,"href":"https:\/\/ceasuri.md\/ru\/wp-json\/wp\/v2\/product_tag?post=41518"}],"curies":[{"name":"wp","href":"https:\/\/api.w.org\/{rel}","templated":true}]}}