{"id":41458,"date":"2026-04-02T21:47:13","date_gmt":"2026-04-02T18:47:13","guid":{"rendered":"http:\/\/new.ceasuri.md\/shop\/uncategorized\/anne-klein-ceramic-ak-3344wtrg\/"},"modified":"2026-04-07T04:01:26","modified_gmt":"2026-04-07T01:01:26","slug":"anne-klein-ceramic-ak-3344wtrg","status":"publish","type":"product","link":"https:\/\/ceasuri.md\/ru\/shop\/branduri\/anne-klein\/anne-klein-ceramic-ak-3344wtrg\/","title":{"rendered":"Ceas ANNE KLEIN CERAMIC AK\/3344WTRG"},"content":{"rendered":"<p>Ceasurile Anne Klein sunt un accesoriu must-have pentru femeia modern\u0103, o bijuterie elegant\u0103.<\/p>\n<p>Printre numeroasele colec\u021bii exist\u0103 modele pentru toate gusturile: pentru purtarea zilnic\u0103 \u0219i stilul sportiv, precum \u0219i pentru ie\u0219irile de sear\u0103; cu o\u021bel periat \u0219i ceramic\u0103 colorat\u0103; cadrane realizate din perle naturale \u0219i pietre de la cristale Swarovski la diamante. Iar \u00een interiorul carcaselor se afl\u0103 mi\u0219c\u0103ri cu cuar\u021b Miyota sau Ronda de \u00eenalt\u0103 calitate.<\/p>\n<p>Str\u0103luci\u021bi \u00een acest ceas de lux cu cadran din nuc\u0103 \u00eempodobit cu cristale Swarovski.<\/p>","protected":false},"excerpt":{"rendered":"<p>Ceasurile Anne Klein sunt un accesoriu must-have pentru femeia modern\u0103, o bijuterie elegant\u0103. Printre numeroasele colec\u021bii exist\u0103 modele pentru toate gusturile: pentru purtarea zilnic\u0103 \u0219i stilul sportiv, precum \u0219i pentru ie\u0219irile de sear\u0103; cu o\u021bel periat \u0219i ceramic\u0103 colorat\u0103; cadrane realizate din perle naturale \u0219i pietre de la cristale Swarovski la diamante. Iar \u00een interiorul [&hellip;]<\/p>\n","protected":false},"featured_media":41459,"comment_status":"closed","ping_status":"open","template":"","meta":{"_acf_changed":false},"product_brand":[],"product_cat":[573,25],"product_tag":[],"class_list":{"0":"post-41458","1":"product","2":"type-product","3":"status-publish","4":"has-post-thumbnail","6":"product_cat-anne-klein","7":"product_cat-ceasuri-dama","8":"pa_brand-anne-klein","9":"pa_braslet-otel-inoxidabil","10":"pa_corpus-32-mm","11":"pa_decor-cristale-swarowski","12":"pa_forma-rotund","13":"pa_garatia-24-luni","14":"pa_korpus-roz-gold","15":"pa_material-alama","16":"pa_mehanizm-quartz","17":"pa_remeshok-bicolor","18":"pa_steklo-cristal-mineral","19":"pa_strana-sua","20":"pa_voda-3-atm","22":"first","23":"instock","24":"purchasable","25":"product-type-simple"},"acf":[],"_links":{"self":[{"href":"https:\/\/ceasuri.md\/ru\/wp-json\/wp\/v2\/product\/41458","targetHints":{"allow":["GET"]}}],"collection":[{"href":"https:\/\/ceasuri.md\/ru\/wp-json\/wp\/v2\/product"}],"about":[{"href":"https:\/\/ceasuri.md\/ru\/wp-json\/wp\/v2\/types\/product"}],"replies":[{"embeddable":true,"href":"https:\/\/ceasuri.md\/ru\/wp-json\/wp\/v2\/comments?post=41458"}],"wp:featuredmedia":[{"embeddable":true,"href":"https:\/\/ceasuri.md\/ru\/wp-json\/wp\/v2\/media\/41459"}],"wp:attachment":[{"href":"https:\/\/ceasuri.md\/ru\/wp-json\/wp\/v2\/media?parent=41458"}],"wp:term":[{"taxonomy":"product_brand","embeddable":true,"href":"https:\/\/ceasuri.md\/ru\/wp-json\/wp\/v2\/product_brand?post=41458"},{"taxonomy":"product_cat","embeddable":true,"href":"https:\/\/ceasuri.md\/ru\/wp-json\/wp\/v2\/product_cat?post=41458"},{"taxonomy":"product_tag","embeddable":true,"href":"https:\/\/ceasuri.md\/ru\/wp-json\/wp\/v2\/product_tag?post=41458"}],"curies":[{"name":"wp","href":"https:\/\/api.w.org\/{rel}","templated":true}]}}