{"id":41386,"date":"2026-04-02T21:46:30","date_gmt":"2026-04-02T18:46:30","guid":{"rendered":"http:\/\/new.ceasuri.md\/shop\/uncategorized\/anne-klein-leather-10-9918rglp\/"},"modified":"2026-04-20T00:03:06","modified_gmt":"2026-04-19T21:03:06","slug":"anne-klein-leather-10-9918rglp","status":"publish","type":"product","link":"https:\/\/ceasuri.md\/ru\/shop\/branduri\/anne-klein\/anne-klein-leather-10-9918rglp\/","title":{"rendered":"\u0427\u0430\u0441\u044b ANNE KLEIN LEATHER 10\/9918RGLP"},"content":{"rendered":"<p>Acest ceas elegant pentru femei de la Anne Klein are o carcas\u0103 din o\u021bel inoxidabil cu o curea coordonat\u0103 din piele de vi\u021bel.<\/p>\n<p>Cadranul din nuc\u0103 de perl\u0103 pune \u00een scen\u0103 m\u00e2inile din aur roz \u0219i cifrele romane orare pentru o indicare precis\u0103 a timpului.<\/p>","protected":false},"excerpt":{"rendered":"<p>Acest ceas elegant pentru femei de la Anne Klein are o carcas\u0103 din o\u021bel inoxidabil cu o curea coordonat\u0103 din piele de vi\u021bel. Cadranul din nuc\u0103 de perl\u0103 pune \u00een scen\u0103 m\u00e2inile din aur roz \u0219i cifrele romane orare pentru o indicare precis\u0103 a timpului.<\/p>","protected":false},"featured_media":41387,"comment_status":"closed","ping_status":"open","template":"","meta":{"_acf_changed":false},"product_brand":[],"product_cat":[573,25],"product_tag":[],"class_list":{"0":"post-41386","1":"product","2":"type-product","3":"status-publish","4":"has-post-thumbnail","6":"product_cat-anne-klein","7":"product_cat-ceasuri-dama","8":"pa_brand-anne-klein","9":"pa_braslet-piele","10":"pa_corpus-34-mm","11":"pa_forma-rotund","12":"pa_garatia-24-luni","13":"pa_korpus-roz-gold","14":"pa_kvarc-quartz","15":"pa_material-alama","16":"pa_mehanizm-quartz","17":"pa_remeshok-bej","18":"pa_steklo-cristal-mineral","19":"pa_strana-sua","20":"pa_voda-3-atm","22":"first","23":"instock","24":"purchasable","25":"product-type-simple"},"acf":[],"_links":{"self":[{"href":"https:\/\/ceasuri.md\/ru\/wp-json\/wp\/v2\/product\/41386","targetHints":{"allow":["GET"]}}],"collection":[{"href":"https:\/\/ceasuri.md\/ru\/wp-json\/wp\/v2\/product"}],"about":[{"href":"https:\/\/ceasuri.md\/ru\/wp-json\/wp\/v2\/types\/product"}],"replies":[{"embeddable":true,"href":"https:\/\/ceasuri.md\/ru\/wp-json\/wp\/v2\/comments?post=41386"}],"wp:featuredmedia":[{"embeddable":true,"href":"https:\/\/ceasuri.md\/ru\/wp-json\/wp\/v2\/media\/41387"}],"wp:attachment":[{"href":"https:\/\/ceasuri.md\/ru\/wp-json\/wp\/v2\/media?parent=41386"}],"wp:term":[{"taxonomy":"product_brand","embeddable":true,"href":"https:\/\/ceasuri.md\/ru\/wp-json\/wp\/v2\/product_brand?post=41386"},{"taxonomy":"product_cat","embeddable":true,"href":"https:\/\/ceasuri.md\/ru\/wp-json\/wp\/v2\/product_cat?post=41386"},{"taxonomy":"product_tag","embeddable":true,"href":"https:\/\/ceasuri.md\/ru\/wp-json\/wp\/v2\/product_tag?post=41386"}],"curies":[{"name":"wp","href":"https:\/\/api.w.org\/{rel}","templated":true}]}}