{"id":41361,"date":"2026-04-02T21:46:30","date_gmt":"2026-04-02T18:46:30","guid":{"rendered":"http:\/\/new.ceasuri.md\/shop\/uncategorized\/rotary-ladies-bracelet-lb02391-41s\/"},"modified":"2026-04-20T00:44:52","modified_gmt":"2026-04-19T21:44:52","slug":"rotary-ladies-bracelet-lb02391-41s","status":"publish","type":"product","link":"https:\/\/ceasuri.md\/ru\/shop\/branduri\/rotary\/rotary-ladies-bracelet-lb02391-41s\/","title":{"rendered":"\u0427\u0430\u0441\u044b ROTARY LADIES BRACELET LB02391\/41S"},"content":{"rendered":"<p>Simpl\u0103, clasic\u0103 \u0219i cu un design moderat care nu iese \u00een eviden\u021b\u0103, colec\u021bia de la Rotary este perfect\u0103 pentru via\u021ba de zi cu zi \u00een marile ora\u0219e.<\/p>\n<p>Subliniat\u0103, caracterizat\u0103 de o estetic\u0103 perfect\u0103 \u0219i un design renumit, reprezint\u0103 adev\u0103rata \u00eentruchipare a simplit\u0103\u021bii estetice \u0219i a func\u021bionalit\u0103\u021bii pragmatice.<\/p>","protected":false},"excerpt":{"rendered":"<p>Simpl\u0103, clasic\u0103 \u0219i cu un design moderat care nu iese \u00een eviden\u021b\u0103, colec\u021bia de la Rotary este perfect\u0103 pentru via\u021ba de zi cu zi \u00een marile ora\u0219e. Subliniat\u0103, caracterizat\u0103 de o estetic\u0103 perfect\u0103 \u0219i un design renumit, reprezint\u0103 adev\u0103rata \u00eentruchipare a simplit\u0103\u021bii estetice \u0219i a func\u021bionalit\u0103\u021bii pragmatice.<\/p>","protected":false},"featured_media":41362,"comment_status":"closed","ping_status":"open","template":"","meta":{"_acf_changed":false},"product_brand":[],"product_cat":[25,601,26],"product_tag":[],"class_list":{"0":"post-41361","1":"product","2":"type-product","3":"status-publish","4":"has-post-thumbnail","6":"product_cat-ceasuri-dama","7":"product_cat-rotary","8":"product_cat-sale-ceas-de-dama","9":"pa_brand-rotary","10":"pa_braslet-otel-inoxidabil","11":"pa_corpus-12-mm","12":"pa_decor-cristale-swarowski","13":"pa_forma-atipica","14":"pa_garatia-6-luni","15":"pa_korpus-argintiu","16":"pa_kvarc-quartz","17":"pa_material-otel-inoxidabil","18":"pa_mehanizm-quartz","19":"pa_remeshok-argintiu","20":"pa_steklo-cristal-safir","21":"pa_strana-elvetia","22":"pa_voda-3-atm","24":"first","25":"instock","26":"sale","27":"purchasable","28":"product-type-simple"},"acf":[],"_links":{"self":[{"href":"https:\/\/ceasuri.md\/ru\/wp-json\/wp\/v2\/product\/41361","targetHints":{"allow":["GET"]}}],"collection":[{"href":"https:\/\/ceasuri.md\/ru\/wp-json\/wp\/v2\/product"}],"about":[{"href":"https:\/\/ceasuri.md\/ru\/wp-json\/wp\/v2\/types\/product"}],"replies":[{"embeddable":true,"href":"https:\/\/ceasuri.md\/ru\/wp-json\/wp\/v2\/comments?post=41361"}],"wp:featuredmedia":[{"embeddable":true,"href":"https:\/\/ceasuri.md\/ru\/wp-json\/wp\/v2\/media\/41362"}],"wp:attachment":[{"href":"https:\/\/ceasuri.md\/ru\/wp-json\/wp\/v2\/media?parent=41361"}],"wp:term":[{"taxonomy":"product_brand","embeddable":true,"href":"https:\/\/ceasuri.md\/ru\/wp-json\/wp\/v2\/product_brand?post=41361"},{"taxonomy":"product_cat","embeddable":true,"href":"https:\/\/ceasuri.md\/ru\/wp-json\/wp\/v2\/product_cat?post=41361"},{"taxonomy":"product_tag","embeddable":true,"href":"https:\/\/ceasuri.md\/ru\/wp-json\/wp\/v2\/product_tag?post=41361"}],"curies":[{"name":"wp","href":"https:\/\/api.w.org\/{rel}","templated":true}]}}