{"id":41317,"date":"2026-04-02T21:45:44","date_gmt":"2026-04-02T18:45:44","guid":{"rendered":"http:\/\/new.ceasuri.md\/shop\/uncategorized\/orient-contemporary-ra-nb0101b10b\/"},"modified":"2026-04-07T04:00:56","modified_gmt":"2026-04-07T01:00:56","slug":"orient-contemporary-ra-nb0101b10b","status":"publish","type":"product","link":"https:\/\/ceasuri.md\/ru\/shop\/branduri\/orient\/orient-contemporary-ra-nb0101b10b\/","title":{"rendered":"Ceas ORIENT CONTEMPORARY RA-NB0101B10B"},"content":{"rendered":"<p>Acest ceas mecanic prezint\u0103 o carcas\u0103 din o\u021bel inoxidabil \u0219i un cadran negru elegant.<\/p>\n<p>In completarea designului s\u0103u sofisticat se afl\u0103 un index cu bare drepte \u00eentinse \u0219i un marker orar din pietre pre\u021bioase pe cadran.<\/p>\n<p>Acest model suport\u0103 un timp de func\u021bionare continu\u0103 de 40 de ore \u0219i o rezisten\u021b\u0103 la ap\u0103 de 100 de metri.<\/p>","protected":false},"excerpt":{"rendered":"<p>Acest ceas mecanic prezint\u0103 o carcas\u0103 din o\u021bel inoxidabil \u0219i un cadran negru elegant. In completarea designului s\u0103u sofisticat se afl\u0103 un index cu bare drepte \u00eentinse \u0219i un marker orar din pietre pre\u021bioase pe cadran. Acest model suport\u0103 un timp de func\u021bionare continu\u0103 de 40 de ore \u0219i o rezisten\u021b\u0103 la ap\u0103 de 100 [&hellip;]<\/p>\n","protected":false},"featured_media":41318,"comment_status":"closed","ping_status":"open","template":"","meta":{"_acf_changed":false},"product_brand":[],"product_cat":[25,596],"product_tag":[],"class_list":{"0":"post-41317","1":"product","2":"type-product","3":"status-publish","4":"has-post-thumbnail","6":"product_cat-ceasuri-dama","7":"product_cat-orient","8":"pa_brand-orient","9":"pa_braslet-otel-inoxidabil","10":"pa_corpus-32-mm","11":"pa_decor-cristale-swarowski","12":"pa_forma-rotund","13":"pa_garatia-24-luni","14":"pa_korpus-argintiu","15":"pa_material-otel-inoxidabil","16":"pa_mehanizm-mecanic","17":"pa_mehanizm-mecanism-automatic","18":"pa_remeshok-argintiu","19":"pa_steklo-cristal-mineral","20":"pa_strana-japonia","21":"pa_voda-10-atm","23":"first","24":"instock","25":"purchasable","26":"product-type-simple"},"acf":[],"_links":{"self":[{"href":"https:\/\/ceasuri.md\/ru\/wp-json\/wp\/v2\/product\/41317","targetHints":{"allow":["GET"]}}],"collection":[{"href":"https:\/\/ceasuri.md\/ru\/wp-json\/wp\/v2\/product"}],"about":[{"href":"https:\/\/ceasuri.md\/ru\/wp-json\/wp\/v2\/types\/product"}],"replies":[{"embeddable":true,"href":"https:\/\/ceasuri.md\/ru\/wp-json\/wp\/v2\/comments?post=41317"}],"wp:featuredmedia":[{"embeddable":true,"href":"https:\/\/ceasuri.md\/ru\/wp-json\/wp\/v2\/media\/41318"}],"wp:attachment":[{"href":"https:\/\/ceasuri.md\/ru\/wp-json\/wp\/v2\/media?parent=41317"}],"wp:term":[{"taxonomy":"product_brand","embeddable":true,"href":"https:\/\/ceasuri.md\/ru\/wp-json\/wp\/v2\/product_brand?post=41317"},{"taxonomy":"product_cat","embeddable":true,"href":"https:\/\/ceasuri.md\/ru\/wp-json\/wp\/v2\/product_cat?post=41317"},{"taxonomy":"product_tag","embeddable":true,"href":"https:\/\/ceasuri.md\/ru\/wp-json\/wp\/v2\/product_tag?post=41317"}],"curies":[{"name":"wp","href":"https:\/\/api.w.org\/{rel}","templated":true}]}}