{"id":41313,"date":"2026-04-02T21:45:44","date_gmt":"2026-04-02T18:45:44","guid":{"rendered":"http:\/\/new.ceasuri.md\/shop\/uncategorized\/orient-sports-taa02002d9\/"},"modified":"2026-04-07T04:00:56","modified_gmt":"2026-04-07T01:00:56","slug":"orient-sports-taa02002d9","status":"publish","type":"product","link":"https:\/\/ceasuri.md\/ru\/shop\/branduri\/orient\/orient-sports-taa02002d9\/","title":{"rendered":"Ceas ORIENT SPORTS TAA02002D9"},"content":{"rendered":"<p>Acest ceas sport mecanic, cel mai bine v\u00e2ndut, prezint\u0103 un design sub\u021bire al carcasei, potrivit pentru afaceri \u0219i aventuri \u00een aer liber.<\/p>\n<p>Ceasul elegant \u0219i sportiv are o carcas\u0103 \u0219i o band\u0103 din o\u021bel inoxidabil, un cadran albastru \u0219i o coroan\u0103 \u00een\u0219urubat\u0103 pentru a maximiza rezisten\u021ba la ap\u0103.<\/p>\n<p>Ceasul ofer\u0103, de asemenea, o lunet\u0103 rotativ\u0103 unidirec\u021bional\u0103 albastr\u0103, m\u00e2ini argintii cu accente luminoase, un orificiu convenabil pentru dat\u0103 \u0219i cifre arabe plasate \u00een pozi\u021biile de la ora 12, 6 \u0219i 9.<\/p>\n<p>Cu o rezisten\u021b\u0103 la ap\u0103 de 200 de metri, este excelent pentru scufund\u0103ri \u00een piele.<\/p>","protected":false},"excerpt":{"rendered":"<p>Acest ceas sport mecanic, cel mai bine v\u00e2ndut, prezint\u0103 un design sub\u021bire al carcasei, potrivit pentru afaceri \u0219i aventuri \u00een aer liber. Ceasul elegant \u0219i sportiv are o carcas\u0103 \u0219i o band\u0103 din o\u021bel inoxidabil, un cadran albastru \u0219i o coroan\u0103 \u00een\u0219urubat\u0103 pentru a maximiza rezisten\u021ba la ap\u0103. Ceasul ofer\u0103, de asemenea, o lunet\u0103 rotativ\u0103 [&hellip;]<\/p>\n","protected":false},"featured_media":41314,"comment_status":"closed","ping_status":"open","template":"","meta":{"_acf_changed":false},"product_brand":[],"product_cat":[20,596],"product_tag":[],"class_list":{"0":"post-41313","1":"product","2":"type-product","3":"status-publish","4":"has-post-thumbnail","6":"product_cat-ceasuri-barbati","7":"product_cat-orient","8":"pa_brand-orient","9":"pa_braslet-otel-inoxidabil","10":"pa_corpus-42-mm","11":"pa_forma-rotund","12":"pa_funcii-data","13":"pa_funcii-iluminare-fluorescenta","14":"pa_funcii-ziua-saptamanii","15":"pa_garatia-24-luni","16":"pa_korpus-argintiu","17":"pa_material-otel-inoxidabil","18":"pa_mehanizm-mecanic","19":"pa_mehanizm-mecanism-automatic","20":"pa_remeshok-argintiu","21":"pa_steklo-cristal-mineral","22":"pa_strana-japonia","23":"pa_voda-20-atm","25":"first","26":"instock","27":"purchasable","28":"product-type-simple"},"acf":[],"_links":{"self":[{"href":"https:\/\/ceasuri.md\/ru\/wp-json\/wp\/v2\/product\/41313","targetHints":{"allow":["GET"]}}],"collection":[{"href":"https:\/\/ceasuri.md\/ru\/wp-json\/wp\/v2\/product"}],"about":[{"href":"https:\/\/ceasuri.md\/ru\/wp-json\/wp\/v2\/types\/product"}],"replies":[{"embeddable":true,"href":"https:\/\/ceasuri.md\/ru\/wp-json\/wp\/v2\/comments?post=41313"}],"wp:featuredmedia":[{"embeddable":true,"href":"https:\/\/ceasuri.md\/ru\/wp-json\/wp\/v2\/media\/41314"}],"wp:attachment":[{"href":"https:\/\/ceasuri.md\/ru\/wp-json\/wp\/v2\/media?parent=41313"}],"wp:term":[{"taxonomy":"product_brand","embeddable":true,"href":"https:\/\/ceasuri.md\/ru\/wp-json\/wp\/v2\/product_brand?post=41313"},{"taxonomy":"product_cat","embeddable":true,"href":"https:\/\/ceasuri.md\/ru\/wp-json\/wp\/v2\/product_cat?post=41313"},{"taxonomy":"product_tag","embeddable":true,"href":"https:\/\/ceasuri.md\/ru\/wp-json\/wp\/v2\/product_tag?post=41313"}],"curies":[{"name":"wp","href":"https:\/\/api.w.org\/{rel}","templated":true}]}}