{"id":41302,"date":"2026-04-02T21:45:44","date_gmt":"2026-04-02T18:45:44","guid":{"rendered":"http:\/\/new.ceasuri.md\/shop\/uncategorized\/orient-contemporary-ra-ac0j06s30b\/"},"modified":"2026-04-07T04:00:52","modified_gmt":"2026-04-07T01:00:52","slug":"orient-contemporary-ra-ac0j06s30b","status":"publish","type":"product","link":"https:\/\/ceasuri.md\/ru\/shop\/branduri\/orient\/orient-contemporary-ra-ac0j06s30b\/","title":{"rendered":"Ceas ORIENT CONTEMPORARY RA-AC0J06S30B"},"content":{"rendered":"<p>Acest model include mi\u0219carea automat\u0103 fiabil\u0103 \u0219i precis\u0103 fabricat\u0103 de ORIENT, care poate fi admirat\u0103 prin spatele transparent al carcasei<\/p>\n<p>. <\/p>\n<p>Designul general prezint\u0103 o lunet\u0103 sub\u021bire, un cadran lat \u0219i laturi conice ale carcasei, pentru un profil sub\u021bire la \u00eencheietura m\u00e2inii. Toate aceste caracteristici subtile de design contribuie la un aspect curat, simplu \u0219i rafinat.<\/p>\n<p>\u0218i acesta are un afi\u0219aj al orei cu trei m\u00e2ini, o fereastr\u0103 pentru dat\u0103 \u0219i un cadran larg \u0219i foarte lizibil.<\/p>\n<p>Designul curat \u0219i clar le face ideale pentru utilizarea zilnic\u0103.<\/p>","protected":false},"excerpt":{"rendered":"<p>Acest model include mi\u0219carea automat\u0103 fiabil\u0103 \u0219i precis\u0103 fabricat\u0103 de ORIENT, care poate fi admirat\u0103 prin spatele transparent al carcasei . Designul general prezint\u0103 o lunet\u0103 sub\u021bire, un cadran lat \u0219i laturi conice ale carcasei, pentru un profil sub\u021bire la \u00eencheietura m\u00e2inii. Toate aceste caracteristici subtile de design contribuie la un aspect curat, simplu \u0219i [&hellip;]<\/p>\n","protected":false},"featured_media":41303,"comment_status":"closed","ping_status":"open","template":"","meta":{"_acf_changed":false},"product_brand":[],"product_cat":[20,596],"product_tag":[],"class_list":{"0":"post-41302","1":"product","2":"type-product","3":"status-publish","4":"has-post-thumbnail","6":"product_cat-ceasuri-barbati","7":"product_cat-orient","8":"pa_brand-orient","9":"pa_braslet-piele","10":"pa_corpus-42-mm","11":"pa_forma-rotund","12":"pa_funcii-data","13":"pa_garatia-24-luni","14":"pa_korpus-argintiu","15":"pa_material-otel-inoxidabil","16":"pa_mehanizm-mecanic","17":"pa_mehanizm-mecanism-automatic","18":"pa_remeshok-maro","19":"pa_steklo-cristal-mineral","20":"pa_strana-japonia","21":"pa_voda-5-atm","23":"first","24":"instock","25":"purchasable","26":"product-type-simple"},"acf":[],"_links":{"self":[{"href":"https:\/\/ceasuri.md\/ru\/wp-json\/wp\/v2\/product\/41302","targetHints":{"allow":["GET"]}}],"collection":[{"href":"https:\/\/ceasuri.md\/ru\/wp-json\/wp\/v2\/product"}],"about":[{"href":"https:\/\/ceasuri.md\/ru\/wp-json\/wp\/v2\/types\/product"}],"replies":[{"embeddable":true,"href":"https:\/\/ceasuri.md\/ru\/wp-json\/wp\/v2\/comments?post=41302"}],"wp:featuredmedia":[{"embeddable":true,"href":"https:\/\/ceasuri.md\/ru\/wp-json\/wp\/v2\/media\/41303"}],"wp:attachment":[{"href":"https:\/\/ceasuri.md\/ru\/wp-json\/wp\/v2\/media?parent=41302"}],"wp:term":[{"taxonomy":"product_brand","embeddable":true,"href":"https:\/\/ceasuri.md\/ru\/wp-json\/wp\/v2\/product_brand?post=41302"},{"taxonomy":"product_cat","embeddable":true,"href":"https:\/\/ceasuri.md\/ru\/wp-json\/wp\/v2\/product_cat?post=41302"},{"taxonomy":"product_tag","embeddable":true,"href":"https:\/\/ceasuri.md\/ru\/wp-json\/wp\/v2\/product_tag?post=41302"}],"curies":[{"name":"wp","href":"https:\/\/api.w.org\/{rel}","templated":true}]}}