{"id":41256,"date":"2026-04-02T21:45:44","date_gmt":"2026-04-02T18:45:44","guid":{"rendered":"http:\/\/new.ceasuri.md\/shop\/uncategorized\/orient-classic-ra-ag0028l30b\/"},"modified":"2026-04-07T04:00:44","modified_gmt":"2026-04-07T01:00:44","slug":"orient-classic-ra-ag0028l30b","status":"publish","type":"product","link":"https:\/\/ceasuri.md\/ru\/shop\/branduri\/orient\/orient-classic-ra-ag0028l30b\/","title":{"rendered":"Ceas ORIENT CLASSIC RA-AG0028L30B"},"content":{"rendered":"<p>Prezent\u00e2nd o combina\u021bie uimitoare de alur\u0103 clasic\u0103 \u0219i de realizare superioar\u0103 a ceasurilor, acest nou ceas mecanic ORIENT 40,5 mm prezint\u0103 mai multe caracteristici captivante. Geamul rotunjit cu cutie rotunjit\u0103 al ceasului \u00eencadreaz\u0103 elegant cadranul bombat argintiu curbat, \u00eencadrat \u00eentr-o frumoas\u0103 carcas\u0103 din o\u021bel inoxidabil. \u00cembun\u0103t\u0103\u021birea esteticii izbitoare este un spate atractiv \u0219i transparent al carcasei. Alte caracteristici distincte includ o vedere semi-scheletulat\u0103, o band\u0103 atr\u0103g\u0103toare pentru toate ocaziile, m\u00e2ini elegante \u0219i o coroan\u0103 cu \u00eenf\u0103\u0219urare manual\u0103 cu func\u021bionalitate automat\u0103. Ceasul rafinat suport\u0103 o rezisten\u021b\u0103 la ap\u0103 de 30 de metri.<\/p>","protected":false},"excerpt":{"rendered":"<p>Prezent\u00e2nd o combina\u021bie uimitoare de alur\u0103 clasic\u0103 \u0219i de realizare superioar\u0103 a ceasurilor, acest nou ceas mecanic ORIENT 40,5 mm prezint\u0103 mai multe caracteristici captivante. Geamul rotunjit cu cutie rotunjit\u0103 al ceasului \u00eencadreaz\u0103 elegant cadranul bombat argintiu curbat, \u00eencadrat \u00eentr-o frumoas\u0103 carcas\u0103 din o\u021bel inoxidabil. \u00cembun\u0103t\u0103\u021birea esteticii izbitoare este un spate atractiv \u0219i transparent al [&hellip;]<\/p>\n","protected":false},"featured_media":41257,"comment_status":"closed","ping_status":"open","template":"","meta":{"_acf_changed":false},"product_brand":[],"product_cat":[20,596],"product_tag":[],"class_list":{"0":"post-41256","1":"product","2":"type-product","3":"status-publish","4":"has-post-thumbnail","6":"product_cat-ceasuri-barbati","7":"product_cat-orient","8":"pa_brand-orient","9":"pa_braslet-otel-inoxidabil","10":"pa_corpus-41-mm","11":"pa_forma-rotund","12":"pa_funcii-semischelet","13":"pa_garatia-24-luni","14":"pa_korpus-argintiu","15":"pa_material-otel-inoxidabil","16":"pa_mehanizm-mecanic","17":"pa_mehanizm-mecanism-automatic","18":"pa_remeshok-argintiu","19":"pa_steklo-cristal-mineral","20":"pa_strana-japonia","21":"pa_voda-3-atm","23":"first","24":"instock","25":"purchasable","26":"product-type-simple"},"acf":[],"_links":{"self":[{"href":"https:\/\/ceasuri.md\/ru\/wp-json\/wp\/v2\/product\/41256","targetHints":{"allow":["GET"]}}],"collection":[{"href":"https:\/\/ceasuri.md\/ru\/wp-json\/wp\/v2\/product"}],"about":[{"href":"https:\/\/ceasuri.md\/ru\/wp-json\/wp\/v2\/types\/product"}],"replies":[{"embeddable":true,"href":"https:\/\/ceasuri.md\/ru\/wp-json\/wp\/v2\/comments?post=41256"}],"wp:featuredmedia":[{"embeddable":true,"href":"https:\/\/ceasuri.md\/ru\/wp-json\/wp\/v2\/media\/41257"}],"wp:attachment":[{"href":"https:\/\/ceasuri.md\/ru\/wp-json\/wp\/v2\/media?parent=41256"}],"wp:term":[{"taxonomy":"product_brand","embeddable":true,"href":"https:\/\/ceasuri.md\/ru\/wp-json\/wp\/v2\/product_brand?post=41256"},{"taxonomy":"product_cat","embeddable":true,"href":"https:\/\/ceasuri.md\/ru\/wp-json\/wp\/v2\/product_cat?post=41256"},{"taxonomy":"product_tag","embeddable":true,"href":"https:\/\/ceasuri.md\/ru\/wp-json\/wp\/v2\/product_tag?post=41256"}],"curies":[{"name":"wp","href":"https:\/\/api.w.org\/{rel}","templated":true}]}}