{"id":41237,"date":"2021-11-30T22:42:00","date_gmt":"2021-11-30T20:42:00","guid":{"rendered":"http:\/\/new.ceasuri.md\/shop\/uncategorized\/orient-sports-ra-ac0h03b10b\/"},"modified":"2026-05-01T16:23:39","modified_gmt":"2026-05-01T13:23:39","slug":"orient-sports-ra-ac0h03b10b","status":"publish","type":"product","link":"https:\/\/ceasuri.md\/ru\/shop\/branduri\/orient\/orient-sports-ra-ac0h03b10b\/","title":{"rendered":"\u0427\u0430\u0441\u044b ORIENT SPORTS RA-AC0H03B10B"},"content":{"rendered":"<p>Acest ceas mecanic ORIENT \u00eentruchipeaz\u0103 caracteristicile necesare ca un ceas de stil de zbor.<\/p>\n<p>Designul ceasului pune accentul pe u\u0219urin\u021ba de citire \u0219i pe o senza\u021bie de instrument. Toate acele \u0219i indicii folosesc lumin\u0103 luminoas\u0103 \u0219i sunt u\u0219or de v\u0103zut \u00een \u00eentuneric.<\/p>\n<p>Caracteristicile notabile suplimentare includ o band\u0103 de piele elegant\u0103 pentru toate ocaziile, diafragm\u0103 pentru dat\u0103 \u0219i coroan\u0103 cu \u00eenf\u0103\u0219urare manual\u0103 cu func\u021bionalitate automat\u0103.<\/p>\n<p>Ceasul func\u021bioneaz\u0103 mai mult de 40 de ore \u0219i suport\u0103 o rezisten\u021b\u0103 la ap\u0103 de 100 de metri.<\/p>","protected":false},"excerpt":{"rendered":"<p>Acest ceas mecanic ORIENT \u00eentruchipeaz\u0103 caracteristicile necesare ca un ceas de stil de zbor. Designul ceasului pune accentul pe u\u0219urin\u021ba de citire \u0219i pe o senza\u021bie de instrument. Toate acele \u0219i indicii folosesc lumin\u0103 luminoas\u0103 \u0219i sunt u\u0219or de v\u0103zut \u00een \u00eentuneric. Caracteristicile notabile suplimentare includ o band\u0103 de piele elegant\u0103 pentru toate ocaziile, diafragm\u0103 [&hellip;]<\/p>\n","protected":false},"featured_media":41238,"comment_status":"closed","ping_status":"open","template":"","meta":{"_acf_changed":false},"product_brand":[],"product_cat":[20,596],"product_tag":[],"class_list":{"0":"post-41237","1":"product","2":"type-product","3":"status-publish","4":"has-post-thumbnail","6":"product_cat-ceasuri-barbati","7":"product_cat-orient","8":"pa_brand-orient","9":"pa_braslet-piele","10":"pa_corpus-42-mm","11":"pa_forma-rotund","12":"pa_funcii-data","13":"pa_funcii-iluminare-fluorescenta","14":"pa_garatia-24-luni","15":"pa_korpus-argintiu","16":"pa_material-otel-inoxidabil","17":"pa_mehanizm-mecanic","18":"pa_mehanizm-mecanism-automatic","19":"pa_remeshok-negru","20":"pa_steklo-cristal-mineral","21":"pa_strana-japonia","22":"pa_voda-10-atm","24":"first","25":"instock","26":"purchasable","27":"product-type-simple"},"acf":[],"_links":{"self":[{"href":"https:\/\/ceasuri.md\/ru\/wp-json\/wp\/v2\/product\/41237","targetHints":{"allow":["GET"]}}],"collection":[{"href":"https:\/\/ceasuri.md\/ru\/wp-json\/wp\/v2\/product"}],"about":[{"href":"https:\/\/ceasuri.md\/ru\/wp-json\/wp\/v2\/types\/product"}],"replies":[{"embeddable":true,"href":"https:\/\/ceasuri.md\/ru\/wp-json\/wp\/v2\/comments?post=41237"}],"wp:featuredmedia":[{"embeddable":true,"href":"https:\/\/ceasuri.md\/ru\/wp-json\/wp\/v2\/media\/41238"}],"wp:attachment":[{"href":"https:\/\/ceasuri.md\/ru\/wp-json\/wp\/v2\/media?parent=41237"}],"wp:term":[{"taxonomy":"product_brand","embeddable":true,"href":"https:\/\/ceasuri.md\/ru\/wp-json\/wp\/v2\/product_brand?post=41237"},{"taxonomy":"product_cat","embeddable":true,"href":"https:\/\/ceasuri.md\/ru\/wp-json\/wp\/v2\/product_cat?post=41237"},{"taxonomy":"product_tag","embeddable":true,"href":"https:\/\/ceasuri.md\/ru\/wp-json\/wp\/v2\/product_tag?post=41237"}],"curies":[{"name":"wp","href":"https:\/\/api.w.org\/{rel}","templated":true}]}}